{"id":135882,"date":"2023-11-10T08:33:50","date_gmt":"2023-11-10T07:33:50","guid":{"rendered":"https:\/\/www.sylvie-monthule.com\/?post_type=product&#038;p=135882"},"modified":"2025-10-06T08:06:36","modified_gmt":"2025-10-06T07:06:36","slug":"chaine-de-fesses-jardin-secret-or","status":"publish","type":"product","link":"https:\/\/www.sylvie-monthule.com\/fr\/bijou\/chaine-de-fesses-jardin-secret-or\/","title":{"rendered":"Chaine de fesses Jardin Secret Or"},"content":{"rendered":"<p>La feuille d&rsquo;Or lov\u00e9e dans le creux de vos reins sacre votre nudit\u00e9. Et le feuillage fait corps avec vos courbes, glisse son pendentif entre les dunes de vos fesses, s&rsquo;abandonne \u00e0 votre beaut\u00e9&#8230; Les deux pierres captives font scintiller leurs \u00e9clats cristallins comme si la ros\u00e9e venait de se d\u00e9poser sur votre peau&#8230;<\/p>\n","protected":false},"excerpt":{"rendered":"<p>Indiquez dans le bloc taille votre choix :<br \/>\nS, M, L, XL&#8230;. Quelle que soit la taille choisie<br \/>\nnos bijoux taille ont un r\u00e9glage.<\/p>\n<p>Feuille et ornements :<br \/>\n1 micron 16 carats et finition 24 carats sur m\u00e9tal.<br \/>\nPierres en verre coloris cristal.<br \/>\nHauteur feuille : 3 cm (env)<br \/>\nHypoallerg\u00e9nique.<\/p>\n","protected":false},"featured_media":135335,"template":"","meta":{"_acf_changed":false},"product_brand":[],"product_cat":[58,67],"product_tag":[],"class_list":{"0":"post-135882","1":"product","2":"type-product","3":"status-publish","4":"has-post-thumbnail","6":"product_cat-bijou-intime-femme","7":"product_cat-bijoux-taille-et-cheville","8":"collection-30-ans-derotisme","9":"collection-le-jardin-defendu","11":"first","12":"instock","13":"taxable","14":"shipping-taxable","15":"purchasable","16":"product-type-variable","17":"has-default-attributes"},"acf":[],"_links":{"self":[{"href":"https:\/\/www.sylvie-monthule.com\/fr\/wp-json\/wp\/v2\/product\/135882","targetHints":{"allow":["GET"]}}],"collection":[{"href":"https:\/\/www.sylvie-monthule.com\/fr\/wp-json\/wp\/v2\/product"}],"about":[{"href":"https:\/\/www.sylvie-monthule.com\/fr\/wp-json\/wp\/v2\/types\/product"}],"wp:featuredmedia":[{"embeddable":true,"href":"https:\/\/www.sylvie-monthule.com\/fr\/wp-json\/wp\/v2\/media\/135335"}],"wp:attachment":[{"href":"https:\/\/www.sylvie-monthule.com\/fr\/wp-json\/wp\/v2\/media?parent=135882"}],"wp:term":[{"taxonomy":"product_brand","embeddable":true,"href":"https:\/\/www.sylvie-monthule.com\/fr\/wp-json\/wp\/v2\/product_brand?post=135882"},{"taxonomy":"product_cat","embeddable":true,"href":"https:\/\/www.sylvie-monthule.com\/fr\/wp-json\/wp\/v2\/product_cat?post=135882"},{"taxonomy":"product_tag","embeddable":true,"href":"https:\/\/www.sylvie-monthule.com\/fr\/wp-json\/wp\/v2\/product_tag?post=135882"}],"curies":[{"name":"wp","href":"https:\/\/api.w.org\/{rel}","templated":true}]}}