{"id":135877,"date":"2023-11-10T08:33:54","date_gmt":"2023-11-10T07:33:54","guid":{"rendered":"https:\/\/www.sylvie-monthule.com\/?post_type=product&#038;p=135877"},"modified":"2025-01-10T11:40:12","modified_gmt":"2025-01-10T10:40:12","slug":"bijou-cheville-eclat-bleu","status":"publish","type":"product","link":"https:\/\/www.sylvie-monthule.com\/fr\/bijou\/bijou-cheville-eclat-bleu\/","title":{"rendered":"Bijou cheville Eclat bleu"},"content":{"rendered":"<p>Comme un \u00e9clat de ciel suspendu \u00e0 la chaine d&rsquo;Argent enla\u00e7ant votre cheville&#8230;<\/p>\n","protected":false},"excerpt":{"rendered":"<p>Chaine cheville plaqu\u00e9 argent<br \/>\navec r\u00e9glages \u00e0 22 et 25 cm.<br \/>\nPendentif pierre en verre bleu aigue-marine.<\/p>\n","protected":false},"featured_media":135251,"template":"","meta":{"_acf_changed":false},"product_brand":[],"product_cat":[58,67],"product_tag":[],"class_list":{"0":"post-135877","1":"product","2":"type-product","3":"status-publish","4":"has-post-thumbnail","6":"product_cat-bijou-intime-femme","7":"product_cat-bijoux-taille-et-cheville","8":"collection-le-jardin-defendu","10":"first","11":"instock","12":"taxable","13":"shipping-taxable","14":"purchasable","15":"product-type-simple"},"acf":[],"_links":{"self":[{"href":"https:\/\/www.sylvie-monthule.com\/fr\/wp-json\/wp\/v2\/product\/135877","targetHints":{"allow":["GET"]}}],"collection":[{"href":"https:\/\/www.sylvie-monthule.com\/fr\/wp-json\/wp\/v2\/product"}],"about":[{"href":"https:\/\/www.sylvie-monthule.com\/fr\/wp-json\/wp\/v2\/types\/product"}],"wp:featuredmedia":[{"embeddable":true,"href":"https:\/\/www.sylvie-monthule.com\/fr\/wp-json\/wp\/v2\/media\/135251"}],"wp:attachment":[{"href":"https:\/\/www.sylvie-monthule.com\/fr\/wp-json\/wp\/v2\/media?parent=135877"}],"wp:term":[{"taxonomy":"product_brand","embeddable":true,"href":"https:\/\/www.sylvie-monthule.com\/fr\/wp-json\/wp\/v2\/product_brand?post=135877"},{"taxonomy":"product_cat","embeddable":true,"href":"https:\/\/www.sylvie-monthule.com\/fr\/wp-json\/wp\/v2\/product_cat?post=135877"},{"taxonomy":"product_tag","embeddable":true,"href":"https:\/\/www.sylvie-monthule.com\/fr\/wp-json\/wp\/v2\/product_tag?post=135877"}],"curies":[{"name":"wp","href":"https:\/\/api.w.org\/{rel}","templated":true}]}}