{"id":135866,"date":"2023-11-10T08:33:57","date_gmt":"2023-11-10T07:33:57","guid":{"rendered":"https:\/\/www.sylvie-monthule.com\/?post_type=product&#038;p=135866"},"modified":"2025-09-10T16:33:37","modified_gmt":"2025-09-10T15:33:37","slug":"collier-seins-jardin-secret-or","status":"publish","type":"product","link":"https:\/\/www.sylvie-monthule.com\/fr\/bijou\/collier-seins-jardin-secret-or\/","title":{"rendered":"Collier seins Jardin Secret Or"},"content":{"rendered":"<p>Votre poitrine se pare d&rsquo;une feuille d&rsquo;Or pure et l\u00e9g\u00e8re, orn\u00e9e d&rsquo;une pierre aussi transparente que la ros\u00e9e. Et le doux feuillage effleure vos seins, invite ses chaines sensuelles \u00e0 fr\u00f4ler vos courbes, invite l&rsquo;Or et la lumi\u00e8re \u00e0 enlacer vos t\u00e9tons&#8230;<\/p>\n","protected":false},"excerpt":{"rendered":"<p>Gr\u00e2ce \u00e0 la chaine de r\u00e9glage cou,<br \/>\nvous ajusterez comme vous le souhaitez la position du pendentif.<br \/>\nCollier seins avec attaches-seins non piercing, indolores<br \/>\net coulissantes, s&rsquo;adaptant \u00e0 tous les diam\u00e8tres de t\u00e9tons<\/p>\n<p>Feuille et ornements :<br \/>\n1 micron 16 carats et finition 24 carats sur m\u00e9tal.<br \/>\nPierres en verre coloris cristal.<br \/>\nHauteur feuille : 3 cm (env)<br \/>\nHypoallerg\u00e9nique.<\/p>\n","protected":false},"featured_media":135507,"template":"","meta":{"_acf_changed":false},"product_brand":[],"product_cat":[58,69],"product_tag":[],"class_list":{"0":"post-135866","1":"product","2":"type-product","3":"status-publish","4":"has-post-thumbnail","6":"product_cat-bijou-intime-femme","7":"product_cat-bijoux-seins-non-piercing","8":"collection-le-jardin-defendu","10":"first","11":"instock","12":"taxable","13":"shipping-taxable","14":"purchasable","15":"product-type-simple"},"acf":[],"_links":{"self":[{"href":"https:\/\/www.sylvie-monthule.com\/fr\/wp-json\/wp\/v2\/product\/135866","targetHints":{"allow":["GET"]}}],"collection":[{"href":"https:\/\/www.sylvie-monthule.com\/fr\/wp-json\/wp\/v2\/product"}],"about":[{"href":"https:\/\/www.sylvie-monthule.com\/fr\/wp-json\/wp\/v2\/types\/product"}],"wp:featuredmedia":[{"embeddable":true,"href":"https:\/\/www.sylvie-monthule.com\/fr\/wp-json\/wp\/v2\/media\/135507"}],"wp:attachment":[{"href":"https:\/\/www.sylvie-monthule.com\/fr\/wp-json\/wp\/v2\/media?parent=135866"}],"wp:term":[{"taxonomy":"product_brand","embeddable":true,"href":"https:\/\/www.sylvie-monthule.com\/fr\/wp-json\/wp\/v2\/product_brand?post=135866"},{"taxonomy":"product_cat","embeddable":true,"href":"https:\/\/www.sylvie-monthule.com\/fr\/wp-json\/wp\/v2\/product_cat?post=135866"},{"taxonomy":"product_tag","embeddable":true,"href":"https:\/\/www.sylvie-monthule.com\/fr\/wp-json\/wp\/v2\/product_tag?post=135866"}],"curies":[{"name":"wp","href":"https:\/\/api.w.org\/{rel}","templated":true}]}}