{"id":135865,"date":"2023-11-10T08:33:57","date_gmt":"2023-11-10T07:33:57","guid":{"rendered":"https:\/\/www.sylvie-monthule.com\/?post_type=product&#038;p=135865"},"modified":"2025-01-10T11:41:17","modified_gmt":"2025-01-10T10:41:17","slug":"collier-seins-rose-damour-argent","status":"publish","type":"product","link":"https:\/\/www.sylvie-monthule.com\/fr\/bijou\/collier-seins-rose-damour-argent\/","title":{"rendered":"Collier seins Rose d&rsquo;Amour Argent"},"content":{"rendered":"<p>Une rose aux p\u00e9tales d&rsquo;Argent \u00e9tinc\u00e8le dans l&rsquo;\u00e9chancrure de votre d\u00e9collet\u00e9. Son c\u0153ur de velours semble abriter une perle miniature&#8230;. La rose laisse glisser une goutte v\u00eatue de bleu et d&rsquo;argent\u00a0 comme une larme de parfum sur la peau frissonnante. Et quand votre poitrine enfin nue r\u00e9v\u00e8le les chaines fr\u00f4lant vos seins et les \u00e9clats purs enla\u00e7ant vos t\u00e9tons, l&rsquo;amour se transforme en passion, en infinie volupt\u00e9&#8230;<\/p>\n","protected":false},"excerpt":{"rendered":"<p>Gr\u00e2ce \u00e0 la chaine de r\u00e9glage cou,<br \/>\nvous ajusterez comme vous le souhaitez la position du pendentif.<br \/>\nCollier seins avec attaches-seins non piercing, indolores<br \/>\net coulissantes, s&rsquo;adaptant \u00e0 tous les diam\u00e8tres de t\u00e9tons<\/p>\n<p>Rose et ornements :<br \/>\nPlaqu\u00e9 argent 10 microns sur m\u00e9tal.<br \/>\nPierres en verre coloris aigue-marine.<br \/>\nHauteur Rose : 2,5 cm (env)<br \/>\nHypoallerg\u00e9nique.<\/p>\n","protected":false},"featured_media":135483,"template":"","meta":{"_acf_changed":false},"product_brand":[],"product_cat":[58,69],"product_tag":[],"class_list":{"0":"post-135865","1":"product","2":"type-product","3":"status-publish","4":"has-post-thumbnail","6":"product_cat-bijou-intime-femme","7":"product_cat-bijoux-seins-non-piercing","8":"collection-le-jardin-defendu","10":"first","11":"instock","12":"taxable","13":"shipping-taxable","14":"purchasable","15":"product-type-simple"},"acf":[],"_links":{"self":[{"href":"https:\/\/www.sylvie-monthule.com\/fr\/wp-json\/wp\/v2\/product\/135865","targetHints":{"allow":["GET"]}}],"collection":[{"href":"https:\/\/www.sylvie-monthule.com\/fr\/wp-json\/wp\/v2\/product"}],"about":[{"href":"https:\/\/www.sylvie-monthule.com\/fr\/wp-json\/wp\/v2\/types\/product"}],"wp:featuredmedia":[{"embeddable":true,"href":"https:\/\/www.sylvie-monthule.com\/fr\/wp-json\/wp\/v2\/media\/135483"}],"wp:attachment":[{"href":"https:\/\/www.sylvie-monthule.com\/fr\/wp-json\/wp\/v2\/media?parent=135865"}],"wp:term":[{"taxonomy":"product_brand","embeddable":true,"href":"https:\/\/www.sylvie-monthule.com\/fr\/wp-json\/wp\/v2\/product_brand?post=135865"},{"taxonomy":"product_cat","embeddable":true,"href":"https:\/\/www.sylvie-monthule.com\/fr\/wp-json\/wp\/v2\/product_cat?post=135865"},{"taxonomy":"product_tag","embeddable":true,"href":"https:\/\/www.sylvie-monthule.com\/fr\/wp-json\/wp\/v2\/product_tag?post=135865"}],"curies":[{"name":"wp","href":"https:\/\/api.w.org\/{rel}","templated":true}]}}