{"id":135862,"date":"2023-11-10T08:33:58","date_gmt":"2023-11-10T07:33:58","guid":{"rendered":"https:\/\/www.sylvie-monthule.com\/?post_type=product&#038;p=135862"},"modified":"2025-01-10T11:41:16","modified_gmt":"2025-01-10T10:41:16","slug":"collier-seins-pomme-croquee-or","status":"publish","type":"product","link":"https:\/\/www.sylvie-monthule.com\/fr\/bijou\/collier-seins-pomme-croquee-or\/","title":{"rendered":"Collier seins Pomme croqu\u00e9e Or"},"content":{"rendered":"<p>La pomme d&rsquo;Or croqu\u00e9e dans votre d\u00e9collet\u00e9 est une merveilleuse gourmandise. On s&rsquo;abandonne aux caresses d&rsquo;un bijou qui \u00e9veille les sens : on admire sa rondeur, sa douceur et son \u00e9clat. On r\u00eave de cueillir ce fruit dont les chaines se faufilent sous l&rsquo;\u00e9toffe&#8230; On devine l&rsquo;or enla\u00e7ant les t\u00e9tons, les feuilles miniatures suspendues&#8230; Un bijou intime pour gouter \u00e0 la sensualit\u00e9 et croquer l&rsquo;amour \u00e0 pleines dents !<\/p>\n","protected":false},"excerpt":{"rendered":"<p>Gr\u00e2ce \u00e0 la chaine de r\u00e9glage cou,<br \/>\nvous ajusterez comme vous le souhaitez la position du pendentif.<br \/>\nCollier seins avec attaches-seins non piercing, indolores<br \/>\net coulissantes, s&rsquo;adaptant \u00e0 tous les diam\u00e8tres de t\u00e9tons.<\/p>\n<p>Pomme et ornements :<br \/>\n1 micron 16 carats et finition 24 carats sur m\u00e9tal.<br \/>\nHauteur pomme : 1,5 cm (env)<br \/>\nHypoallerg\u00e9nique.<\/p>\n","protected":false},"featured_media":135411,"template":"","meta":{"_acf_changed":false},"product_brand":[],"product_cat":[58,69],"product_tag":[],"class_list":{"0":"post-135862","1":"product","2":"type-product","3":"status-publish","4":"has-post-thumbnail","6":"product_cat-bijou-intime-femme","7":"product_cat-bijoux-seins-non-piercing","8":"collection-le-jardin-defendu","10":"first","11":"instock","12":"taxable","13":"shipping-taxable","14":"purchasable","15":"product-type-simple"},"acf":[],"_links":{"self":[{"href":"https:\/\/www.sylvie-monthule.com\/fr\/wp-json\/wp\/v2\/product\/135862","targetHints":{"allow":["GET"]}}],"collection":[{"href":"https:\/\/www.sylvie-monthule.com\/fr\/wp-json\/wp\/v2\/product"}],"about":[{"href":"https:\/\/www.sylvie-monthule.com\/fr\/wp-json\/wp\/v2\/types\/product"}],"wp:featuredmedia":[{"embeddable":true,"href":"https:\/\/www.sylvie-monthule.com\/fr\/wp-json\/wp\/v2\/media\/135411"}],"wp:attachment":[{"href":"https:\/\/www.sylvie-monthule.com\/fr\/wp-json\/wp\/v2\/media?parent=135862"}],"wp:term":[{"taxonomy":"product_brand","embeddable":true,"href":"https:\/\/www.sylvie-monthule.com\/fr\/wp-json\/wp\/v2\/product_brand?post=135862"},{"taxonomy":"product_cat","embeddable":true,"href":"https:\/\/www.sylvie-monthule.com\/fr\/wp-json\/wp\/v2\/product_cat?post=135862"},{"taxonomy":"product_tag","embeddable":true,"href":"https:\/\/www.sylvie-monthule.com\/fr\/wp-json\/wp\/v2\/product_tag?post=135862"}],"curies":[{"name":"wp","href":"https:\/\/api.w.org\/{rel}","templated":true}]}}