{"id":135861,"date":"2023-11-10T08:33:59","date_gmt":"2023-11-10T07:33:59","guid":{"rendered":"https:\/\/www.sylvie-monthule.com\/?post_type=product&#038;p=135861"},"modified":"2025-01-10T11:41:16","modified_gmt":"2025-01-10T10:41:16","slug":"bijoux-seins-arums-sensuels-argent","status":"publish","type":"product","link":"https:\/\/www.sylvie-monthule.com\/fr\/bijou\/bijoux-seins-arums-sensuels-argent\/","title":{"rendered":"Bijoux seins Arums Sensuels Argent"},"content":{"rendered":"<p>Magnifiques et l\u00e9gers, les arums d&rsquo;Argent suspendus \u00e0 vos seins abritent un pistil qui semble exhaler mille senteurs. Volupt\u00e9 de bijoux fleurs aux perles jaillissantes inspirant le d\u00e9sir encore et toujours&#8230;<\/p>\n","protected":false},"excerpt":{"rendered":"<p>Bijoux avec attaches-seins non piercing,<br \/>\nindolores et coulissantes,<br \/>\ns&rsquo;adaptant \u00e0 toutes les tailles de t\u00e9tons.<\/p>\n<p>Plaqu\u00e9 argent 10 microns sur m\u00e9tal.<br \/>\nGouttes h\u00e9matite<br \/>\nHypoallerg\u00e9nique.<\/p>\n","protected":false},"featured_media":135047,"template":"","meta":{"_acf_changed":false},"product_brand":[],"product_cat":[58,69],"product_tag":[],"class_list":{"0":"post-135861","1":"product","2":"type-product","3":"status-publish","4":"has-post-thumbnail","6":"product_cat-bijou-intime-femme","7":"product_cat-bijoux-seins-non-piercing","8":"collection-le-jardin-defendu","9":"product_option-vendu-par-paire","11":"first","12":"instock","13":"taxable","14":"shipping-taxable","15":"purchasable","16":"product-type-simple"},"acf":[],"_links":{"self":[{"href":"https:\/\/www.sylvie-monthule.com\/fr\/wp-json\/wp\/v2\/product\/135861","targetHints":{"allow":["GET"]}}],"collection":[{"href":"https:\/\/www.sylvie-monthule.com\/fr\/wp-json\/wp\/v2\/product"}],"about":[{"href":"https:\/\/www.sylvie-monthule.com\/fr\/wp-json\/wp\/v2\/types\/product"}],"wp:featuredmedia":[{"embeddable":true,"href":"https:\/\/www.sylvie-monthule.com\/fr\/wp-json\/wp\/v2\/media\/135047"}],"wp:attachment":[{"href":"https:\/\/www.sylvie-monthule.com\/fr\/wp-json\/wp\/v2\/media?parent=135861"}],"wp:term":[{"taxonomy":"product_brand","embeddable":true,"href":"https:\/\/www.sylvie-monthule.com\/fr\/wp-json\/wp\/v2\/product_brand?post=135861"},{"taxonomy":"product_cat","embeddable":true,"href":"https:\/\/www.sylvie-monthule.com\/fr\/wp-json\/wp\/v2\/product_cat?post=135861"},{"taxonomy":"product_tag","embeddable":true,"href":"https:\/\/www.sylvie-monthule.com\/fr\/wp-json\/wp\/v2\/product_tag?post=135861"}],"curies":[{"name":"wp","href":"https:\/\/api.w.org\/{rel}","templated":true}]}}