{"id":135858,"date":"2023-11-10T08:34:00","date_gmt":"2023-11-10T07:34:00","guid":{"rendered":"https:\/\/www.sylvie-monthule.com\/?post_type=product&#038;p=135858"},"modified":"2025-01-10T11:41:14","modified_gmt":"2025-01-10T10:41:14","slug":"bijoux-tetons-roses-damour-or","status":"publish","type":"product","link":"https:\/\/www.sylvie-monthule.com\/fr\/bijou\/bijoux-tetons-roses-damour-or\/","title":{"rendered":"Bijoux t\u00e9tons Roses d&rsquo;Amour Or"},"content":{"rendered":"<p>Deux roses d\u00e9licates se couvrent d&rsquo;or pour sublimer le velours de vos seins&#8230; Deux roses sous vos t\u00e9tons dr\u00e9ss\u00e9s font \u00e9clore leurs \u00e9clats scintillants pour cueillir l&rsquo;amour et ses parfums&#8230;<\/p>\n","protected":false},"excerpt":{"rendered":"<p>Bijoux avec attaches-seins non piercing,<br \/>\nindolores et coulissantes,<br \/>\ns&rsquo;adaptant \u00e0 toutes les tailles de t\u00e9tons.<\/p>\n<p>1 micron 16 carats et finition 24 carats sur m\u00e9tal.<br \/>\nPierres en verre coloris cristal.<br \/>\nHypoallerg\u00e9nique.<\/p>\n","protected":false},"featured_media":134995,"template":"","meta":{"_acf_changed":false},"product_brand":[],"product_cat":[58,69],"product_tag":[],"class_list":{"0":"post-135858","1":"product","2":"type-product","3":"status-publish","4":"has-post-thumbnail","6":"product_cat-bijou-intime-femme","7":"product_cat-bijoux-seins-non-piercing","8":"collection-le-jardin-defendu","9":"product_option-vendu-par-paire","11":"first","12":"instock","13":"taxable","14":"shipping-taxable","15":"purchasable","16":"product-type-simple"},"acf":[],"_links":{"self":[{"href":"https:\/\/www.sylvie-monthule.com\/fr\/wp-json\/wp\/v2\/product\/135858","targetHints":{"allow":["GET"]}}],"collection":[{"href":"https:\/\/www.sylvie-monthule.com\/fr\/wp-json\/wp\/v2\/product"}],"about":[{"href":"https:\/\/www.sylvie-monthule.com\/fr\/wp-json\/wp\/v2\/types\/product"}],"wp:featuredmedia":[{"embeddable":true,"href":"https:\/\/www.sylvie-monthule.com\/fr\/wp-json\/wp\/v2\/media\/134995"}],"wp:attachment":[{"href":"https:\/\/www.sylvie-monthule.com\/fr\/wp-json\/wp\/v2\/media?parent=135858"}],"wp:term":[{"taxonomy":"product_brand","embeddable":true,"href":"https:\/\/www.sylvie-monthule.com\/fr\/wp-json\/wp\/v2\/product_brand?post=135858"},{"taxonomy":"product_cat","embeddable":true,"href":"https:\/\/www.sylvie-monthule.com\/fr\/wp-json\/wp\/v2\/product_cat?post=135858"},{"taxonomy":"product_tag","embeddable":true,"href":"https:\/\/www.sylvie-monthule.com\/fr\/wp-json\/wp\/v2\/product_tag?post=135858"}],"curies":[{"name":"wp","href":"https:\/\/api.w.org\/{rel}","templated":true}]}}