{"id":135855,"date":"2023-11-10T08:34:01","date_gmt":"2023-11-10T07:34:01","guid":{"rendered":"https:\/\/www.sylvie-monthule.com\/?post_type=product&#038;p=135855"},"modified":"2025-01-10T11:39:52","modified_gmt":"2025-01-10T10:39:52","slug":"string-fleur-pistil-jaillissant-argent","status":"publish","type":"product","link":"https:\/\/www.sylvie-monthule.com\/fr\/bijou\/string-fleur-pistil-jaillissant-argent\/","title":{"rendered":"String Fleur Pistil jaillissant Argent"},"content":{"rendered":"<p>Une fleur sublime au pistil jaillissant comme une all\u00e9gorie au d\u00e9sir, \u00e0 l&rsquo;ivresse du plaisir&#8230; A l&rsquo;int\u00e9rieur de l&rsquo;Arum d&rsquo;Argent la perle h\u00e9matite se dresse, lib\u00e8re ses pendentifs qui s&rsquo;agitent sur votre sexe&#8230; Chaines et gouttes dansent sur vos l\u00e8vres au rythme de vos d\u00e9hanchements et mille caresses se diffusent sur la peau. Un bijou unique symbole du clitoris qui se dresse, du p\u00e9nis qui se tend&#8230; Un bijou symbole du d\u00e9sir qui monte.<\/p>\n","protected":false},"excerpt":{"rendered":"<p>Gr\u00e2ce \u00e0 ses \u00e9lastiques en coton doux,<br \/>\nvous positionnez le bijou string \u00e0 la perfection.<\/p>\n<p>Arum et ornements :<br \/>\nPlaqu\u00e9 argent 10 microns sur m\u00e9tal.<br \/>\nGoutte h\u00e9matite.<br \/>\nHauteur Arum ; 5 cm (env)<br \/>\nHypoallerg\u00e9nique.<\/p>\n","protected":false},"featured_media":135811,"template":"","meta":{"_acf_changed":false},"product_brand":[],"product_cat":[58,59],"product_tag":[],"class_list":{"0":"post-135855","1":"product","2":"type-product","3":"status-publish","4":"has-post-thumbnail","6":"product_cat-bijou-intime-femme","7":"product_cat-strings-bijoux","8":"collection-le-jardin-defendu","9":"product_option-tableau-tailles","11":"first","12":"instock","13":"taxable","14":"shipping-taxable","15":"purchasable","16":"product-type-simple"},"acf":[],"_links":{"self":[{"href":"https:\/\/www.sylvie-monthule.com\/fr\/wp-json\/wp\/v2\/product\/135855","targetHints":{"allow":["GET"]}}],"collection":[{"href":"https:\/\/www.sylvie-monthule.com\/fr\/wp-json\/wp\/v2\/product"}],"about":[{"href":"https:\/\/www.sylvie-monthule.com\/fr\/wp-json\/wp\/v2\/types\/product"}],"wp:featuredmedia":[{"embeddable":true,"href":"https:\/\/www.sylvie-monthule.com\/fr\/wp-json\/wp\/v2\/media\/135811"}],"wp:attachment":[{"href":"https:\/\/www.sylvie-monthule.com\/fr\/wp-json\/wp\/v2\/media?parent=135855"}],"wp:term":[{"taxonomy":"product_brand","embeddable":true,"href":"https:\/\/www.sylvie-monthule.com\/fr\/wp-json\/wp\/v2\/product_brand?post=135855"},{"taxonomy":"product_cat","embeddable":true,"href":"https:\/\/www.sylvie-monthule.com\/fr\/wp-json\/wp\/v2\/product_cat?post=135855"},{"taxonomy":"product_tag","embeddable":true,"href":"https:\/\/www.sylvie-monthule.com\/fr\/wp-json\/wp\/v2\/product_tag?post=135855"}],"curies":[{"name":"wp","href":"https:\/\/api.w.org\/{rel}","templated":true}]}}