{"id":135852,"date":"2023-11-10T08:34:02","date_gmt":"2023-11-10T07:34:02","guid":{"rendered":"https:\/\/www.sylvie-monthule.com\/?post_type=product&#038;p=135852"},"modified":"2025-11-03T09:00:28","modified_gmt":"2025-11-03T08:00:28","slug":"string-jardin-delicieux-or","status":"publish","type":"product","link":"https:\/\/www.sylvie-monthule.com\/fr\/bijou\/string-jardin-delicieux-or\/","title":{"rendered":"String Jardin D\u00e9licieux Or"},"content":{"rendered":"<p>D&rsquo;abord la vision d&rsquo;une feuille d&rsquo;Or aussi douce que le velours pos\u00e9e sur votre Mont de v\u00e9nus. Une feuille orn\u00e9e d&rsquo;une gouttelette de ros\u00e9e, pure, scintillante. Puis la boule d\u00e9licieuse, lisse et noire, glisse, s&rsquo;abandonne entre vos l\u00e8vres&#8230; Comme un nectar secret , un fruit d\u00e9fendu, pour que le corps go\u00fbte \u00e0 l&rsquo;extase.<\/p>\n","protected":false},"excerpt":{"rendered":"<p>Gr\u00e2ce \u00e0 ses \u00e9lastiques en coton doux,<br \/>\nvous positionnez le bijou string comme vous le souhaitez.<\/p>\n<p>Feuille et ornement :<br \/>\n1 micron 16 carats et finition 24 carats sur m\u00e9tal.<br \/>\nPierre sur feuille et pierre dos string<br \/>\nen verre coloris cristal.<br \/>\nBoule en r\u00e9sine noire brillante (diam\u00e8tre 34 mm)<br \/>\nsur chaine soud\u00e9e (long : 15 cm)<br \/>\nHypoallerg\u00e9nique.<\/p>\n","protected":false},"featured_media":135743,"template":"","meta":{"_acf_changed":false},"product_brand":[],"product_cat":[58,60],"product_tag":[],"class_list":{"0":"post-135852","1":"product","2":"type-product","3":"status-publish","4":"has-post-thumbnail","6":"product_cat-bijou-intime-femme","7":"product_cat-bijoux-penetrants-femme","8":"collection-30-ans-derotisme","9":"collection-le-jardin-defendu","10":"product_option-tableau-tailles","12":"first","13":"instock","14":"taxable","15":"shipping-taxable","16":"purchasable","17":"product-type-simple"},"acf":[],"_links":{"self":[{"href":"https:\/\/www.sylvie-monthule.com\/fr\/wp-json\/wp\/v2\/product\/135852","targetHints":{"allow":["GET"]}}],"collection":[{"href":"https:\/\/www.sylvie-monthule.com\/fr\/wp-json\/wp\/v2\/product"}],"about":[{"href":"https:\/\/www.sylvie-monthule.com\/fr\/wp-json\/wp\/v2\/types\/product"}],"wp:featuredmedia":[{"embeddable":true,"href":"https:\/\/www.sylvie-monthule.com\/fr\/wp-json\/wp\/v2\/media\/135743"}],"wp:attachment":[{"href":"https:\/\/www.sylvie-monthule.com\/fr\/wp-json\/wp\/v2\/media?parent=135852"}],"wp:term":[{"taxonomy":"product_brand","embeddable":true,"href":"https:\/\/www.sylvie-monthule.com\/fr\/wp-json\/wp\/v2\/product_brand?post=135852"},{"taxonomy":"product_cat","embeddable":true,"href":"https:\/\/www.sylvie-monthule.com\/fr\/wp-json\/wp\/v2\/product_cat?post=135852"},{"taxonomy":"product_tag","embeddable":true,"href":"https:\/\/www.sylvie-monthule.com\/fr\/wp-json\/wp\/v2\/product_tag?post=135852"}],"curies":[{"name":"wp","href":"https:\/\/api.w.org\/{rel}","templated":true}]}}