{"id":135851,"date":"2023-11-10T08:34:02","date_gmt":"2023-11-10T07:34:02","guid":{"rendered":"https:\/\/www.sylvie-monthule.com\/?post_type=product&#038;p=135851"},"modified":"2025-01-10T11:39:51","modified_gmt":"2025-01-10T10:39:51","slug":"string-jardin-secret-argent","status":"publish","type":"product","link":"https:\/\/www.sylvie-monthule.com\/fr\/bijou\/string-jardin-secret-argent\/","title":{"rendered":"String Jardin Secret Argent"},"content":{"rendered":"<p>Et si la nudit\u00e9 devenait Bijou ! Si sur la courbe de votre jardin secret, une magnifique feuille d&rsquo;Argent se posait, juste orn\u00e9e d&rsquo;un \u00e9clat bleu&#8230; Et si les chaines d&rsquo;or enla\u00e7aient votre sexe pour l&rsquo;offrir aux caresses&#8230; Et si dans vos reins une pierre bleue comme un matin d&rsquo;\u00e9t\u00e9 sublimait votre volupt\u00e9&#8230;<\/p>\n","protected":false},"excerpt":{"rendered":"<p>Gr\u00e2ce \u00e0 ses \u00e9lastiques en coton doux,<br \/>\nvous positionnez le bijou string comme vous le souhaitez.<\/p>\n<p>Feuille et ornement :<br \/>\nPlaqu\u00e9 argent 10 microns sur m\u00e9tal.<br \/>\nPierre sur feuille et pierre dos string<br \/>\nen verre coloris bleu aigue marine.<br \/>\nHauteur feuille ; 4,5 cm (env)<br \/>\nHypoallerg\u00e9nique.<\/p>\n","protected":false},"featured_media":135719,"template":"","meta":{"_acf_changed":false},"product_brand":[],"product_cat":[58,59],"product_tag":[],"class_list":{"0":"post-135851","1":"product","2":"type-product","3":"status-publish","4":"has-post-thumbnail","6":"product_cat-bijou-intime-femme","7":"product_cat-strings-bijoux","8":"collection-le-jardin-defendu","9":"product_option-tableau-tailles","11":"first","12":"instock","13":"taxable","14":"shipping-taxable","15":"purchasable","16":"product-type-simple"},"acf":[],"_links":{"self":[{"href":"https:\/\/www.sylvie-monthule.com\/fr\/wp-json\/wp\/v2\/product\/135851","targetHints":{"allow":["GET"]}}],"collection":[{"href":"https:\/\/www.sylvie-monthule.com\/fr\/wp-json\/wp\/v2\/product"}],"about":[{"href":"https:\/\/www.sylvie-monthule.com\/fr\/wp-json\/wp\/v2\/types\/product"}],"wp:featuredmedia":[{"embeddable":true,"href":"https:\/\/www.sylvie-monthule.com\/fr\/wp-json\/wp\/v2\/media\/135719"}],"wp:attachment":[{"href":"https:\/\/www.sylvie-monthule.com\/fr\/wp-json\/wp\/v2\/media?parent=135851"}],"wp:term":[{"taxonomy":"product_brand","embeddable":true,"href":"https:\/\/www.sylvie-monthule.com\/fr\/wp-json\/wp\/v2\/product_brand?post=135851"},{"taxonomy":"product_cat","embeddable":true,"href":"https:\/\/www.sylvie-monthule.com\/fr\/wp-json\/wp\/v2\/product_cat?post=135851"},{"taxonomy":"product_tag","embeddable":true,"href":"https:\/\/www.sylvie-monthule.com\/fr\/wp-json\/wp\/v2\/product_tag?post=135851"}],"curies":[{"name":"wp","href":"https:\/\/api.w.org\/{rel}","templated":true}]}}