{"id":135848,"date":"2023-11-10T08:34:03","date_gmt":"2023-11-10T07:34:03","guid":{"rendered":"https:\/\/www.sylvie-monthule.com\/?post_type=product&#038;p=135848"},"modified":"2025-01-10T11:39:50","modified_gmt":"2025-01-10T10:39:50","slug":"bijou-string-rose-damour-or","status":"publish","type":"product","link":"https:\/\/www.sylvie-monthule.com\/fr\/bijou\/bijou-string-rose-damour-or\/","title":{"rendered":"Bijou String Rose d&rsquo;Amour Or"},"content":{"rendered":"<p>Sur votre jardin secret, une rose \u00e0 peine \u00e9close parle d&rsquo;Amour&#8230; Une rose aux p\u00e9tales d&rsquo;une douceur exquise cern\u00e9e de feuillage. La goutte qui s&rsquo;en \u00e9chappe coule comme la ros\u00e9e entre vos l\u00e8vres, s&rsquo;enivre de vos parfums de femme, de vos frissons&#8230; Sur la peau, juste une rose d&rsquo;Or qui respire sur votre sexe, l&rsquo;offre aux caresses et glisse jusque dans vos reins un \u00e9clat transparent !<\/p>\n","protected":false},"excerpt":{"rendered":"<p>Gr\u00e2ce \u00e0 ses \u00e9lastiques en coton doux,<br \/>\nvous positionnez le bijou string comme vous le souhaitez.<\/p>\n<p>Rose et ornement :<br \/>\n1 micron 16 carats et finition 24 carats sur m\u00e9tal.<br \/>\nGoutte pendentif et dos string avec<br \/>\npierre en verre coloris cristal.<br \/>\nLargeur bijou (rose et feuillage) ; 4 cm<br \/>\nHypoallerg\u00e9nique.<\/p>\n","protected":false},"featured_media":135647,"template":"","meta":{"_acf_changed":false},"product_brand":[],"product_cat":[58,59],"product_tag":[],"class_list":{"0":"post-135848","1":"product","2":"type-product","3":"status-publish","4":"has-post-thumbnail","6":"product_cat-bijou-intime-femme","7":"product_cat-strings-bijoux","8":"collection-le-jardin-defendu","9":"product_option-tableau-tailles","11":"first","12":"instock","13":"taxable","14":"shipping-taxable","15":"purchasable","16":"product-type-simple"},"acf":[],"_links":{"self":[{"href":"https:\/\/www.sylvie-monthule.com\/fr\/wp-json\/wp\/v2\/product\/135848","targetHints":{"allow":["GET"]}}],"collection":[{"href":"https:\/\/www.sylvie-monthule.com\/fr\/wp-json\/wp\/v2\/product"}],"about":[{"href":"https:\/\/www.sylvie-monthule.com\/fr\/wp-json\/wp\/v2\/types\/product"}],"wp:featuredmedia":[{"embeddable":true,"href":"https:\/\/www.sylvie-monthule.com\/fr\/wp-json\/wp\/v2\/media\/135647"}],"wp:attachment":[{"href":"https:\/\/www.sylvie-monthule.com\/fr\/wp-json\/wp\/v2\/media?parent=135848"}],"wp:term":[{"taxonomy":"product_brand","embeddable":true,"href":"https:\/\/www.sylvie-monthule.com\/fr\/wp-json\/wp\/v2\/product_brand?post=135848"},{"taxonomy":"product_cat","embeddable":true,"href":"https:\/\/www.sylvie-monthule.com\/fr\/wp-json\/wp\/v2\/product_cat?post=135848"},{"taxonomy":"product_tag","embeddable":true,"href":"https:\/\/www.sylvie-monthule.com\/fr\/wp-json\/wp\/v2\/product_tag?post=135848"}],"curies":[{"name":"wp","href":"https:\/\/api.w.org\/{rel}","templated":true}]}}