{"id":135846,"date":"2023-11-10T08:34:03","date_gmt":"2023-11-10T07:34:03","guid":{"rendered":"https:\/\/www.sylvie-monthule.com\/?post_type=product&#038;p=135846"},"modified":"2026-03-23T09:29:52","modified_gmt":"2026-03-23T08:29:52","slug":"bijou-string-fruit-defendu-or","status":"publish","type":"product","link":"https:\/\/www.sylvie-monthule.com\/fr\/bijou\/bijou-string-fruit-defendu-or\/","title":{"rendered":"Bijou String Fruit D\u00e9fendu or"},"content":{"rendered":"<p>Le fruit gourmand qui orne votre pubis est une invitation aux plaisirs de la chair. La pomme d&rsquo;Or tranch\u00e9e r\u00e9v\u00e8le en son coeur toute la beaut\u00e9 de votre sexe : les courbes de vos l\u00e8vres, le clitoris, le grain de peau qui frissonne&#8230; comme des offrandes sucr\u00e9es pr\u00eates \u00e0 \u00eatre d\u00e9gust\u00e9es. Et sous le fruit d\u00e9fendu, le drap\u00e9 oscille, caresse, joue avec votre d\u00e9sir.<\/p>\n","protected":false},"excerpt":{"rendered":"<p>Gr\u00e2ce \u00e0 ses \u00e9lastiques en coton doux,<br \/>\nvous positionnez le bijou string comme vous le souhaitez.<\/p>\n<p>Pomme et ornement 1 micron 16 carats<br \/>\net finition 24 carats sur m\u00e9tal.<br \/>\nHauteur pomme (avec feuille) : 4 cm.<br \/>\nHypoallerg\u00e9nique.<\/p>\n","protected":false},"featured_media":135599,"template":"","meta":{"_acf_changed":false},"product_brand":[],"product_cat":[1865,1677,58],"product_tag":[],"class_list":{"0":"post-135846","1":"product","2":"type-product","3":"status-publish","4":"has-post-thumbnail","6":"product_cat-promotions","7":"product_cat-nos-offres-fin-de-series","8":"product_cat-bijou-intime-femme","9":"collection-le-jardin-defendu","10":"product_option-tableau-tailles","12":"first","13":"instock","14":"sale","15":"taxable","16":"shipping-taxable","17":"purchasable","18":"product-type-simple"},"acf":[],"_links":{"self":[{"href":"https:\/\/www.sylvie-monthule.com\/fr\/wp-json\/wp\/v2\/product\/135846","targetHints":{"allow":["GET"]}}],"collection":[{"href":"https:\/\/www.sylvie-monthule.com\/fr\/wp-json\/wp\/v2\/product"}],"about":[{"href":"https:\/\/www.sylvie-monthule.com\/fr\/wp-json\/wp\/v2\/types\/product"}],"wp:featuredmedia":[{"embeddable":true,"href":"https:\/\/www.sylvie-monthule.com\/fr\/wp-json\/wp\/v2\/media\/135599"}],"wp:attachment":[{"href":"https:\/\/www.sylvie-monthule.com\/fr\/wp-json\/wp\/v2\/media?parent=135846"}],"wp:term":[{"taxonomy":"product_brand","embeddable":true,"href":"https:\/\/www.sylvie-monthule.com\/fr\/wp-json\/wp\/v2\/product_brand?post=135846"},{"taxonomy":"product_cat","embeddable":true,"href":"https:\/\/www.sylvie-monthule.com\/fr\/wp-json\/wp\/v2\/product_cat?post=135846"},{"taxonomy":"product_tag","embeddable":true,"href":"https:\/\/www.sylvie-monthule.com\/fr\/wp-json\/wp\/v2\/product_tag?post=135846"}],"curies":[{"name":"wp","href":"https:\/\/api.w.org\/{rel}","templated":true}]}}