{"id":1323,"date":"2009-07-29T00:00:00","date_gmt":"2009-07-28T23:00:00","guid":{"rendered":"http:\/\/www.sylvie-monthule.com\/?product=bijoux-chevalieres-argent-2"},"modified":"2025-02-27T14:26:34","modified_gmt":"2025-02-27T13:26:34","slug":"bijoux-chevalieres-argent-2","status":"publish","type":"product","link":"https:\/\/www.sylvie-monthule.com\/fr\/bijou\/bijoux-chevalieres-argent-2\/","title":{"rendered":"Bijoux Chevali\u00e8res Argent"},"content":{"rendered":"<p>U ne cascade de Cha\u00eenes et de Boules passe entre vos Bourses&#8230; Dessus, un Bijou sage qui habille la Verge de l&rsquo;\u00e9clat raffin\u00e9 d&rsquo;une pierre ovale Mauve, Bleue ou Miel&#8230; Dessous, le Bijou s&rsquo;encanaille, Cha\u00eenettes et pendentifs se r\u00e9voltent pour votre plus grand Plaisir&#8230;<\/p>\n","protected":false},"excerpt":{"rendered":"<p>Bijou ajustable \u00e0 la base<\/p>\n<p>Mati\u00e9re : Bijou plaqu\u00e9 argent 10 microns sur m\u00e9tal. Pierre incassable en verre de Boh\u00eame. Ornements cha\u00eenes pendentifs avec billes en terminaison. Base \u00e9lastiqu\u00e9e coton doux noir . Sans nickel. Lavable main, entretien eau savonneuse. Hypoallerg\u00e9nique.<br \/>\nCouleur : Argent et Mauve ou Bleu ou Miel<br \/>\nConception : Sylvie Monthul\u00e9<\/p>\n","protected":false},"featured_media":13293,"template":"","meta":{"_acf_changed":false},"product_brand":[],"product_cat":[56,65],"product_tag":[],"class_list":{"0":"post-1323","1":"product","2":"type-product","3":"status-publish","4":"has-post-thumbnail","6":"product_cat-bijoux-hommes","7":"product_cat-bijoux-intimes-sexe","8":"collection-bijoux-hors-collection","10":"first","11":"instock","12":"taxable","13":"shipping-taxable","14":"purchasable","15":"product-type-simple"},"acf":[],"_links":{"self":[{"href":"https:\/\/www.sylvie-monthule.com\/fr\/wp-json\/wp\/v2\/product\/1323","targetHints":{"allow":["GET"]}}],"collection":[{"href":"https:\/\/www.sylvie-monthule.com\/fr\/wp-json\/wp\/v2\/product"}],"about":[{"href":"https:\/\/www.sylvie-monthule.com\/fr\/wp-json\/wp\/v2\/types\/product"}],"wp:featuredmedia":[{"embeddable":true,"href":"https:\/\/www.sylvie-monthule.com\/fr\/wp-json\/wp\/v2\/media\/13293"}],"wp:attachment":[{"href":"https:\/\/www.sylvie-monthule.com\/fr\/wp-json\/wp\/v2\/media?parent=1323"}],"wp:term":[{"taxonomy":"product_brand","embeddable":true,"href":"https:\/\/www.sylvie-monthule.com\/fr\/wp-json\/wp\/v2\/product_brand?post=1323"},{"taxonomy":"product_cat","embeddable":true,"href":"https:\/\/www.sylvie-monthule.com\/fr\/wp-json\/wp\/v2\/product_cat?post=1323"},{"taxonomy":"product_tag","embeddable":true,"href":"https:\/\/www.sylvie-monthule.com\/fr\/wp-json\/wp\/v2\/product_tag?post=1323"}],"curies":[{"name":"wp","href":"https:\/\/api.w.org\/{rel}","templated":true}]}}