{"id":129935,"date":"2022-11-07T14:49:59","date_gmt":"2022-11-06T14:49:59","guid":{"rendered":"https:\/\/www.sylvie-monthule.com\/?post_type=product&#038;p=129935"},"modified":"2025-01-10T11:40:58","modified_gmt":"2025-01-10T10:40:58","slug":"drape-chaines-testicules-argent","status":"publish","type":"product","link":"https:\/\/www.sylvie-monthule.com\/fr\/bijou\/drape-chaines-testicules-argent\/","title":{"rendered":"Drap\u00e9 chaines testicules argent"},"content":{"rendered":"<p>Un jeu de chaines caressent vos testicules, comme 3 vagues d&rsquo;argent souples et \u00e9tincelantes&#8230; Un bijou de p\u00e9nis pour ceux qui aiment les parures intimes discr\u00e8tes et pures, le mouvement des chaines sur le sexe nu, qui ob\u00e9it \u00e0 tous vos d\u00e9sirs&#8230;<\/p>\n","protected":false},"excerpt":{"rendered":"<p>Bijou de p\u00e9nis avec base \u00e9lastiqu\u00e9e<br \/>\npour un maintien parfait<br \/>\net drap\u00e9 chaines.<\/p>\n<p>Plaqu\u00e9 argent 10 microns sur m\u00e9tal.<br \/>\nHypoallerg\u00e9nique.<\/p>\n","protected":false},"featured_media":128984,"template":"","meta":{"_acf_changed":false},"product_brand":[],"product_cat":[56,65],"product_tag":[],"class_list":{"0":"post-129935","1":"product","2":"type-product","3":"status-publish","4":"has-post-thumbnail","6":"product_cat-bijoux-hommes","7":"product_cat-bijoux-intimes-sexe","8":"collection-ocean-de-caresses","10":"first","11":"instock","12":"taxable","13":"shipping-taxable","14":"purchasable","15":"product-type-simple"},"acf":[],"_links":{"self":[{"href":"https:\/\/www.sylvie-monthule.com\/fr\/wp-json\/wp\/v2\/product\/129935","targetHints":{"allow":["GET"]}}],"collection":[{"href":"https:\/\/www.sylvie-monthule.com\/fr\/wp-json\/wp\/v2\/product"}],"about":[{"href":"https:\/\/www.sylvie-monthule.com\/fr\/wp-json\/wp\/v2\/types\/product"}],"wp:featuredmedia":[{"embeddable":true,"href":"https:\/\/www.sylvie-monthule.com\/fr\/wp-json\/wp\/v2\/media\/128984"}],"wp:attachment":[{"href":"https:\/\/www.sylvie-monthule.com\/fr\/wp-json\/wp\/v2\/media?parent=129935"}],"wp:term":[{"taxonomy":"product_brand","embeddable":true,"href":"https:\/\/www.sylvie-monthule.com\/fr\/wp-json\/wp\/v2\/product_brand?post=129935"},{"taxonomy":"product_cat","embeddable":true,"href":"https:\/\/www.sylvie-monthule.com\/fr\/wp-json\/wp\/v2\/product_cat?post=129935"},{"taxonomy":"product_tag","embeddable":true,"href":"https:\/\/www.sylvie-monthule.com\/fr\/wp-json\/wp\/v2\/product_tag?post=129935"}],"curies":[{"name":"wp","href":"https:\/\/api.w.org\/{rel}","templated":true}]}}