{"id":129929,"date":"2022-11-07T14:49:55","date_gmt":"2022-11-06T14:49:55","guid":{"rendered":"https:\/\/www.sylvie-monthule.com\/?post_type=product&#038;p=129929"},"modified":"2026-03-23T09:35:01","modified_gmt":"2026-03-23T08:35:01","slug":"bijou-gland-anal-argent-pour-lui","status":"publish","type":"product","link":"https:\/\/www.sylvie-monthule.com\/fr\/bijou\/bijou-gland-anal-argent-pour-lui\/","title":{"rendered":"Bijou gland anal argent pour Lui"},"content":{"rendered":"<p>La beaut\u00e9 troublante d&rsquo;un bijou anal&#8230; Ce gland sculpt\u00e9 en r\u00e9sine hypoallerg\u00e9nique noir brillant viendra combler tous vos d\u00e9sirs ! Sa forme parfaite s&rsquo;immiscera en douceur &#8230; et vous sentirez les pendentifs fr\u00f4ler sans cesse la peau. Un bijou p\u00e9n\u00e9trant secret con\u00e7u comme un sextoy, pour jouer avec le plaisir \u00e0 l&rsquo;infini!<\/p>\n","protected":false},"excerpt":{"rendered":"<p>Bijou gland en r\u00e9sine hypoallerg\u00e9nique noir brillant.<br \/>\nDi\u00e0m\u00e8tre gland au plus large : env 32 mm.<br \/>\nChaines soud\u00e9es. Gouttes en pendentifs.<br \/>\nPlaqu\u00e9 argent 10 microns sur m\u00e9tal.<br \/>\nLongueur totale chaine et pendentif : env 15 cm.<\/p>\n","protected":false},"featured_media":129865,"template":"","meta":{"_acf_changed":false},"product_brand":[],"product_cat":[1865,1677],"product_tag":[],"class_list":{"0":"post-129929","1":"product","2":"type-product","3":"status-publish","4":"has-post-thumbnail","6":"product_cat-promotions","7":"product_cat-nos-offres-fin-de-series","8":"collection-ocean-de-caresses","10":"first","11":"instock","12":"sale","13":"taxable","14":"shipping-taxable","15":"purchasable","16":"product-type-simple"},"acf":[],"_links":{"self":[{"href":"https:\/\/www.sylvie-monthule.com\/fr\/wp-json\/wp\/v2\/product\/129929","targetHints":{"allow":["GET"]}}],"collection":[{"href":"https:\/\/www.sylvie-monthule.com\/fr\/wp-json\/wp\/v2\/product"}],"about":[{"href":"https:\/\/www.sylvie-monthule.com\/fr\/wp-json\/wp\/v2\/types\/product"}],"wp:featuredmedia":[{"embeddable":true,"href":"https:\/\/www.sylvie-monthule.com\/fr\/wp-json\/wp\/v2\/media\/129865"}],"wp:attachment":[{"href":"https:\/\/www.sylvie-monthule.com\/fr\/wp-json\/wp\/v2\/media?parent=129929"}],"wp:term":[{"taxonomy":"product_brand","embeddable":true,"href":"https:\/\/www.sylvie-monthule.com\/fr\/wp-json\/wp\/v2\/product_brand?post=129929"},{"taxonomy":"product_cat","embeddable":true,"href":"https:\/\/www.sylvie-monthule.com\/fr\/wp-json\/wp\/v2\/product_cat?post=129929"},{"taxonomy":"product_tag","embeddable":true,"href":"https:\/\/www.sylvie-monthule.com\/fr\/wp-json\/wp\/v2\/product_tag?post=129929"}],"curies":[{"name":"wp","href":"https:\/\/api.w.org\/{rel}","templated":true}]}}