{"id":129922,"date":"2022-11-07T14:49:49","date_gmt":"2022-11-06T14:49:49","guid":{"rendered":"https:\/\/www.sylvie-monthule.com\/?post_type=product&#038;p=129922"},"modified":"2025-02-17T08:48:28","modified_gmt":"2025-02-17T07:48:28","slug":"chaine-taille-coquillage-ocean-or","status":"publish","type":"product","link":"https:\/\/www.sylvie-monthule.com\/fr\/bijou\/chaine-taille-coquillage-ocean-or\/","title":{"rendered":"Chaine taille coquillage oc\u00e9an or"},"content":{"rendered":"<p>Un bijou taille unique comme une caresse d&rsquo;oc\u00e9an&#8230; L&rsquo; or orne vos hanches avec volupt\u00e9 et d\u00e9pose sur votre peau un merveilleux bijou coquillage, aux \u00e9clats noirs et or. Le coquillage tangue sur votre peau et la perle captive oscille&#8230; Un bijou de corps au design original.<\/p>\n","protected":false},"excerpt":{"rendered":"<p>Indiquez dans le bloc taille votre choix :<br \/>\nS, M, L, XL&#8230;. Quelle que soit la taille choisie<br \/>\nnos bijoux taille ont un r\u00e9glage.<\/p>\n<p>Bijou 1 micron 16 carats et finition 24 carats sur m\u00e9tal.<br \/>\nEmaillage noir. Hauteur coquillage : 3.5 cm env.<br \/>\nHypoallerg\u00e9nique.<\/p>\n","protected":false},"featured_media":129204,"template":"","meta":{"_acf_changed":false},"product_brand":[],"product_cat":[58,67],"product_tag":[],"class_list":{"0":"post-129922","1":"product","2":"type-product","3":"status-publish","4":"has-post-thumbnail","6":"product_cat-bijou-intime-femme","7":"product_cat-bijoux-taille-et-cheville","9":"first","10":"instock","11":"taxable","12":"shipping-taxable","13":"purchasable","14":"product-type-variable","15":"has-default-attributes"},"acf":[],"_links":{"self":[{"href":"https:\/\/www.sylvie-monthule.com\/fr\/wp-json\/wp\/v2\/product\/129922","targetHints":{"allow":["GET"]}}],"collection":[{"href":"https:\/\/www.sylvie-monthule.com\/fr\/wp-json\/wp\/v2\/product"}],"about":[{"href":"https:\/\/www.sylvie-monthule.com\/fr\/wp-json\/wp\/v2\/types\/product"}],"wp:featuredmedia":[{"embeddable":true,"href":"https:\/\/www.sylvie-monthule.com\/fr\/wp-json\/wp\/v2\/media\/129204"}],"wp:attachment":[{"href":"https:\/\/www.sylvie-monthule.com\/fr\/wp-json\/wp\/v2\/media?parent=129922"}],"wp:term":[{"taxonomy":"product_brand","embeddable":true,"href":"https:\/\/www.sylvie-monthule.com\/fr\/wp-json\/wp\/v2\/product_brand?post=129922"},{"taxonomy":"product_cat","embeddable":true,"href":"https:\/\/www.sylvie-monthule.com\/fr\/wp-json\/wp\/v2\/product_cat?post=129922"},{"taxonomy":"product_tag","embeddable":true,"href":"https:\/\/www.sylvie-monthule.com\/fr\/wp-json\/wp\/v2\/product_tag?post=129922"}],"curies":[{"name":"wp","href":"https:\/\/api.w.org\/{rel}","templated":true}]}}