{"id":129921,"date":"2022-11-07T14:49:48","date_gmt":"2022-11-06T14:49:48","guid":{"rendered":"https:\/\/www.sylvie-monthule.com\/?post_type=product&#038;p=129921"},"modified":"2025-02-17T08:48:29","modified_gmt":"2025-02-17T07:48:29","slug":"chaine-de-fesses-queue-de-sirene-argent","status":"publish","type":"product","link":"https:\/\/www.sylvie-monthule.com\/fr\/bijou\/chaine-de-fesses-queue-de-sirene-argent\/","title":{"rendered":"Chaine de fesses queue de sir\u00e8ne argent"},"content":{"rendered":"<p>La queue de sir\u00e8ne se courbe dans le d\u00e9hanch\u00e9 de vos reins, comme une volute d&rsquo;argent et d&rsquo;\u00e9clats bleus, pour y glisser des larmes d&rsquo;oc\u00e9an, vous caresser, vous courtiser&#8230; Un bijou de corps unique, l\u00e9ger comme la soie, qui \u00e9pouse votre peau, voyage entre vos rivages avec frisson et volupt\u00e9.<\/p>\n","protected":false},"excerpt":{"rendered":"<p>Indiquez dans le bloc taille votre choix :<br \/>\nS, M, L, XL&#8230;. Quelle que soit la taille choisie<br \/>\nnos bijoux taille ont un r\u00e9glage.<\/p>\n<p>Bijou plaqu\u00e9 argent 10 microns sur m\u00e9tal.<br \/>\nEmaillage Bleu. Largeur queue sir\u00e8ne : 4.5 cm.<br \/>\nHypoallerg\u00e9nique.<\/p>\n","protected":false},"featured_media":129184,"template":"","meta":{"_acf_changed":false},"product_brand":[],"product_cat":[58,67],"product_tag":[],"class_list":{"0":"post-129921","1":"product","2":"type-product","3":"status-publish","4":"has-post-thumbnail","6":"product_cat-bijou-intime-femme","7":"product_cat-bijoux-taille-et-cheville","8":"collection-ocean-de-caresses","10":"first","11":"instock","12":"taxable","13":"shipping-taxable","14":"purchasable","15":"product-type-variable","16":"has-default-attributes"},"acf":[],"_links":{"self":[{"href":"https:\/\/www.sylvie-monthule.com\/fr\/wp-json\/wp\/v2\/product\/129921","targetHints":{"allow":["GET"]}}],"collection":[{"href":"https:\/\/www.sylvie-monthule.com\/fr\/wp-json\/wp\/v2\/product"}],"about":[{"href":"https:\/\/www.sylvie-monthule.com\/fr\/wp-json\/wp\/v2\/types\/product"}],"wp:featuredmedia":[{"embeddable":true,"href":"https:\/\/www.sylvie-monthule.com\/fr\/wp-json\/wp\/v2\/media\/129184"}],"wp:attachment":[{"href":"https:\/\/www.sylvie-monthule.com\/fr\/wp-json\/wp\/v2\/media?parent=129921"}],"wp:term":[{"taxonomy":"product_brand","embeddable":true,"href":"https:\/\/www.sylvie-monthule.com\/fr\/wp-json\/wp\/v2\/product_brand?post=129921"},{"taxonomy":"product_cat","embeddable":true,"href":"https:\/\/www.sylvie-monthule.com\/fr\/wp-json\/wp\/v2\/product_cat?post=129921"},{"taxonomy":"product_tag","embeddable":true,"href":"https:\/\/www.sylvie-monthule.com\/fr\/wp-json\/wp\/v2\/product_tag?post=129921"}],"curies":[{"name":"wp","href":"https:\/\/api.w.org\/{rel}","templated":true}]}}