{"id":129919,"date":"2022-11-07T14:49:46","date_gmt":"2022-11-06T14:49:46","guid":{"rendered":"https:\/\/www.sylvie-monthule.com\/?post_type=product&#038;p=129919"},"modified":"2025-02-17T08:48:30","modified_gmt":"2025-02-17T07:48:30","slug":"chaine-taille-secret-docean-argent","status":"publish","type":"product","link":"https:\/\/www.sylvie-monthule.com\/fr\/bijou\/chaine-taille-secret-docean-argent\/","title":{"rendered":"Chaine taille secret d&rsquo;oc\u00e9an argent"},"content":{"rendered":"<p>Autour de vos hanches une chaine d&rsquo;argent \u00e9tinc\u00e8le comme une vague de lumi\u00e8re. Le coquillage suspendu abrite un tr\u00e9sor aux reflets d&rsquo;oc\u00e9an : une pierre bleue \u00e0 l&rsquo;\u00e9clat si intense&#8230; Un bijou taille raffin\u00e9 et pur en harmonie avec les bijoux seins Coquillages secrets d&rsquo;oc\u00e9an.<\/p>\n","protected":false},"excerpt":{"rendered":"<p>Indiquez dans le bloc taille votre choix :<br \/>\nS, M, L, XL&#8230;. Quelle que soit la taille choisie<br \/>\nnos bijoux taille ont un r\u00e9glage.<\/p>\n<p>Bijou plaqu\u00e9 argent 10 microns sur m\u00e9tal.<br \/>\nCoquillage et pierre bleue.<br \/>\nHypoallerg\u00e9nique.<\/p>\n","protected":false},"featured_media":129144,"template":"","meta":{"_acf_changed":false},"product_brand":[],"product_cat":[58,67],"product_tag":[],"class_list":{"0":"post-129919","1":"product","2":"type-product","3":"status-publish","4":"has-post-thumbnail","6":"product_cat-bijou-intime-femme","7":"product_cat-bijoux-taille-et-cheville","8":"collection-ocean-de-caresses","10":"first","11":"instock","12":"taxable","13":"shipping-taxable","14":"purchasable","15":"product-type-variable","16":"has-default-attributes"},"acf":[],"_links":{"self":[{"href":"https:\/\/www.sylvie-monthule.com\/fr\/wp-json\/wp\/v2\/product\/129919","targetHints":{"allow":["GET"]}}],"collection":[{"href":"https:\/\/www.sylvie-monthule.com\/fr\/wp-json\/wp\/v2\/product"}],"about":[{"href":"https:\/\/www.sylvie-monthule.com\/fr\/wp-json\/wp\/v2\/types\/product"}],"wp:featuredmedia":[{"embeddable":true,"href":"https:\/\/www.sylvie-monthule.com\/fr\/wp-json\/wp\/v2\/media\/129144"}],"wp:attachment":[{"href":"https:\/\/www.sylvie-monthule.com\/fr\/wp-json\/wp\/v2\/media?parent=129919"}],"wp:term":[{"taxonomy":"product_brand","embeddable":true,"href":"https:\/\/www.sylvie-monthule.com\/fr\/wp-json\/wp\/v2\/product_brand?post=129919"},{"taxonomy":"product_cat","embeddable":true,"href":"https:\/\/www.sylvie-monthule.com\/fr\/wp-json\/wp\/v2\/product_cat?post=129919"},{"taxonomy":"product_tag","embeddable":true,"href":"https:\/\/www.sylvie-monthule.com\/fr\/wp-json\/wp\/v2\/product_tag?post=129919"}],"curies":[{"name":"wp","href":"https:\/\/api.w.org\/{rel}","templated":true}]}}