{"id":129918,"date":"2022-11-07T14:49:45","date_gmt":"2022-11-06T14:49:45","guid":{"rendered":"https:\/\/www.sylvie-monthule.com\/?post_type=product&#038;p=129918"},"modified":"2025-02-17T08:48:32","modified_gmt":"2025-02-17T07:48:32","slug":"chaine-taille-secret-docean-or","status":"publish","type":"product","link":"https:\/\/www.sylvie-monthule.com\/fr\/bijou\/chaine-taille-secret-docean-or\/","title":{"rendered":"Chaine taille secret d&rsquo;oc\u00e9an or"},"content":{"rendered":"<p>Autour de vos hanches une chaine d&rsquo;or \u00e9tinc\u00e8le comme une vague de soleil. Le coquillage suspendu abrite un tr\u00e9sor aux reflets de temp\u00eate : une ravissante pierre h\u00e9matite &#8230; Un bijou taille raffin\u00e9 et pur en harmonie avec les bijoux seins Coquillages secrets d&rsquo;oc\u00e9an.<\/p>\n","protected":false},"excerpt":{"rendered":"<p>Indiquez dans le bloc taille votre choix :<br \/>\nS, M, L, XL&#8230;. Quelle que soit la taille choisie<br \/>\nnos bijoux taille ont un r\u00e9glage.<\/p>\n<p>Bijou 1 micron 16 carats et finition 24 carats sur m\u00e9tal.<br \/>\nCoquillage et pierre h\u00e9matite<br \/>\nHypoallerg\u00e9nique.<\/p>\n","protected":false},"featured_media":129120,"template":"","meta":{"_acf_changed":false},"product_brand":[],"product_cat":[58,67],"product_tag":[],"class_list":{"0":"post-129918","1":"product","2":"type-product","3":"status-publish","4":"has-post-thumbnail","6":"product_cat-bijou-intime-femme","7":"product_cat-bijoux-taille-et-cheville","8":"collection-ocean-de-caresses","10":"first","11":"instock","12":"taxable","13":"shipping-taxable","14":"purchasable","15":"product-type-variable","16":"has-default-attributes"},"acf":[],"_links":{"self":[{"href":"https:\/\/www.sylvie-monthule.com\/fr\/wp-json\/wp\/v2\/product\/129918","targetHints":{"allow":["GET"]}}],"collection":[{"href":"https:\/\/www.sylvie-monthule.com\/fr\/wp-json\/wp\/v2\/product"}],"about":[{"href":"https:\/\/www.sylvie-monthule.com\/fr\/wp-json\/wp\/v2\/types\/product"}],"wp:featuredmedia":[{"embeddable":true,"href":"https:\/\/www.sylvie-monthule.com\/fr\/wp-json\/wp\/v2\/media\/129120"}],"wp:attachment":[{"href":"https:\/\/www.sylvie-monthule.com\/fr\/wp-json\/wp\/v2\/media?parent=129918"}],"wp:term":[{"taxonomy":"product_brand","embeddable":true,"href":"https:\/\/www.sylvie-monthule.com\/fr\/wp-json\/wp\/v2\/product_brand?post=129918"},{"taxonomy":"product_cat","embeddable":true,"href":"https:\/\/www.sylvie-monthule.com\/fr\/wp-json\/wp\/v2\/product_cat?post=129918"},{"taxonomy":"product_tag","embeddable":true,"href":"https:\/\/www.sylvie-monthule.com\/fr\/wp-json\/wp\/v2\/product_tag?post=129918"}],"curies":[{"name":"wp","href":"https:\/\/api.w.org\/{rel}","templated":true}]}}