{"id":129914,"date":"2022-11-07T14:49:43","date_gmt":"2022-11-06T14:49:43","guid":{"rendered":"https:\/\/www.sylvie-monthule.com\/?post_type=product&#038;p=129914"},"modified":"2025-02-17T08:47:50","modified_gmt":"2025-02-17T07:47:50","slug":"bijou-cheville-coquillage-ocean-or","status":"publish","type":"product","link":"https:\/\/www.sylvie-monthule.com\/fr\/bijou\/bijou-cheville-coquillage-ocean-or\/","title":{"rendered":"Bijou cheville coquillage oc\u00e9an or"},"content":{"rendered":"<p>L&rsquo;\u00e9clat d&rsquo;un coquillage d&rsquo;or suspendu \u00e0 votre cheville. L&rsquo;\u00e9clat de l&rsquo;oc\u00e9an&#8230;<\/p>\n","protected":false},"excerpt":{"rendered":"<p>Chaine cheville plaqu\u00e9 or avec r\u00e9glages \u00e0 22 et 25 cm.<br \/>\nPendentif coquillage.<\/p>\n","protected":false},"featured_media":129052,"template":"","meta":{"_acf_changed":false},"product_brand":[],"product_cat":[58,67],"product_tag":[],"class_list":{"0":"post-129914","1":"product","2":"type-product","3":"status-publish","4":"has-post-thumbnail","6":"product_cat-bijou-intime-femme","7":"product_cat-bijoux-taille-et-cheville","8":"collection-ocean-de-caresses","10":"first","11":"instock","12":"taxable","13":"shipping-taxable","14":"purchasable","15":"product-type-simple"},"acf":[],"_links":{"self":[{"href":"https:\/\/www.sylvie-monthule.com\/fr\/wp-json\/wp\/v2\/product\/129914","targetHints":{"allow":["GET"]}}],"collection":[{"href":"https:\/\/www.sylvie-monthule.com\/fr\/wp-json\/wp\/v2\/product"}],"about":[{"href":"https:\/\/www.sylvie-monthule.com\/fr\/wp-json\/wp\/v2\/types\/product"}],"wp:featuredmedia":[{"embeddable":true,"href":"https:\/\/www.sylvie-monthule.com\/fr\/wp-json\/wp\/v2\/media\/129052"}],"wp:attachment":[{"href":"https:\/\/www.sylvie-monthule.com\/fr\/wp-json\/wp\/v2\/media?parent=129914"}],"wp:term":[{"taxonomy":"product_brand","embeddable":true,"href":"https:\/\/www.sylvie-monthule.com\/fr\/wp-json\/wp\/v2\/product_brand?post=129914"},{"taxonomy":"product_cat","embeddable":true,"href":"https:\/\/www.sylvie-monthule.com\/fr\/wp-json\/wp\/v2\/product_cat?post=129914"},{"taxonomy":"product_tag","embeddable":true,"href":"https:\/\/www.sylvie-monthule.com\/fr\/wp-json\/wp\/v2\/product_tag?post=129914"}],"curies":[{"name":"wp","href":"https:\/\/api.w.org\/{rel}","templated":true}]}}