{"id":129912,"date":"2022-11-07T14:49:41","date_gmt":"2022-11-06T14:49:41","guid":{"rendered":"https:\/\/www.sylvie-monthule.com\/?post_type=product&#038;p=129912"},"modified":"2025-02-27T14:26:37","modified_gmt":"2025-02-27T13:26:37","slug":"boucles-doreilles-or-secrets-docean","status":"publish","type":"product","link":"https:\/\/www.sylvie-monthule.com\/fr\/bijou\/boucles-doreilles-or-secrets-docean\/","title":{"rendered":"Boucles d&rsquo;oreilles or secrets d&rsquo;oc\u00e9an"},"content":{"rendered":"<p>Des boucles d&rsquo;oreilles coquillages magnifiques, en version or. A l&rsquo;int\u00e9rieur des coquillages, les pierres h\u00e9matites ont mille reflets. Des boucles d&rsquo;oreilles en harmonie avec les bijoux t\u00e9tons et la chaine de taille \u00ab\u00a0secrets d&rsquo;oc\u00e9an\u00a0\u00bb !<\/p>\n","protected":false},"excerpt":{"rendered":"<p>Bijoux oreilles perc\u00e9es.<br \/>\nHaute dorure 1 micron 16 carats et<br \/>\nfinition 24 carats sur m\u00e9tal. Pierres h\u00e9matite.<br \/>\nHypoallerg\u00e9nique.<\/p>\n","protected":false},"featured_media":129028,"template":"","meta":{"_acf_changed":false},"product_brand":[],"product_cat":[58,64],"product_tag":[],"class_list":{"0":"post-129912","1":"product","2":"type-product","3":"status-publish","4":"has-post-thumbnail","6":"product_cat-bijou-intime-femme","7":"product_cat-pendentifs-et-boucles-doreilles","8":"collection-ocean-de-caresses","9":"product_option-vendu-par-paire","11":"first","12":"instock","13":"taxable","14":"shipping-taxable","15":"purchasable","16":"product-type-simple"},"acf":[],"_links":{"self":[{"href":"https:\/\/www.sylvie-monthule.com\/fr\/wp-json\/wp\/v2\/product\/129912","targetHints":{"allow":["GET"]}}],"collection":[{"href":"https:\/\/www.sylvie-monthule.com\/fr\/wp-json\/wp\/v2\/product"}],"about":[{"href":"https:\/\/www.sylvie-monthule.com\/fr\/wp-json\/wp\/v2\/types\/product"}],"wp:featuredmedia":[{"embeddable":true,"href":"https:\/\/www.sylvie-monthule.com\/fr\/wp-json\/wp\/v2\/media\/129028"}],"wp:attachment":[{"href":"https:\/\/www.sylvie-monthule.com\/fr\/wp-json\/wp\/v2\/media?parent=129912"}],"wp:term":[{"taxonomy":"product_brand","embeddable":true,"href":"https:\/\/www.sylvie-monthule.com\/fr\/wp-json\/wp\/v2\/product_brand?post=129912"},{"taxonomy":"product_cat","embeddable":true,"href":"https:\/\/www.sylvie-monthule.com\/fr\/wp-json\/wp\/v2\/product_cat?post=129912"},{"taxonomy":"product_tag","embeddable":true,"href":"https:\/\/www.sylvie-monthule.com\/fr\/wp-json\/wp\/v2\/product_tag?post=129912"}],"curies":[{"name":"wp","href":"https:\/\/api.w.org\/{rel}","templated":true}]}}