{"id":129908,"date":"2022-11-07T14:49:38","date_gmt":"2022-11-06T14:49:38","guid":{"rendered":"https:\/\/www.sylvie-monthule.com\/?post_type=product&#038;p=129908"},"modified":"2025-02-27T14:26:38","modified_gmt":"2025-02-27T13:26:38","slug":"pendentif-coquillage-or-noir","status":"publish","type":"product","link":"https:\/\/www.sylvie-monthule.com\/fr\/bijou\/pendentif-coquillage-or-noir\/","title":{"rendered":"Pendentif Coquillage or noir"},"content":{"rendered":"<p>La puret\u00e9 d&rsquo;un pendentif coquillage, habill\u00e9 d&rsquo;or et de reflets noirs&#8230; Un pendentif au design original pour \u00e9voquer la splendeur de l&rsquo;oc\u00e9an et ses tr\u00e9sors !<\/p>\n","protected":false},"excerpt":{"rendered":"<p>Pendentif sur chaine de 50 cm (env)<br \/>\nBijou 1 micron 16 carats et finition 24 carats sur m\u00e9tal.<br \/>\nEmaillage noir. Hauteur coquillage ; env 3.5 cm.<br \/>\nHypoallerg\u00e9nique.<\/p>\n","protected":false},"featured_media":129456,"template":"","meta":{"_acf_changed":false},"product_brand":[],"product_cat":[58,64],"product_tag":[],"class_list":{"0":"post-129908","1":"product","2":"type-product","3":"status-publish","4":"has-post-thumbnail","6":"product_cat-bijou-intime-femme","7":"product_cat-pendentifs-et-boucles-doreilles","8":"collection-ocean-de-caresses","10":"first","11":"instock","12":"taxable","13":"shipping-taxable","14":"purchasable","15":"product-type-simple"},"acf":[],"_links":{"self":[{"href":"https:\/\/www.sylvie-monthule.com\/fr\/wp-json\/wp\/v2\/product\/129908","targetHints":{"allow":["GET"]}}],"collection":[{"href":"https:\/\/www.sylvie-monthule.com\/fr\/wp-json\/wp\/v2\/product"}],"about":[{"href":"https:\/\/www.sylvie-monthule.com\/fr\/wp-json\/wp\/v2\/types\/product"}],"wp:featuredmedia":[{"embeddable":true,"href":"https:\/\/www.sylvie-monthule.com\/fr\/wp-json\/wp\/v2\/media\/129456"}],"wp:attachment":[{"href":"https:\/\/www.sylvie-monthule.com\/fr\/wp-json\/wp\/v2\/media?parent=129908"}],"wp:term":[{"taxonomy":"product_brand","embeddable":true,"href":"https:\/\/www.sylvie-monthule.com\/fr\/wp-json\/wp\/v2\/product_brand?post=129908"},{"taxonomy":"product_cat","embeddable":true,"href":"https:\/\/www.sylvie-monthule.com\/fr\/wp-json\/wp\/v2\/product_cat?post=129908"},{"taxonomy":"product_tag","embeddable":true,"href":"https:\/\/www.sylvie-monthule.com\/fr\/wp-json\/wp\/v2\/product_tag?post=129908"}],"curies":[{"name":"wp","href":"https:\/\/api.w.org\/{rel}","templated":true}]}}