{"id":129907,"date":"2022-11-07T14:49:37","date_gmt":"2022-11-06T14:49:37","guid":{"rendered":"https:\/\/www.sylvie-monthule.com\/?post_type=product&#038;p=129907"},"modified":"2025-02-27T14:26:38","modified_gmt":"2025-02-27T13:26:38","slug":"pendentif-sirene-argent-et-bleu","status":"publish","type":"product","link":"https:\/\/www.sylvie-monthule.com\/fr\/bijou\/pendentif-sirene-argent-et-bleu\/","title":{"rendered":"Pendentif Sir\u00e8ne argent et bleu"},"content":{"rendered":"<p>Un pendentif sir\u00e8ne d&rsquo;une beaut\u00e9 surnaturelle orne votre buste. Son corps scintillant, sa queue d&rsquo;un bleu lumineux, se lovent sur votre peau avec \u00e9clat. La petite perle suspendue rappelle l&rsquo;\u00e9cume des vagues&#8230; Beaut\u00e9 et magie se m\u00e9langent.<\/p>\n","protected":false},"excerpt":{"rendered":"<p>Pendentif sur chaine de 50 cm (env)<br \/>\nBijou plaqu\u00e9 argent 10 microns sur m\u00e9tal.<br \/>\nEmaillage bleu. Hauteur sir\u00e8ne ; 3.5 cm.<br \/>\nHypoallerg\u00e9nique.<\/p>\n","protected":false},"featured_media":129444,"template":"","meta":{"_acf_changed":false},"product_brand":[],"product_cat":[58,64],"product_tag":[],"class_list":{"0":"post-129907","1":"product","2":"type-product","3":"status-publish","4":"has-post-thumbnail","6":"product_cat-bijou-intime-femme","7":"product_cat-pendentifs-et-boucles-doreilles","8":"collection-ocean-de-caresses","10":"first","11":"instock","12":"taxable","13":"shipping-taxable","14":"purchasable","15":"product-type-simple"},"acf":[],"_links":{"self":[{"href":"https:\/\/www.sylvie-monthule.com\/fr\/wp-json\/wp\/v2\/product\/129907","targetHints":{"allow":["GET"]}}],"collection":[{"href":"https:\/\/www.sylvie-monthule.com\/fr\/wp-json\/wp\/v2\/product"}],"about":[{"href":"https:\/\/www.sylvie-monthule.com\/fr\/wp-json\/wp\/v2\/types\/product"}],"wp:featuredmedia":[{"embeddable":true,"href":"https:\/\/www.sylvie-monthule.com\/fr\/wp-json\/wp\/v2\/media\/129444"}],"wp:attachment":[{"href":"https:\/\/www.sylvie-monthule.com\/fr\/wp-json\/wp\/v2\/media?parent=129907"}],"wp:term":[{"taxonomy":"product_brand","embeddable":true,"href":"https:\/\/www.sylvie-monthule.com\/fr\/wp-json\/wp\/v2\/product_brand?post=129907"},{"taxonomy":"product_cat","embeddable":true,"href":"https:\/\/www.sylvie-monthule.com\/fr\/wp-json\/wp\/v2\/product_cat?post=129907"},{"taxonomy":"product_tag","embeddable":true,"href":"https:\/\/www.sylvie-monthule.com\/fr\/wp-json\/wp\/v2\/product_tag?post=129907"}],"curies":[{"name":"wp","href":"https:\/\/api.w.org\/{rel}","templated":true}]}}