{"id":129905,"date":"2022-11-07T14:49:36","date_gmt":"2022-11-06T14:49:36","guid":{"rendered":"https:\/\/www.sylvie-monthule.com\/?post_type=product&#038;p=129905"},"modified":"2025-02-17T08:47:11","modified_gmt":"2025-02-17T07:47:11","slug":"collier-seins-argent-ocean-de-caresses","status":"publish","type":"product","link":"https:\/\/www.sylvie-monthule.com\/fr\/bijou\/collier-seins-argent-ocean-de-caresses\/","title":{"rendered":"Collier seins argent oc\u00e9an de caresses"},"content":{"rendered":"<p>Dans l&rsquo;\u00e9chancrure de votre d\u00e9collet\u00e9, un coquillage sublime \u00e9tinc\u00e8le&#8230; V\u00eatu d&rsquo;argent et d&rsquo;\u00e9clats bleus intenses, il semple respirer sur la peau. Les chaines scintillantes s&rsquo;\u00e9chappent du coquillage pour orner vos seins et prendre au pi\u00e8ge vos t\u00e9tons. Chaque mouvement des chaines est une caresse exquise, chaque mouvement devient volupt\u00e9. Un bijou \u00e9rotique unique.<\/p>\n","protected":false},"excerpt":{"rendered":"<p>Gr\u00e2ce \u00e0 la chaine de r\u00e9glage cou,<br \/>\nvous ajusterez comme vous le souhaitez la position du pendentif.<br \/>\nCollier seins avec attaches-seins non piercing, indolores<br \/>\net coulissantes, s&rsquo;adaptant \u00e0 tous les diam\u00e8tres de t\u00e9tons<\/p>\n<p>Bijou plaqu\u00e9 argent 10 microns sur m\u00e9tal.<br \/>\nEmaillage Bleu. Hauteur coquillage ; env 3.5 cm.<br \/>\nHypoallerg\u00e9nique.<\/p>\n","protected":false},"featured_media":129408,"template":"","meta":{"_acf_changed":false},"product_brand":[],"product_cat":[58,69],"product_tag":[],"class_list":{"0":"post-129905","1":"product","2":"type-product","3":"status-publish","4":"has-post-thumbnail","6":"product_cat-bijou-intime-femme","7":"product_cat-bijoux-seins-non-piercing","8":"collection-ocean-de-caresses","10":"first","11":"instock","12":"taxable","13":"shipping-taxable","14":"purchasable","15":"product-type-simple"},"acf":[],"_links":{"self":[{"href":"https:\/\/www.sylvie-monthule.com\/fr\/wp-json\/wp\/v2\/product\/129905","targetHints":{"allow":["GET"]}}],"collection":[{"href":"https:\/\/www.sylvie-monthule.com\/fr\/wp-json\/wp\/v2\/product"}],"about":[{"href":"https:\/\/www.sylvie-monthule.com\/fr\/wp-json\/wp\/v2\/types\/product"}],"wp:featuredmedia":[{"embeddable":true,"href":"https:\/\/www.sylvie-monthule.com\/fr\/wp-json\/wp\/v2\/media\/129408"}],"wp:attachment":[{"href":"https:\/\/www.sylvie-monthule.com\/fr\/wp-json\/wp\/v2\/media?parent=129905"}],"wp:term":[{"taxonomy":"product_brand","embeddable":true,"href":"https:\/\/www.sylvie-monthule.com\/fr\/wp-json\/wp\/v2\/product_brand?post=129905"},{"taxonomy":"product_cat","embeddable":true,"href":"https:\/\/www.sylvie-monthule.com\/fr\/wp-json\/wp\/v2\/product_cat?post=129905"},{"taxonomy":"product_tag","embeddable":true,"href":"https:\/\/www.sylvie-monthule.com\/fr\/wp-json\/wp\/v2\/product_tag?post=129905"}],"curies":[{"name":"wp","href":"https:\/\/api.w.org\/{rel}","templated":true}]}}