{"id":129901,"date":"2022-11-07T14:49:33","date_gmt":"2022-11-06T14:49:33","guid":{"rendered":"https:\/\/www.sylvie-monthule.com\/?post_type=product&#038;p=129901"},"modified":"2025-10-06T07:46:29","modified_gmt":"2025-10-06T06:46:29","slug":"collier-seins-queue-de-sirene-argent-bleu","status":"publish","type":"product","link":"https:\/\/www.sylvie-monthule.com\/fr\/bijou\/collier-seins-queue-de-sirene-argent-bleu\/","title":{"rendered":"Collier seins queue de sir\u00e8ne argent bleu"},"content":{"rendered":"<p>Un bijou merveilleux plonge entre les dunes de vos seins. Une queue de sir\u00e8ne argent et bleue aussi douce qu&rsquo;un voile, glisse sur votre corps et d\u00e9ploie ses filets jusqu&rsquo;\u00e0 vos seins fr\u00e9missants&#8230; D\u00e9j\u00e0 vos t\u00e9tons pris au pi\u00e8ge se tendent de plaisir, s&rsquo;abandonnent aux fr\u00f4lements des chaines, aux caresses des gouttes&#8230;. Un bijou \u00e9rotique aux mille reflets d&rsquo;une splendeur inouie.<\/p>\n","protected":false},"excerpt":{"rendered":"<p>Gr\u00e2ce \u00e0 la chaine de r\u00e9glage cou,<br \/>\nvous ajusterez comme vous le souhaitez la position du pendentif.<br \/>\nCollier seins avec attaches-seins non piercing, indolores<br \/>\net coulissantes, s&rsquo;adaptant \u00e0 tous les diam\u00e8tres de t\u00e9tons.<\/p>\n<p>Bijou plaqu\u00e9 argent 10 microns sur m\u00e9tal.<br \/>\nEmaillage bleu. Largueur queue sir\u00e8ne : env 4.5 cm.<br \/>\nHypoallerg\u00e9nique.<\/p>\n","protected":false},"featured_media":129312,"template":"","meta":{"_acf_changed":false},"product_brand":[],"product_cat":[58,69],"product_tag":[],"class_list":{"0":"post-129901","1":"product","2":"type-product","3":"status-publish","4":"has-post-thumbnail","6":"product_cat-bijou-intime-femme","7":"product_cat-bijoux-seins-non-piercing","8":"collection-30-ans-derotisme","9":"collection-ocean-de-caresses","11":"first","12":"instock","13":"taxable","14":"shipping-taxable","15":"purchasable","16":"product-type-simple"},"acf":[],"_links":{"self":[{"href":"https:\/\/www.sylvie-monthule.com\/fr\/wp-json\/wp\/v2\/product\/129901","targetHints":{"allow":["GET"]}}],"collection":[{"href":"https:\/\/www.sylvie-monthule.com\/fr\/wp-json\/wp\/v2\/product"}],"about":[{"href":"https:\/\/www.sylvie-monthule.com\/fr\/wp-json\/wp\/v2\/types\/product"}],"wp:featuredmedia":[{"embeddable":true,"href":"https:\/\/www.sylvie-monthule.com\/fr\/wp-json\/wp\/v2\/media\/129312"}],"wp:attachment":[{"href":"https:\/\/www.sylvie-monthule.com\/fr\/wp-json\/wp\/v2\/media?parent=129901"}],"wp:term":[{"taxonomy":"product_brand","embeddable":true,"href":"https:\/\/www.sylvie-monthule.com\/fr\/wp-json\/wp\/v2\/product_brand?post=129901"},{"taxonomy":"product_cat","embeddable":true,"href":"https:\/\/www.sylvie-monthule.com\/fr\/wp-json\/wp\/v2\/product_cat?post=129901"},{"taxonomy":"product_tag","embeddable":true,"href":"https:\/\/www.sylvie-monthule.com\/fr\/wp-json\/wp\/v2\/product_tag?post=129901"}],"curies":[{"name":"wp","href":"https:\/\/api.w.org\/{rel}","templated":true}]}}