{"id":129900,"date":"2022-11-07T14:49:32","date_gmt":"2022-11-06T14:49:32","guid":{"rendered":"https:\/\/www.sylvie-monthule.com\/?post_type=product&#038;p=129900"},"modified":"2025-02-17T08:47:13","modified_gmt":"2025-02-17T07:47:13","slug":"collier-seins-queue-de-sirene-or-noir","status":"publish","type":"product","link":"https:\/\/www.sylvie-monthule.com\/fr\/bijou\/collier-seins-queue-de-sirene-or-noir\/","title":{"rendered":"Collier seins queue de sir\u00e8ne or noir"},"content":{"rendered":"<p>Un bijou merveilleux plonge entre les dunes de vos seins. Une queue de sir\u00e8ne noire et or aussi douce qu&rsquo;un voile, glisse sur votre corps et d\u00e9ploie ses filets jusqu&rsquo;\u00e0 vos seins fr\u00e9missants&#8230; D\u00e9j\u00e0 vos t\u00e9tons pris au pi\u00e8ge se tendent de plaisir, s&rsquo;abandonnent aux fr\u00f4lements des chaines, aux caresses des gouttes&#8230;. Un bijou \u00e9rotique aux mille reflets d&rsquo;une splendeur inouie.<\/p>\n","protected":false},"excerpt":{"rendered":"<p>Gr\u00e2ce \u00e0 la chaine de r\u00e9glage cou,<br \/>\nvous ajusterez comme vous le souhaitez la position du pendentif.<br \/>\nCollier seins avec attaches-seins non piercing, indolores<br \/>\net coulissantes s&rsquo;adaptant \u00e0 tous les diam\u00e8tres de t\u00e9tons.<\/p>\n<p>Bijou 1 micron 16 carats et finition 24 carats sur m\u00e9tal.<br \/>\nEmaillage noir. Largeur queue sir\u00e8ne ; env 4.5 cm.<br \/>\nHypoallerg\u00e9nique.<\/p>\n","protected":false},"featured_media":129288,"template":"","meta":{"_acf_changed":false},"product_brand":[],"product_cat":[58,69],"product_tag":[],"class_list":{"0":"post-129900","1":"product","2":"type-product","3":"status-publish","4":"has-post-thumbnail","6":"product_cat-bijou-intime-femme","7":"product_cat-bijoux-seins-non-piercing","8":"collection-ocean-de-caresses","10":"first","11":"instock","12":"taxable","13":"shipping-taxable","14":"purchasable","15":"product-type-simple"},"acf":[],"_links":{"self":[{"href":"https:\/\/www.sylvie-monthule.com\/fr\/wp-json\/wp\/v2\/product\/129900","targetHints":{"allow":["GET"]}}],"collection":[{"href":"https:\/\/www.sylvie-monthule.com\/fr\/wp-json\/wp\/v2\/product"}],"about":[{"href":"https:\/\/www.sylvie-monthule.com\/fr\/wp-json\/wp\/v2\/types\/product"}],"wp:featuredmedia":[{"embeddable":true,"href":"https:\/\/www.sylvie-monthule.com\/fr\/wp-json\/wp\/v2\/media\/129288"}],"wp:attachment":[{"href":"https:\/\/www.sylvie-monthule.com\/fr\/wp-json\/wp\/v2\/media?parent=129900"}],"wp:term":[{"taxonomy":"product_brand","embeddable":true,"href":"https:\/\/www.sylvie-monthule.com\/fr\/wp-json\/wp\/v2\/product_brand?post=129900"},{"taxonomy":"product_cat","embeddable":true,"href":"https:\/\/www.sylvie-monthule.com\/fr\/wp-json\/wp\/v2\/product_cat?post=129900"},{"taxonomy":"product_tag","embeddable":true,"href":"https:\/\/www.sylvie-monthule.com\/fr\/wp-json\/wp\/v2\/product_tag?post=129900"}],"curies":[{"name":"wp","href":"https:\/\/api.w.org\/{rel}","templated":true}]}}