{"id":129898,"date":"2022-11-07T14:49:30","date_gmt":"2022-11-06T14:49:30","guid":{"rendered":"https:\/\/www.sylvie-monthule.com\/?post_type=product&#038;p=129898"},"modified":"2025-02-17T08:47:15","modified_gmt":"2025-02-17T07:47:15","slug":"pendentifs-tetons-duo-coquillages-or","status":"publish","type":"product","link":"https:\/\/www.sylvie-monthule.com\/fr\/bijou\/pendentifs-tetons-duo-coquillages-or\/","title":{"rendered":"Pendentifs t\u00e9tons Duo coquillages or"},"content":{"rendered":"<p>Sous vos t\u00e9tons dr\u00e9sses, 4 bijoux coquillages tanguent adorablement. 4 minuscules coquilles saint jacques, v\u00eatues d&rsquo;or et de sensualit\u00e9, suspendues aux chainettes, jouent \u00e0 caresser la dune de vos seins, jouent avec votre f\u00e9minit\u00e9.<\/p>\n","protected":false},"excerpt":{"rendered":"<p>Bijoux avec attaches-seins non piercing,<br \/>\nindolores et coulissantes, s&rsquo;adaptant \u00e0 toutes les tailles de t\u00e9tons.<\/p>\n<p>1 micron 16 carats et finition 24 carats sur m\u00e9tal.<br \/>\nHypoallerg\u00e9nique.<\/p>\n","protected":false},"featured_media":128808,"template":"","meta":{"_acf_changed":false},"product_brand":[],"product_cat":[58,69],"product_tag":[],"class_list":{"0":"post-129898","1":"product","2":"type-product","3":"status-publish","4":"has-post-thumbnail","6":"product_cat-bijou-intime-femme","7":"product_cat-bijoux-seins-non-piercing","8":"collection-ocean-de-caresses","9":"product_option-vendu-par-paire","11":"first","12":"instock","13":"taxable","14":"shipping-taxable","15":"purchasable","16":"product-type-simple"},"acf":[],"_links":{"self":[{"href":"https:\/\/www.sylvie-monthule.com\/fr\/wp-json\/wp\/v2\/product\/129898","targetHints":{"allow":["GET"]}}],"collection":[{"href":"https:\/\/www.sylvie-monthule.com\/fr\/wp-json\/wp\/v2\/product"}],"about":[{"href":"https:\/\/www.sylvie-monthule.com\/fr\/wp-json\/wp\/v2\/types\/product"}],"wp:featuredmedia":[{"embeddable":true,"href":"https:\/\/www.sylvie-monthule.com\/fr\/wp-json\/wp\/v2\/media\/128808"}],"wp:attachment":[{"href":"https:\/\/www.sylvie-monthule.com\/fr\/wp-json\/wp\/v2\/media?parent=129898"}],"wp:term":[{"taxonomy":"product_brand","embeddable":true,"href":"https:\/\/www.sylvie-monthule.com\/fr\/wp-json\/wp\/v2\/product_brand?post=129898"},{"taxonomy":"product_cat","embeddable":true,"href":"https:\/\/www.sylvie-monthule.com\/fr\/wp-json\/wp\/v2\/product_cat?post=129898"},{"taxonomy":"product_tag","embeddable":true,"href":"https:\/\/www.sylvie-monthule.com\/fr\/wp-json\/wp\/v2\/product_tag?post=129898"}],"curies":[{"name":"wp","href":"https:\/\/api.w.org\/{rel}","templated":true}]}}