{"id":129897,"date":"2022-11-07T14:49:30","date_gmt":"2022-11-06T14:49:30","guid":{"rendered":"https:\/\/www.sylvie-monthule.com\/?post_type=product&#038;p=129897"},"modified":"2025-02-17T08:47:14","modified_gmt":"2025-02-17T07:47:14","slug":"bijoux-tetons-argent-secrets-docean","status":"publish","type":"product","link":"https:\/\/www.sylvie-monthule.com\/fr\/bijou\/bijoux-tetons-argent-secrets-docean\/","title":{"rendered":"Bijoux t\u00e9tons argent Secrets d&rsquo;Oc\u00e9an"},"content":{"rendered":"<p>Vos t\u00e9tons s&rsquo;ornent de magnifiques coquillages d&rsquo;argent, en forme de coquilles saint jacques miniatures&#8230; Une pierre bleue lumineuse, telle une goutte d&rsquo;oc\u00e9an scintille au creux des coquillages. Les bijoux oscillent sur la dune de vos seins, chavirent la peau, go\u00fbtent \u00e0 vos frissons&#8230; Vos seins s&rsquo;habillent de ravissants \u00e9crins bleu et argent .<\/p>\n","protected":false},"excerpt":{"rendered":"<p>Bijoux avec attaches-seins non piercing,<br \/>\nindolores et coulissantes, s&rsquo;adaptant \u00e0 toutes les tailles de t\u00e9tons.<\/p>\n<p>Plaqu\u00e9 argent 10 microns sur m\u00e9tal.<br \/>\nPierres bleues. Hypoallerg\u00e9nique.<\/p>\n","protected":false},"featured_media":128792,"template":"","meta":{"_acf_changed":false},"product_brand":[],"product_cat":[58,69],"product_tag":[],"class_list":{"0":"post-129897","1":"product","2":"type-product","3":"status-publish","4":"has-post-thumbnail","6":"product_cat-bijou-intime-femme","7":"product_cat-bijoux-seins-non-piercing","8":"collection-ocean-de-caresses","9":"product_option-vendu-par-paire","11":"first","12":"instock","13":"taxable","14":"shipping-taxable","15":"purchasable","16":"product-type-simple"},"acf":[],"_links":{"self":[{"href":"https:\/\/www.sylvie-monthule.com\/fr\/wp-json\/wp\/v2\/product\/129897","targetHints":{"allow":["GET"]}}],"collection":[{"href":"https:\/\/www.sylvie-monthule.com\/fr\/wp-json\/wp\/v2\/product"}],"about":[{"href":"https:\/\/www.sylvie-monthule.com\/fr\/wp-json\/wp\/v2\/types\/product"}],"wp:featuredmedia":[{"embeddable":true,"href":"https:\/\/www.sylvie-monthule.com\/fr\/wp-json\/wp\/v2\/media\/128792"}],"wp:attachment":[{"href":"https:\/\/www.sylvie-monthule.com\/fr\/wp-json\/wp\/v2\/media?parent=129897"}],"wp:term":[{"taxonomy":"product_brand","embeddable":true,"href":"https:\/\/www.sylvie-monthule.com\/fr\/wp-json\/wp\/v2\/product_brand?post=129897"},{"taxonomy":"product_cat","embeddable":true,"href":"https:\/\/www.sylvie-monthule.com\/fr\/wp-json\/wp\/v2\/product_cat?post=129897"},{"taxonomy":"product_tag","embeddable":true,"href":"https:\/\/www.sylvie-monthule.com\/fr\/wp-json\/wp\/v2\/product_tag?post=129897"}],"curies":[{"name":"wp","href":"https:\/\/api.w.org\/{rel}","templated":true}]}}