{"id":129895,"date":"2022-11-07T14:49:28","date_gmt":"2022-11-06T14:49:28","guid":{"rendered":"https:\/\/www.sylvie-monthule.com\/?post_type=product&#038;p=129895"},"modified":"2025-02-17T08:46:56","modified_gmt":"2025-02-17T07:46:56","slug":"string-argent-ocean-de-caresses","status":"publish","type":"product","link":"https:\/\/www.sylvie-monthule.com\/fr\/bijou\/string-argent-ocean-de-caresses\/","title":{"rendered":"String argent oc\u00e9an de caresses"},"content":{"rendered":"<p>Votre pubis est une ile cern\u00e9e de vagues d&rsquo;argent qui ondulent sur la peau. Le troublant coquillage aux reflets bleus s&rsquo;est \u00e9chou\u00e9 sur vos secrets et les chaines suspendues, telles des vagues d&rsquo;oc\u00e9an, dansent voluptueusement sur votre sexe nu. Un string bijou comme un oc\u00e9an de caresses pour s&rsquo;abandonner \u00e0 la volupt\u00e9 et se faire d\u00e9sirer&#8230;<\/p>\n","protected":false},"excerpt":{"rendered":"<p>Gr\u00e2ce \u00e0 ses \u00e9lastiques en coton doux,<br \/>\nvous positionnez le bijou string \u00e0 la perfection.<\/p>\n<p>Plaqu\u00e9 argent 10 microns sur m\u00e9tal.<br \/>\nEmaillage bleu. Coquillage au dos du string.<br \/>\nHauteur coquillage : env 3.5 cm.<br \/>\nHypoallerg\u00e9nique.<\/p>\n","protected":false},"featured_media":129712,"template":"","meta":{"_acf_changed":false},"product_brand":[],"product_cat":[58,59],"product_tag":[],"class_list":{"0":"post-129895","1":"product","2":"type-product","3":"status-publish","4":"has-post-thumbnail","6":"product_cat-bijou-intime-femme","7":"product_cat-strings-bijoux","8":"collection-ocean-de-caresses","9":"product_option-tableau-tailles","11":"first","12":"instock","13":"taxable","14":"shipping-taxable","15":"purchasable","16":"product-type-simple"},"acf":[],"_links":{"self":[{"href":"https:\/\/www.sylvie-monthule.com\/fr\/wp-json\/wp\/v2\/product\/129895","targetHints":{"allow":["GET"]}}],"collection":[{"href":"https:\/\/www.sylvie-monthule.com\/fr\/wp-json\/wp\/v2\/product"}],"about":[{"href":"https:\/\/www.sylvie-monthule.com\/fr\/wp-json\/wp\/v2\/types\/product"}],"wp:featuredmedia":[{"embeddable":true,"href":"https:\/\/www.sylvie-monthule.com\/fr\/wp-json\/wp\/v2\/media\/129712"}],"wp:attachment":[{"href":"https:\/\/www.sylvie-monthule.com\/fr\/wp-json\/wp\/v2\/media?parent=129895"}],"wp:term":[{"taxonomy":"product_brand","embeddable":true,"href":"https:\/\/www.sylvie-monthule.com\/fr\/wp-json\/wp\/v2\/product_brand?post=129895"},{"taxonomy":"product_cat","embeddable":true,"href":"https:\/\/www.sylvie-monthule.com\/fr\/wp-json\/wp\/v2\/product_cat?post=129895"},{"taxonomy":"product_tag","embeddable":true,"href":"https:\/\/www.sylvie-monthule.com\/fr\/wp-json\/wp\/v2\/product_tag?post=129895"}],"curies":[{"name":"wp","href":"https:\/\/api.w.org\/{rel}","templated":true}]}}