{"id":129893,"date":"2022-11-07T14:49:27","date_gmt":"2022-11-06T14:49:27","guid":{"rendered":"https:\/\/www.sylvie-monthule.com\/?post_type=product&#038;p=129893"},"modified":"2026-03-23T09:32:17","modified_gmt":"2026-03-23T08:32:17","slug":"string-argent-le-chant-de-la-sirene","status":"publish","type":"product","link":"https:\/\/www.sylvie-monthule.com\/fr\/bijou\/string-argent-le-chant-de-la-sirene\/","title":{"rendered":"String argent le chant de la sir\u00e8ne"},"content":{"rendered":"<p>Le chant \u00e9rotique d&rsquo;un bijou sir\u00e8ne, dont les reflets d&rsquo;argent et de bleu s&rsquo;abandonnent sur votre sexe&#8230; Au coeur du drap\u00e9 de chaines, la sir\u00e8ne d\u00e9voile sa sensualit\u00e9, et ses courbes pleines en caressant votre pubis, vos l\u00e8vres&#8230; Sa queue aux \u00e9cailles scintillantes se cambre avec splendeur sur vos frissons de femme et les perles miniatures comme des gouttes d&rsquo;eau ruiss\u00e8lent sur vos d\u00e9sirs. Offrez-vous \u00e0 l&rsquo;amour&#8230; le corps presque nu, juste v\u00eatue d&rsquo;argent et de lumi\u00e8re.<\/p>\n","protected":false},"excerpt":{"rendered":"<p>Gr\u00e2ce \u00e0 ses \u00e9lastiques en coton doux,<br \/>\nvous positionnez le bijou string \u00e0 la perfection.<\/p>\n<p>Plaqu\u00e9 argent 10 microns sur m\u00e9tal.<br \/>\nEmaillage bleu. Coquillage au dos du string.<br \/>\nHauteur sir\u00e8ne ; env 4.5 cm.<br \/>\nHypoallerg\u00e9nique.<\/p>\n","protected":false},"featured_media":129664,"template":"","meta":{"_acf_changed":false},"product_brand":[],"product_cat":[1865,1677],"product_tag":[],"class_list":{"0":"post-129893","1":"product","2":"type-product","3":"status-publish","4":"has-post-thumbnail","6":"product_cat-promotions","7":"product_cat-nos-offres-fin-de-series","8":"collection-ocean-de-caresses","9":"product_option-tableau-tailles","11":"first","12":"instock","13":"sale","14":"taxable","15":"shipping-taxable","16":"purchasable","17":"product-type-simple"},"acf":[],"_links":{"self":[{"href":"https:\/\/www.sylvie-monthule.com\/fr\/wp-json\/wp\/v2\/product\/129893","targetHints":{"allow":["GET"]}}],"collection":[{"href":"https:\/\/www.sylvie-monthule.com\/fr\/wp-json\/wp\/v2\/product"}],"about":[{"href":"https:\/\/www.sylvie-monthule.com\/fr\/wp-json\/wp\/v2\/types\/product"}],"wp:featuredmedia":[{"embeddable":true,"href":"https:\/\/www.sylvie-monthule.com\/fr\/wp-json\/wp\/v2\/media\/129664"}],"wp:attachment":[{"href":"https:\/\/www.sylvie-monthule.com\/fr\/wp-json\/wp\/v2\/media?parent=129893"}],"wp:term":[{"taxonomy":"product_brand","embeddable":true,"href":"https:\/\/www.sylvie-monthule.com\/fr\/wp-json\/wp\/v2\/product_brand?post=129893"},{"taxonomy":"product_cat","embeddable":true,"href":"https:\/\/www.sylvie-monthule.com\/fr\/wp-json\/wp\/v2\/product_cat?post=129893"},{"taxonomy":"product_tag","embeddable":true,"href":"https:\/\/www.sylvie-monthule.com\/fr\/wp-json\/wp\/v2\/product_tag?post=129893"}],"curies":[{"name":"wp","href":"https:\/\/api.w.org\/{rel}","templated":true}]}}