{"id":129891,"date":"2022-11-07T14:49:25","date_gmt":"2022-11-06T14:49:25","guid":{"rendered":"https:\/\/www.sylvie-monthule.com\/?post_type=product&#038;p=129891"},"modified":"2025-10-06T07:50:29","modified_gmt":"2025-10-06T06:50:29","slug":"string-queue-de-sirene-argent-bleu","status":"publish","type":"product","link":"https:\/\/www.sylvie-monthule.com\/fr\/bijou\/string-queue-de-sirene-argent-bleu\/","title":{"rendered":"String Queue de Sir\u00e8ne argent bleu"},"content":{"rendered":"<p>Une queue de sir\u00e8ne plonge sur la courbe de votre sexe. La nageoire d&rsquo;argent semble onduler comme un voile scintillant, parsem\u00e9 d&rsquo;\u00e9clats bleus. Vos doigts glissent sur le bijou lumineux dont la courbure sensuelle suit la dune de votre pubis, et plongent la goutte \u00e9tincelante dans l&rsquo;oc\u00e9an de vos secrets. Le plaisir vous submerge, vous emporte. Un string bijou d&rsquo;un \u00e9rotisme sublime, \u00e0 conserver pendant l&rsquo;amour pour des sensations uniques. Un bijou majestueux comme un chant d&rsquo;amour, qui orne m\u00eame la courbe de vos reins&#8230;<\/p>\n","protected":false},"excerpt":{"rendered":"<p>Gr\u00e2ce \u00e0 ses \u00e9lastiques en coton doux,<br \/>\nvous positionnez le bijou string \u00e0 la perfection.<\/p>\n<p>Largeur queue sir\u00e8ne : env 7 cm.<br \/>\nOrnement plaqu\u00e9 argent 10 microns sur m\u00e9tal.<br \/>\nGoutte pleine. Emaillage bleu. Coquillage dos string.<br \/>\nHypoallerg\u00e9nique.<\/p>\n","protected":false},"featured_media":129608,"template":"","meta":{"_acf_changed":false},"product_brand":[],"product_cat":[58,59],"product_tag":[],"class_list":{"0":"post-129891","1":"product","2":"type-product","3":"status-publish","4":"has-post-thumbnail","6":"product_cat-bijou-intime-femme","7":"product_cat-strings-bijoux","8":"collection-30-ans-derotisme","9":"collection-ocean-de-caresses","10":"product_option-tableau-tailles","12":"first","13":"instock","14":"taxable","15":"shipping-taxable","16":"purchasable","17":"product-type-simple"},"acf":[],"_links":{"self":[{"href":"https:\/\/www.sylvie-monthule.com\/fr\/wp-json\/wp\/v2\/product\/129891","targetHints":{"allow":["GET"]}}],"collection":[{"href":"https:\/\/www.sylvie-monthule.com\/fr\/wp-json\/wp\/v2\/product"}],"about":[{"href":"https:\/\/www.sylvie-monthule.com\/fr\/wp-json\/wp\/v2\/types\/product"}],"wp:featuredmedia":[{"embeddable":true,"href":"https:\/\/www.sylvie-monthule.com\/fr\/wp-json\/wp\/v2\/media\/129608"}],"wp:attachment":[{"href":"https:\/\/www.sylvie-monthule.com\/fr\/wp-json\/wp\/v2\/media?parent=129891"}],"wp:term":[{"taxonomy":"product_brand","embeddable":true,"href":"https:\/\/www.sylvie-monthule.com\/fr\/wp-json\/wp\/v2\/product_brand?post=129891"},{"taxonomy":"product_cat","embeddable":true,"href":"https:\/\/www.sylvie-monthule.com\/fr\/wp-json\/wp\/v2\/product_cat?post=129891"},{"taxonomy":"product_tag","embeddable":true,"href":"https:\/\/www.sylvie-monthule.com\/fr\/wp-json\/wp\/v2\/product_tag?post=129891"}],"curies":[{"name":"wp","href":"https:\/\/api.w.org\/{rel}","templated":true}]}}