{"id":129889,"date":"2022-11-07T14:49:24","date_gmt":"2022-11-06T14:49:24","guid":{"rendered":"https:\/\/www.sylvie-monthule.com\/?post_type=product&#038;p=129889"},"modified":"2025-02-17T08:46:45","modified_gmt":"2025-02-17T07:46:45","slug":"string-coquillage-desir-penetrant-argent","status":"publish","type":"product","link":"https:\/\/www.sylvie-monthule.com\/fr\/bijou\/string-coquillage-desir-penetrant-argent\/","title":{"rendered":"String coquillage d\u00e9sir p\u00e9n\u00e9trant argent"},"content":{"rendered":"<p>Un bijou pour combler vos d\u00e9sirs br\u00fblants et mettre le corps en temp\u00eate! Le sage coquillage ornant votre pubis cache un tr\u00e9sor&#8230; Au bout de la chaine d&rsquo;argent, un gland de couleur noir s&rsquo;immisce en vous, avec d\u00e9licatesse et volupt\u00e9. Un bijou sextoy unique pour plonger au coeur des vagues, au coeur du plaisir.<\/p>\n","protected":false},"excerpt":{"rendered":"<p>Gr\u00e2ce \u00e0 ses \u00e9lastiques en coton doux,<br \/>\nvous positionnez le bijou string comme il vous plait.<\/p>\n<p>Coquillage et ornement :<br \/>\nPlaqu\u00e9 argent 10 microns sur m\u00e9tal.<br \/>\nPerle 1 micron 16 carats et finition 24 carats sur m\u00e9tal.<br \/>\nCoquillage au dos string.<\/p>\n<p>Gland en r\u00e9sine noir brillant (dia au plus large : env 32 mm)<br \/>\nsur chaine soud\u00e9e (longueur chaine : 15 cm)<br \/>\nHypoallerg\u00e9nique.<\/p>\n","protected":false},"featured_media":129560,"template":"","meta":{"_acf_changed":false},"product_brand":[],"product_cat":[58,60],"product_tag":[],"class_list":{"0":"post-129889","1":"product","2":"type-product","3":"status-publish","4":"has-post-thumbnail","6":"product_cat-bijou-intime-femme","7":"product_cat-bijoux-penetrants-femme","8":"collection-ocean-de-caresses","9":"product_option-tableau-tailles","11":"first","12":"instock","13":"taxable","14":"shipping-taxable","15":"purchasable","16":"product-type-simple"},"acf":[],"_links":{"self":[{"href":"https:\/\/www.sylvie-monthule.com\/fr\/wp-json\/wp\/v2\/product\/129889","targetHints":{"allow":["GET"]}}],"collection":[{"href":"https:\/\/www.sylvie-monthule.com\/fr\/wp-json\/wp\/v2\/product"}],"about":[{"href":"https:\/\/www.sylvie-monthule.com\/fr\/wp-json\/wp\/v2\/types\/product"}],"wp:featuredmedia":[{"embeddable":true,"href":"https:\/\/www.sylvie-monthule.com\/fr\/wp-json\/wp\/v2\/media\/129560"}],"wp:attachment":[{"href":"https:\/\/www.sylvie-monthule.com\/fr\/wp-json\/wp\/v2\/media?parent=129889"}],"wp:term":[{"taxonomy":"product_brand","embeddable":true,"href":"https:\/\/www.sylvie-monthule.com\/fr\/wp-json\/wp\/v2\/product_brand?post=129889"},{"taxonomy":"product_cat","embeddable":true,"href":"https:\/\/www.sylvie-monthule.com\/fr\/wp-json\/wp\/v2\/product_cat?post=129889"},{"taxonomy":"product_tag","embeddable":true,"href":"https:\/\/www.sylvie-monthule.com\/fr\/wp-json\/wp\/v2\/product_tag?post=129889"}],"curies":[{"name":"wp","href":"https:\/\/api.w.org\/{rel}","templated":true}]}}