{"id":129887,"date":"2022-11-07T14:49:22","date_gmt":"2022-11-06T14:49:22","guid":{"rendered":"https:\/\/www.sylvie-monthule.com\/?post_type=product&#038;p=129887"},"modified":"2025-02-17T08:46:58","modified_gmt":"2025-02-17T07:46:58","slug":"string-coquillage-argent-perle-rare","status":"publish","type":"product","link":"https:\/\/www.sylvie-monthule.com\/fr\/bijou\/string-coquillage-argent-perle-rare\/","title":{"rendered":"String coquillage argent perle rare"},"content":{"rendered":"<p>L&rsquo;oc\u00e9an a d\u00e9pos\u00e9 sur votre mont de v\u00e9nus, un ravissant coquillage. La coquille d&rsquo;argent blottit sur votre peau comme un \u00e9crin intime, d\u00e9voile vos d\u00e9lices&#8230; Sous le bijou coquillage, une perle rare tangue et s&rsquo;agite sur vos l\u00e8vres pour vous faire frissonner&#8230; Votre sexe nu s&rsquo;offre \u00e0 toutes les caresses de l&rsquo;amour. Dans le creux de vos reins, un second coquillage scintille pour exalter votre \u00e9rotisme, votre beaut\u00e9.<\/p>\n","protected":false},"excerpt":{"rendered":"<p>Gr\u00e2ce \u00e0 ses \u00e9lastiques en coton doux,<br \/>\nvous positionnez le bijou string comme vous le souhaitez.<\/p>\n<p>Coquillage et ornement<br \/>\nplaqu\u00e9 argent 10 microns sur m\u00e9tal.<br \/>\nPerle 1 micron 16 carats et finition 24 carats sur m\u00e9tal.<br \/>\nCoquillage dos string.<br \/>\nHypoallerg\u00e9nique.<\/p>\n","protected":false},"featured_media":129516,"template":"","meta":{"_acf_changed":false},"product_brand":[],"product_cat":[58,59],"product_tag":[],"class_list":{"0":"post-129887","1":"product","2":"type-product","3":"status-publish","4":"has-post-thumbnail","6":"product_cat-bijou-intime-femme","7":"product_cat-strings-bijoux","8":"collection-ocean-de-caresses","9":"product_option-tableau-tailles","11":"first","12":"instock","13":"taxable","14":"shipping-taxable","15":"purchasable","16":"product-type-simple"},"acf":[],"_links":{"self":[{"href":"https:\/\/www.sylvie-monthule.com\/fr\/wp-json\/wp\/v2\/product\/129887","targetHints":{"allow":["GET"]}}],"collection":[{"href":"https:\/\/www.sylvie-monthule.com\/fr\/wp-json\/wp\/v2\/product"}],"about":[{"href":"https:\/\/www.sylvie-monthule.com\/fr\/wp-json\/wp\/v2\/types\/product"}],"wp:featuredmedia":[{"embeddable":true,"href":"https:\/\/www.sylvie-monthule.com\/fr\/wp-json\/wp\/v2\/media\/129516"}],"wp:attachment":[{"href":"https:\/\/www.sylvie-monthule.com\/fr\/wp-json\/wp\/v2\/media?parent=129887"}],"wp:term":[{"taxonomy":"product_brand","embeddable":true,"href":"https:\/\/www.sylvie-monthule.com\/fr\/wp-json\/wp\/v2\/product_brand?post=129887"},{"taxonomy":"product_cat","embeddable":true,"href":"https:\/\/www.sylvie-monthule.com\/fr\/wp-json\/wp\/v2\/product_cat?post=129887"},{"taxonomy":"product_tag","embeddable":true,"href":"https:\/\/www.sylvie-monthule.com\/fr\/wp-json\/wp\/v2\/product_tag?post=129887"}],"curies":[{"name":"wp","href":"https:\/\/api.w.org\/{rel}","templated":true}]}}