{"id":118275,"date":"2021-11-09T11:03:06","date_gmt":"2021-11-08T11:03:06","guid":{"rendered":"https:\/\/www.sylvie-monthule.com\/?post_type=product&#038;p=118275\/"},"modified":"2025-09-24T07:45:51","modified_gmt":"2025-09-24T06:45:51","slug":"bijou-heurtoir-sexe-argent","status":"publish","type":"product","link":"https:\/\/www.sylvie-monthule.com\/fr\/bijou\/bijou-heurtoir-sexe-argent\/","title":{"rendered":"Bijou heurtoir sexe argent"},"content":{"rendered":"<p>La goutte suspendue, pleine et longue, vient heurter vos testicules. Un bijou heurtoir pour d\u00e9couvrir des sensations et en faire d\u00e9couvrir \u00e0 votre partenaire, qui sentira les battements rebelles du pendentif v\u00eatu d&rsquo;argent sur son corps pendant l&rsquo;acte d&rsquo;amour&#8230; Un bijou accessoire \u00e9rotique pour couple !<\/p>\n","protected":false},"excerpt":{"rendered":"<p>Bijou sexe. Base \u00e9lastiqu\u00e9e<br \/>\nen coton pour un maintien parfait.<br \/>\nChaines maille ronde.<\/p>\n<p>Longueur goutte 4.5 cm. Poids ; 28 Grs.<br \/>\nPlaqu\u00e9 argent 10 microns sur m\u00e9tal.<br \/>\nHypoallerg\u00e9nique.<\/p>\n","protected":false},"featured_media":117587,"template":"","meta":{"_acf_changed":false},"product_brand":[],"product_cat":[56,65],"product_tag":[],"class_list":{"0":"post-118275","1":"product","2":"type-product","3":"status-publish","4":"has-post-thumbnail","6":"product_cat-bijoux-hommes","7":"product_cat-bijoux-intimes-sexe","8":"collection-passionnement-nus","10":"first","11":"instock","12":"taxable","13":"shipping-taxable","14":"purchasable","15":"product-type-simple"},"acf":[],"_links":{"self":[{"href":"https:\/\/www.sylvie-monthule.com\/fr\/wp-json\/wp\/v2\/product\/118275","targetHints":{"allow":["GET"]}}],"collection":[{"href":"https:\/\/www.sylvie-monthule.com\/fr\/wp-json\/wp\/v2\/product"}],"about":[{"href":"https:\/\/www.sylvie-monthule.com\/fr\/wp-json\/wp\/v2\/types\/product"}],"wp:featuredmedia":[{"embeddable":true,"href":"https:\/\/www.sylvie-monthule.com\/fr\/wp-json\/wp\/v2\/media\/117587"}],"wp:attachment":[{"href":"https:\/\/www.sylvie-monthule.com\/fr\/wp-json\/wp\/v2\/media?parent=118275"}],"wp:term":[{"taxonomy":"product_brand","embeddable":true,"href":"https:\/\/www.sylvie-monthule.com\/fr\/wp-json\/wp\/v2\/product_brand?post=118275"},{"taxonomy":"product_cat","embeddable":true,"href":"https:\/\/www.sylvie-monthule.com\/fr\/wp-json\/wp\/v2\/product_cat?post=118275"},{"taxonomy":"product_tag","embeddable":true,"href":"https:\/\/www.sylvie-monthule.com\/fr\/wp-json\/wp\/v2\/product_tag?post=118275"}],"curies":[{"name":"wp","href":"https:\/\/api.w.org\/{rel}","templated":true}]}}