{"id":118264,"date":"2021-11-09T11:02:54","date_gmt":"2021-11-08T11:02:54","guid":{"rendered":"https:\/\/www.sylvie-monthule.com\/?post_type=product&#038;p=118264\/"},"modified":"2025-12-19T10:19:55","modified_gmt":"2025-12-19T09:19:55","slug":"string-perle-excite-sexe-or","status":"publish","type":"product","link":"https:\/\/www.sylvie-monthule.com\/fr\/bijou\/string-perle-excite-sexe-or\/","title":{"rendered":"String perle Excite sexe or"},"content":{"rendered":"<p>Sublime all\u00e9gorie \u00e0 la jouissance&#8230; Une longue et pleine goutte d&rsquo;or, libre de toute entrave, bats la cadence. Sans que vous ne la touchiez, chaque battement de la goutte diffuse des frissons qui irradient l&rsquo;ensemble de votre sexe, chacun de vos pas est un nouveau frisson. Vous ne r\u00e9sisterez pas au plaisir de la glisser entre vos l\u00e8vres pour sentir sa forme longue et lisse vous caresser&#8230; Et vous jouerez avec elle, lorsque assise, vous l&rsquo;immiscerez en secret au coeur de vos secrets !<\/p>\n","protected":false},"excerpt":{"rendered":"<p>Gr\u00e2ce \u00e0 ses \u00e9lastiques en coton doux,<br \/>\nvous positionnez le string \u00e0 la perfection.<\/p>\n<p>Haute dorure 1 micron 16 carats<br \/>\net finition 24 carats sur m\u00e9tal.<br \/>\nLongueur Goutte ; 4.5 cm. Poids : 28 Grs<br \/>\nHypoallerg\u00e9nique.<\/p>\n","protected":false},"featured_media":118067,"template":"","meta":{"_acf_changed":false},"product_brand":[],"product_cat":[58,59,60],"product_tag":[],"class_list":{"0":"post-118264","1":"product","2":"type-product","3":"status-publish","4":"has-post-thumbnail","6":"product_cat-bijou-intime-femme","7":"product_cat-strings-bijoux","8":"product_cat-bijoux-penetrants-femme","9":"collection-30-ans-derotisme","10":"collection-passionnement-nus","11":"product_option-tableau-tailles","13":"first","14":"instock","15":"taxable","16":"shipping-taxable","17":"purchasable","18":"product-type-simple"},"acf":[],"_links":{"self":[{"href":"https:\/\/www.sylvie-monthule.com\/fr\/wp-json\/wp\/v2\/product\/118264","targetHints":{"allow":["GET"]}}],"collection":[{"href":"https:\/\/www.sylvie-monthule.com\/fr\/wp-json\/wp\/v2\/product"}],"about":[{"href":"https:\/\/www.sylvie-monthule.com\/fr\/wp-json\/wp\/v2\/types\/product"}],"wp:featuredmedia":[{"embeddable":true,"href":"https:\/\/www.sylvie-monthule.com\/fr\/wp-json\/wp\/v2\/media\/118067"}],"wp:attachment":[{"href":"https:\/\/www.sylvie-monthule.com\/fr\/wp-json\/wp\/v2\/media?parent=118264"}],"wp:term":[{"taxonomy":"product_brand","embeddable":true,"href":"https:\/\/www.sylvie-monthule.com\/fr\/wp-json\/wp\/v2\/product_brand?post=118264"},{"taxonomy":"product_cat","embeddable":true,"href":"https:\/\/www.sylvie-monthule.com\/fr\/wp-json\/wp\/v2\/product_cat?post=118264"},{"taxonomy":"product_tag","embeddable":true,"href":"https:\/\/www.sylvie-monthule.com\/fr\/wp-json\/wp\/v2\/product_tag?post=118264"}],"curies":[{"name":"wp","href":"https:\/\/api.w.org\/{rel}","templated":true}]}}