{"id":118255,"date":"2021-11-09T11:02:45","date_gmt":"2021-11-08T11:02:45","guid":{"rendered":"https:\/\/www.sylvie-monthule.com\/?post_type=product&#038;p=118255\/"},"modified":"2025-02-17T08:47:16","modified_gmt":"2025-02-17T07:47:16","slug":"collier-seins-les-amants-argent","status":"publish","type":"product","link":"https:\/\/www.sylvie-monthule.com\/fr\/bijou\/collier-seins-les-amants-argent\/","title":{"rendered":"Collier seins les amants argent"},"content":{"rendered":"<p>Ce bijou couple lov\u00e9 dans l&rsquo;\u00e9chancrure de votre d\u00e9collet\u00e9 est d&rsquo;un \u00e9rotisme rare. Eclat et d\u00e9sir se sont donn\u00e9s rendez-vous ; ces deux amants d&rsquo;argent aux courbes pleines et douces s&rsquo;\u00e9treignent avec passion sur votre peau. Admirez les d\u00e9tails sensuels de leurs corps en fusion&#8230; avant de vous abandonner \u00e0 l&rsquo;ivresse des chaines oscillant sur vos seins comme des vagues de plaisir, et \u00e0 la folie d&rsquo;un bijou intime enla\u00e7ant vos t\u00e9tons.<\/p>\n","protected":false},"excerpt":{"rendered":"<p>Gr\u00e2ce \u00e0 la chaine de r\u00e9glage cou,<br \/>\nvous ajusterez la position de votre collier seins.<br \/>\nPlaqu\u00e9 argent 10 microns sur m\u00e9tal.<br \/>\nHypoallerg\u00e9nique.<\/p>\n<p>Attaches-seins non piercing, indolores<br \/>\net coulissantes, s&rsquo;adaptant \u00e0 tous les diam\u00e8tres de t\u00e9tons.<\/p>\n","protected":false},"featured_media":117883,"template":"","meta":{"_acf_changed":false},"product_brand":[],"product_cat":[58,69],"product_tag":[],"class_list":{"0":"post-118255","1":"product","2":"type-product","3":"status-publish","4":"has-post-thumbnail","6":"product_cat-bijou-intime-femme","7":"product_cat-bijoux-seins-non-piercing","8":"collection-passionnement-nus","10":"first","11":"instock","12":"taxable","13":"shipping-taxable","14":"purchasable","15":"product-type-simple"},"acf":[],"_links":{"self":[{"href":"https:\/\/www.sylvie-monthule.com\/fr\/wp-json\/wp\/v2\/product\/118255","targetHints":{"allow":["GET"]}}],"collection":[{"href":"https:\/\/www.sylvie-monthule.com\/fr\/wp-json\/wp\/v2\/product"}],"about":[{"href":"https:\/\/www.sylvie-monthule.com\/fr\/wp-json\/wp\/v2\/types\/product"}],"wp:featuredmedia":[{"embeddable":true,"href":"https:\/\/www.sylvie-monthule.com\/fr\/wp-json\/wp\/v2\/media\/117883"}],"wp:attachment":[{"href":"https:\/\/www.sylvie-monthule.com\/fr\/wp-json\/wp\/v2\/media?parent=118255"}],"wp:term":[{"taxonomy":"product_brand","embeddable":true,"href":"https:\/\/www.sylvie-monthule.com\/fr\/wp-json\/wp\/v2\/product_brand?post=118255"},{"taxonomy":"product_cat","embeddable":true,"href":"https:\/\/www.sylvie-monthule.com\/fr\/wp-json\/wp\/v2\/product_cat?post=118255"},{"taxonomy":"product_tag","embeddable":true,"href":"https:\/\/www.sylvie-monthule.com\/fr\/wp-json\/wp\/v2\/product_tag?post=118255"}],"curies":[{"name":"wp","href":"https:\/\/api.w.org\/{rel}","templated":true}]}}