{"id":118252,"date":"2021-11-09T11:02:41","date_gmt":"2021-11-08T11:02:41","guid":{"rendered":"https:\/\/www.sylvie-monthule.com\/?post_type=product&#038;p=118252\/"},"modified":"2025-02-17T08:47:17","modified_gmt":"2025-02-17T07:47:17","slug":"collier-seins-sculpture-penis-or","status":"publish","type":"product","link":"https:\/\/www.sylvie-monthule.com\/fr\/bijou\/collier-seins-sculpture-penis-or\/","title":{"rendered":"Collier seins sculpture p\u00e9nis or"},"content":{"rendered":"<p>Glissez ce bijou p\u00e9nis entre vos seins. Capturez sa cambrure, son d\u00e9sir et laissez-le se dresser sur votre buste. Ce p\u00e9nis or sculpt\u00e9 est une provocation sublime dans les moindres d\u00e9tails : la main qui l&rsquo;enlace, la perle symbole de plaisir qui s&rsquo;en \u00e9chappe. Succombez \u00e0 la caresse sensuelle des chaines d&rsquo;or courtisant vos seins, aux frissons de vos t\u00e9tons d\u00e9licatement pris au pi\u00e8ge, aux petites gouttes rebelles qui scintillent &#8230;<\/p>\n","protected":false},"excerpt":{"rendered":"<p>Gr\u00e2ce \u00e0 la chaine de r\u00e9glage cou,<br \/>\nvous ajusterez la position du pendentif p\u00e9nis.<br \/>\nHaute dorure 1 micron<br \/>\n16 carats et finition 24 carats.<br \/>\nHypoallerg\u00e9nique.<\/p>\n<p>Attaches-seins non piercing, indolores<br \/>\net coulissantes, s&rsquo;adaptant \u00e0 tous les diam\u00e8tres<br \/>\nde t\u00e9tons.<\/p>\n","protected":false},"featured_media":117807,"template":"","meta":{"_acf_changed":false},"product_brand":[],"product_cat":[58,69],"product_tag":[],"class_list":{"0":"post-118252","1":"product","2":"type-product","3":"status-publish","4":"has-post-thumbnail","6":"product_cat-bijou-intime-femme","7":"product_cat-bijoux-seins-non-piercing","8":"collection-passionnement-nus","10":"first","11":"instock","12":"taxable","13":"shipping-taxable","14":"purchasable","15":"product-type-simple"},"acf":[],"_links":{"self":[{"href":"https:\/\/www.sylvie-monthule.com\/fr\/wp-json\/wp\/v2\/product\/118252","targetHints":{"allow":["GET"]}}],"collection":[{"href":"https:\/\/www.sylvie-monthule.com\/fr\/wp-json\/wp\/v2\/product"}],"about":[{"href":"https:\/\/www.sylvie-monthule.com\/fr\/wp-json\/wp\/v2\/types\/product"}],"wp:featuredmedia":[{"embeddable":true,"href":"https:\/\/www.sylvie-monthule.com\/fr\/wp-json\/wp\/v2\/media\/117807"}],"wp:attachment":[{"href":"https:\/\/www.sylvie-monthule.com\/fr\/wp-json\/wp\/v2\/media?parent=118252"}],"wp:term":[{"taxonomy":"product_brand","embeddable":true,"href":"https:\/\/www.sylvie-monthule.com\/fr\/wp-json\/wp\/v2\/product_brand?post=118252"},{"taxonomy":"product_cat","embeddable":true,"href":"https:\/\/www.sylvie-monthule.com\/fr\/wp-json\/wp\/v2\/product_cat?post=118252"},{"taxonomy":"product_tag","embeddable":true,"href":"https:\/\/www.sylvie-monthule.com\/fr\/wp-json\/wp\/v2\/product_tag?post=118252"}],"curies":[{"name":"wp","href":"https:\/\/api.w.org\/{rel}","templated":true}]}}