{"id":118249,"date":"2021-11-09T11:02:38","date_gmt":"2021-11-08T11:02:38","guid":{"rendered":"https:\/\/www.sylvie-monthule.com\/?post_type=product&#038;p=118249\/"},"modified":"2025-02-17T08:48:35","modified_gmt":"2025-02-17T07:48:35","slug":"chaine-de-taille-sculpture-penis-argent","status":"publish","type":"product","link":"https:\/\/www.sylvie-monthule.com\/fr\/bijou\/chaine-de-taille-sculpture-penis-argent\/","title":{"rendered":"Chaine de taille sculpture p\u00e9nis argent"},"content":{"rendered":"<p>Dans la cambrure de vos reins, un p\u00e9nis se dresse, sublime sculpture \u00e9rotique ! Quelques perles d&rsquo;argent s&rsquo; \u00e9chappent, telles des gouttes de jouissance. Elles glissent le long des chaines qui se faufilent entre vos fesses et d&rsquo;exquis frissons parcourent votre corps. Sur votre peau, le p\u00e9nis scintille et se laisse admirer dans les moindres d\u00e9tails ; la main de femme qui l&rsquo;\u00e9treint, le gland subtilement dress\u00e9&#8230; Un bijou os\u00e9, si provocant !<\/p>\n","protected":false},"excerpt":{"rendered":"<p>Indiquez dans le bloc taille votre choix :<br \/>\nS, M, L, XL&#8230;. Quelle que soit la taille choisie<br \/>\nnos bijoux taille ont un r\u00e9glage.<\/p>\n<p>Plaqu\u00e9 argent 10 microns sur m\u00e9tal.<br \/>\nHypoallerg\u00e9nique.<\/p>\n","protected":false},"featured_media":117671,"template":"","meta":{"_acf_changed":false},"product_brand":[],"product_cat":[58,67],"product_tag":[],"class_list":{"0":"post-118249","1":"product","2":"type-product","3":"status-publish","4":"has-post-thumbnail","6":"product_cat-bijou-intime-femme","7":"product_cat-bijoux-taille-et-cheville","8":"collection-passionnement-nus","10":"first","11":"instock","12":"taxable","13":"shipping-taxable","14":"purchasable","15":"product-type-variable","16":"has-default-attributes"},"acf":[],"_links":{"self":[{"href":"https:\/\/www.sylvie-monthule.com\/fr\/wp-json\/wp\/v2\/product\/118249","targetHints":{"allow":["GET"]}}],"collection":[{"href":"https:\/\/www.sylvie-monthule.com\/fr\/wp-json\/wp\/v2\/product"}],"about":[{"href":"https:\/\/www.sylvie-monthule.com\/fr\/wp-json\/wp\/v2\/types\/product"}],"wp:featuredmedia":[{"embeddable":true,"href":"https:\/\/www.sylvie-monthule.com\/fr\/wp-json\/wp\/v2\/media\/117671"}],"wp:attachment":[{"href":"https:\/\/www.sylvie-monthule.com\/fr\/wp-json\/wp\/v2\/media?parent=118249"}],"wp:term":[{"taxonomy":"product_brand","embeddable":true,"href":"https:\/\/www.sylvie-monthule.com\/fr\/wp-json\/wp\/v2\/product_brand?post=118249"},{"taxonomy":"product_cat","embeddable":true,"href":"https:\/\/www.sylvie-monthule.com\/fr\/wp-json\/wp\/v2\/product_cat?post=118249"},{"taxonomy":"product_tag","embeddable":true,"href":"https:\/\/www.sylvie-monthule.com\/fr\/wp-json\/wp\/v2\/product_tag?post=118249"}],"curies":[{"name":"wp","href":"https:\/\/api.w.org\/{rel}","templated":true}]}}