{"id":118246,"date":"2021-11-09T11:02:35","date_gmt":"2021-11-08T11:02:35","guid":{"rendered":"https:\/\/www.sylvie-monthule.com\/?post_type=product&#038;p=118246\/"},"modified":"2025-02-17T08:48:22","modified_gmt":"2025-02-17T07:48:22","slug":"bijou-penis-excitation-or","status":"publish","type":"product","link":"https:\/\/www.sylvie-monthule.com\/fr\/bijou\/bijou-penis-excitation-or\/","title":{"rendered":"Bijou P\u00e9nis excitation or"},"content":{"rendered":"<p>Sous votre verge, un bijou symbole de votre excitation : un p\u00e9nis sculpt\u00e9 qui se dresse sous la caresse d&rsquo;une main de femme. Le pendentif p\u00e9nis or, suspendu \u00e0 la chaine, oscille librement et les gouttes qui s&rsquo;en \u00e9chappent, s&rsquo;agitent&#8230; Un bijou excitant que vous aimerez porter et faire d\u00e9couvrir&#8230; Choisirez-vous la version or ou la version argent?<\/p>\n","protected":false},"excerpt":{"rendered":"<p>Bijou de p\u00e9nis avec base \u00e9lastiqu\u00e9e<br \/>\net chaines pour un maintien parfait.<\/p>\n<p>Haute dorure 1 micron 16 carats<br \/>\net finition 24 carats sur m\u00e9tal.<br \/>\nHypoallerg\u00e9nique.<\/p>\n","protected":false},"featured_media":117531,"template":"","meta":{"_acf_changed":false},"product_brand":[],"product_cat":[56,65],"product_tag":[],"class_list":{"0":"post-118246","1":"product","2":"type-product","3":"status-publish","4":"has-post-thumbnail","6":"product_cat-bijoux-hommes","7":"product_cat-bijoux-intimes-sexe","8":"collection-passionnement-nus","10":"first","11":"instock","12":"taxable","13":"shipping-taxable","14":"purchasable","15":"product-type-simple"},"acf":[],"_links":{"self":[{"href":"https:\/\/www.sylvie-monthule.com\/fr\/wp-json\/wp\/v2\/product\/118246","targetHints":{"allow":["GET"]}}],"collection":[{"href":"https:\/\/www.sylvie-monthule.com\/fr\/wp-json\/wp\/v2\/product"}],"about":[{"href":"https:\/\/www.sylvie-monthule.com\/fr\/wp-json\/wp\/v2\/types\/product"}],"wp:featuredmedia":[{"embeddable":true,"href":"https:\/\/www.sylvie-monthule.com\/fr\/wp-json\/wp\/v2\/media\/117531"}],"wp:attachment":[{"href":"https:\/\/www.sylvie-monthule.com\/fr\/wp-json\/wp\/v2\/media?parent=118246"}],"wp:term":[{"taxonomy":"product_brand","embeddable":true,"href":"https:\/\/www.sylvie-monthule.com\/fr\/wp-json\/wp\/v2\/product_brand?post=118246"},{"taxonomy":"product_cat","embeddable":true,"href":"https:\/\/www.sylvie-monthule.com\/fr\/wp-json\/wp\/v2\/product_cat?post=118246"},{"taxonomy":"product_tag","embeddable":true,"href":"https:\/\/www.sylvie-monthule.com\/fr\/wp-json\/wp\/v2\/product_tag?post=118246"}],"curies":[{"name":"wp","href":"https:\/\/api.w.org\/{rel}","templated":true}]}}