{"id":118244,"date":"2021-11-09T11:02:33","date_gmt":"2021-11-08T11:02:33","guid":{"rendered":"https:\/\/www.sylvie-monthule.com\/?post_type=product&#038;p=118244\/"},"modified":"2025-02-17T08:47:00","modified_gmt":"2025-02-17T07:47:00","slug":"string-passion-damants-or","status":"publish","type":"product","link":"https:\/\/www.sylvie-monthule.com\/fr\/bijou\/string-passion-damants-or\/","title":{"rendered":"String passion d&rsquo;amants or"},"content":{"rendered":"<p>Sur votre pubis deux amants s&rsquo;enlacent et leurs corps fusionnent. Femme et homme s&rsquo;\u00e9treignent dans un \u00e9lan de d\u00e9sir et d&rsquo;amour. Elle et Lui ne font plus qu&rsquo;un. Ce bijou couple semble sculpt\u00e9 dans l&rsquo;or m\u00eame et sa douceur exquise trouble la peau . De cette passion, nait le vertige du plaisir comme la goutte pleine qui s&rsquo;\u00e9gare entre vos l\u00e8vres charnues, frotte sur votre clitoris&#8230; Dans le creux de vos reins, chaines d&rsquo;or et perle dessinent la volupt\u00e9 de vos courbes&#8230; Un string bijou merveilleux \u00e0 d\u00e9couvrir \u00e0 deux, entre amants&#8230; car la perle offrira mille jeux \u00e9rotiques.<\/p>\n","protected":false},"excerpt":{"rendered":"<p>Gr\u00e2ce \u00e0 ses \u00e9lastiques en coton doux,<br \/>\nvous positionnez le bijou string \u00e0 la perfection.<\/p>\n<p>Haute dorure 1 micron 16 carats et finition<br \/>\n24 carats sur m\u00e9tal.<br \/>\nHypoallerg\u00e9nique.<\/p>\n","protected":false},"featured_media":118027,"template":"","meta":{"_acf_changed":false},"product_brand":[],"product_cat":[58,59],"product_tag":[],"class_list":{"0":"post-118244","1":"product","2":"type-product","3":"status-publish","4":"has-post-thumbnail","6":"product_cat-bijou-intime-femme","7":"product_cat-strings-bijoux","8":"collection-passionnement-nus","9":"product_option-tableau-tailles","11":"first","12":"instock","13":"taxable","14":"shipping-taxable","15":"purchasable","16":"product-type-simple"},"acf":[],"_links":{"self":[{"href":"https:\/\/www.sylvie-monthule.com\/fr\/wp-json\/wp\/v2\/product\/118244","targetHints":{"allow":["GET"]}}],"collection":[{"href":"https:\/\/www.sylvie-monthule.com\/fr\/wp-json\/wp\/v2\/product"}],"about":[{"href":"https:\/\/www.sylvie-monthule.com\/fr\/wp-json\/wp\/v2\/types\/product"}],"wp:featuredmedia":[{"embeddable":true,"href":"https:\/\/www.sylvie-monthule.com\/fr\/wp-json\/wp\/v2\/media\/118027"}],"wp:attachment":[{"href":"https:\/\/www.sylvie-monthule.com\/fr\/wp-json\/wp\/v2\/media?parent=118244"}],"wp:term":[{"taxonomy":"product_brand","embeddable":true,"href":"https:\/\/www.sylvie-monthule.com\/fr\/wp-json\/wp\/v2\/product_brand?post=118244"},{"taxonomy":"product_cat","embeddable":true,"href":"https:\/\/www.sylvie-monthule.com\/fr\/wp-json\/wp\/v2\/product_cat?post=118244"},{"taxonomy":"product_tag","embeddable":true,"href":"https:\/\/www.sylvie-monthule.com\/fr\/wp-json\/wp\/v2\/product_tag?post=118244"}],"curies":[{"name":"wp","href":"https:\/\/api.w.org\/{rel}","templated":true}]}}