{"id":1139,"date":"2008-12-16T00:00:00","date_gmt":"2008-12-15T23:00:00","guid":{"rendered":"http:\/\/www.sylvie-monthule.com\/?product=cheville-diamant"},"modified":"2025-02-25T14:49:38","modified_gmt":"2025-02-25T13:49:38","slug":"cheville-diamant","status":"publish","type":"product","link":"https:\/\/www.sylvie-monthule.com\/fr\/bijou\/cheville-diamant\/","title":{"rendered":"Cheville Diamant"},"content":{"rendered":"<p>Dans Toutes les Cultures, on a ador\u00e9 la Cheville f\u00e9minine&#8230; Pour les gens raffin\u00e9s, elle est toujours un Ravissement&#8230; D\u00e9licatesse, F\u00e9minit\u00e9, appel coquin au \u00ab\u00a0Suivez-moi !\u00a0\u00bb, tout est dans cet adorable petit Bijou qui Scintille.<\/p>\n","protected":false},"excerpt":{"rendered":"<p>Bijou cheville avec 2 positions de r\u00e9glage, \u00e0 22 et 25 cm.<\/p>\n<p>Mati\u00e8re :  Cristaux purs \u00e0 facettes. Cha\u00eene fine maille for\u00e7at. Bijou plaqu\u00e9 or 3 microns 16 carats et finition 24 carats sur m\u00e9tal. Sans nickel. Lavable main. Hypoallerg\u00e9nique.<br \/>\n Couleur :  Or et Cristal<br \/>\n Conception :  Sylvie Monthul\u00e9<\/p>\n","protected":false},"featured_media":13154,"template":"","meta":{"_acf_changed":false},"product_brand":[],"product_cat":[58,67],"product_tag":[],"class_list":{"0":"post-1139","1":"product","2":"type-product","3":"status-publish","4":"has-post-thumbnail","6":"product_cat-bijou-intime-femme","7":"product_cat-bijoux-taille-et-cheville","8":"collection-un-diamant-intime-pour-toi-fr","9":"collection-anciennes-collections","11":"first","12":"instock","13":"taxable","14":"shipping-taxable","15":"purchasable","16":"product-type-simple"},"acf":[],"_links":{"self":[{"href":"https:\/\/www.sylvie-monthule.com\/fr\/wp-json\/wp\/v2\/product\/1139","targetHints":{"allow":["GET"]}}],"collection":[{"href":"https:\/\/www.sylvie-monthule.com\/fr\/wp-json\/wp\/v2\/product"}],"about":[{"href":"https:\/\/www.sylvie-monthule.com\/fr\/wp-json\/wp\/v2\/types\/product"}],"wp:featuredmedia":[{"embeddable":true,"href":"https:\/\/www.sylvie-monthule.com\/fr\/wp-json\/wp\/v2\/media\/13154"}],"wp:attachment":[{"href":"https:\/\/www.sylvie-monthule.com\/fr\/wp-json\/wp\/v2\/media?parent=1139"}],"wp:term":[{"taxonomy":"product_brand","embeddable":true,"href":"https:\/\/www.sylvie-monthule.com\/fr\/wp-json\/wp\/v2\/product_brand?post=1139"},{"taxonomy":"product_cat","embeddable":true,"href":"https:\/\/www.sylvie-monthule.com\/fr\/wp-json\/wp\/v2\/product_cat?post=1139"},{"taxonomy":"product_tag","embeddable":true,"href":"https:\/\/www.sylvie-monthule.com\/fr\/wp-json\/wp\/v2\/product_tag?post=1139"}],"curies":[{"name":"wp","href":"https:\/\/api.w.org\/{rel}","templated":true}]}}