{"id":52606,"date":"2018-05-22T10:08:26","date_gmt":"2018-05-22T09:08:26","guid":{"rendered":"https:\/\/www.sylvie-monthule.com\/?page_id=52606\/"},"modified":"2021-04-08T09:15:12","modified_gmt":"2021-04-08T08:15:12","slug":"protection-des-donnees-personnelles","status":"publish","type":"page","link":"https:\/\/www.sylvie-monthule.com\/fr\/protection-des-donnees-personnelles\/","title":{"rendered":"Protection des donn\u00e9es personnelles"},"content":{"rendered":"<p>&nbsp;<\/p>\n<p class=\"romantic\" style=\"text-align: justify;\">Suite aux nouvelles r\u00e8glementations concernant la protection des donn\u00e9es personnelles du 25 mai 2018,\u00a0Sylvie Monthul\u00e9 vous rappelle,\u00a0que depuis la naissance de son entreprise en 1995,\u00a0les donn\u00e9es personnelles que vous lui confiez quand vous passez\u00a0une commande (nom, adresse, e-mail, t\u00e9l\u00e9phone&#8230;) restent absolument\u00a0confidentielles et ne sont en aucun cas divulgu\u00e9es \u00e0 des soci\u00e9t\u00e9s tierces.Seules, les soci\u00e9t\u00e9s de transport, ont connaissance de vos coordonn\u00e9es pour la livraison de vos commandes.<\/p>\n<p>&nbsp;<\/p>\n<p>&nbsp;<\/p>\n<h2>Introduction<\/h2>\n<p style=\"text-align: justify;\">Sylvie Monthul\u00e9 est engag\u00e9 dans une d\u00e9marche continue de conformit\u00e9 avec le R\u00e8glement g\u00e9n\u00e9ral sur la protection des donn\u00e9es du 27 avril 2016. Avec ce nouveau r\u00e8glement Sylvie Monthul\u00e9 renforce sa politique de protection de donn\u00e9es personnelles afin que les donn\u00e9es de nos clients soient collect\u00e9es et utilis\u00e9es de mani\u00e8re transparente, confidentielle et s\u00e9curis\u00e9e.<\/p>\n<h2>Politique de protection des donn\u00e9es personnelles \u00e0 partir du 25 mai 2018<\/h2>\n<p style=\"text-align: justify;\">Notre Politique de protection des donn\u00e9es personnelles d\u00e9crit la mani\u00e8re dont Sylvie Monthul\u00e9 traite les donn\u00e9es \u00e0 caract\u00e8re personnel des visiteurs et des clients (ci- apr\u00e8s les \u00ab Utilisateurs \u00bb) lors de leur navigation sur notre site www.sylvie-monthule.com (ci-apr\u00e8s le \u00ab Site \u00bb). La Politique de protection des donn\u00e9es personnelles fait partie int\u00e9grante des Conditions G\u00e9n\u00e9rales d&rsquo;Utilisation du Site. Sylvie Monthul\u00e9 accorde en permanence une attention aux donn\u00e9es de nos Utilisateurs. Nous pouvons ainsi \u00eatre amen\u00e9s \u00e0 modifier, compl\u00e9ter ou mettre \u00e0 jour la Politique de protection des donn\u00e9es personnelles. Nous vous invitons \u00e0 consulter r\u00e9guli\u00e8rement la derni\u00e8re version en vigueur, accessible sur notre Site. Si des modifications majeures sont apport\u00e9es, nous vous informerons par email ou par nos services pour vous permettre d&rsquo;examiner ces modifications avant qu&rsquo;elles ne prennent effet. Si vous continuez \u00e0 utiliser nos Services apr\u00e8s la publication ou l&rsquo;envoi d&rsquo;un avis concernant les modifications apport\u00e9es \u00e0 la Politique de protection des donn\u00e9es personnelles, cela signifie que vous acceptez les mises \u00e0 jour.<\/p>\n<h2>Quelles donn\u00e9es personnelles sont collect\u00e9es et pour quelles finalit\u00e9s ?<\/h2>\n<p style=\"text-align: justify;\">Lorsque vous utilisez notre site et\/ou lors de votre inscription, nous collectons et traitons des donn\u00e9es \u00e0 caract\u00e8re personnel vous concernant telles que : vos noms et pr\u00e9noms dans le cadre de la cr\u00e9ation d&rsquo;un compte. Nous vous demanderons \u00e9galement de nous transmettre votre adresse email afin d&rsquo;utiliser cette donn\u00e9e pour la cr\u00e9ation d&rsquo;un compte, l&rsquo;envoi d&#8217;emails d&rsquo;informations concernant le suivi de vos commandes et de notifications, ainsi que pour la newsletter. Nous collectons \u00e9galement votre adresse postale, votre num\u00e9ro de t\u00e9l\u00e9phone dans le cadre de la livraison de vos commandes.<\/p>\n<h2>Pourquoi utilisons-nous des cookies ?<\/h2>\n<p style=\"text-align: justify;\"><strong>D\u00e9finition de \u00ab cookie \u00bb et son utilisation<\/strong>. Un \u00ab cookie \u00bb est un fichier texte d\u00e9pos\u00e9 sur votre ordinateur lors de la visite de notre plateforme. Dans votre ordinateur, les cookies sont g\u00e9r\u00e9s par votre navigateur internet. Nous utilisons des cookies sur notre Site pour les besoins de votre navigation, l&rsquo;optimisation et la personnalisation de nos Services sur notre Site en m\u00e9morisant vos pr\u00e9f\u00e9rences. Les cookies nous permettent aussi de voir comment notre Site est utilis\u00e9. Nous recueillons automatiquement votre adresse IP et des informations relatives \u00e0 l&rsquo;utilisation de notre Site. Notre Site peut ainsi se souvenir de votre identit\u00e9 lorsqu&rsquo;une connexion a \u00e9t\u00e9 \u00e9tablie entre le serveur et le navigateur web. Les informations fournies pr\u00e9c\u00e9demment dans un formulaire web pourront ainsi \u00eatre conserv\u00e9es. Toutes ces informations recueillies restent internes \u00e0 notre entreprise.<\/p>\n<p>Diff\u00e9rents types de cookies sont utilis\u00e9s sur notre Site :<\/p>\n<ul>\n<li>Des cookies sont strictement n\u00e9cessaires au fonctionnement de notre Site. Ils vous permettent d&rsquo;utiliser les principales fonctionnalit\u00e9s de notre Site (par exemple l&rsquo;acc\u00e8s \u00e0 vos informations, \u00e0 votre compte). Sans ces cookies, vous ne pourrez pas utiliser notre Site normalement.<\/li>\n<li>Des cookies de mesure d&rsquo;audience : afin d&rsquo;am\u00e9liorer nos services aupr\u00e8s de notre client\u00e8le, nous utilisons des cookies de mesures d&rsquo;audience telles que le nombre de pages vues, le nombre de visites, l&rsquo;activit\u00e9 des Utilisateurs et leur fr\u00e9quence de retour, notamment gr\u00e2ce aux services de Google Analytics. Ces cookies permettent seulement l&rsquo;\u00e9tablissement d&rsquo;\u00e9tudes statistiques sur le trafic des Utilisateurs sur notre plateforme, dont les r\u00e9sultats sont totalement anonymes. Ces informations nous permettent d&rsquo;am\u00e9liorer le fonctionnement de notre site, en vu de vous satisfaire au mieux.<\/li>\n<\/ul>\n<p><strong>Types de cookies utilis\u00e9s<\/strong>. Les types de cookies suivants sont utilis\u00e9s sur ce Site :<\/p>\n<ul>\n<li>Cookies \u00ab\u00a0temporaires\u00a0\u00bb : ce type de cookie est actif dans votre navigateur jusqu&rsquo;\u00e0 ce que vous quittiez notre plateforme et expire si vous n&rsquo;acc\u00e9dez pas au Site pendant une certaine p\u00e9riode donn\u00e9e.<\/li>\n<li>Cookies \u00ab\u00a0permanents\u00a0\u00bb\u00a0: ce type de cookie reste dans le fichier de cookies de votre navigateur pendant une p\u00e9riode plus longue, qui d\u00e9pend des param\u00e8tres de votre navigateur web.<\/li>\n<\/ul>\n<p style=\"text-align: justify;\"><strong>Utilisation des cookies de tiers.<\/strong> Nous travaillons avec des partenaires tiers, tels que Google Analytics, pour comprendre l&rsquo;activit\u00e9 des visiteurs de notre plateforme ou afin d&rsquo;identifier vos centres d&rsquo;int\u00e9r\u00eat sur notre plateforme et personnaliser l&rsquo;offre qui vous est adress\u00e9e sur notre Site. Les informations pouvant ainsi \u00eatre collect\u00e9es par des annonceurs tiers peuvent inclure des donn\u00e9es telles que des donn\u00e9es de g\u00e9o-localisation. Nous veillons \u00e0 ce que les soci\u00e9t\u00e9s partenaires acceptent de traiter les informations collect\u00e9es sur notre plateforme exclusivement pour nos besoins et conform\u00e9ment \u00e0 nos instructions, dans le respect de la r\u00e9glementation europ\u00e9enne et s&rsquo;engagent \u00e0 mettre en \u0153uvre des mesures appropri\u00e9es de s\u00e9curisation et de protection de la confidentialit\u00e9 des donn\u00e9es.<\/p>\n<p style=\"text-align: justify;\"><strong>D\u00e9sactivation des cookies<\/strong>. Vous pouvez \u00e0 tout moment d\u00e9sactiver les cookies en s\u00e9lectionnant les param\u00e8tres appropri\u00e9s de votre navigateur pour d\u00e9sactiver les cookies (<a href=\"https:\/\/www.cnil.fr\/fr\/cookies-les-outils-pour-les-maitriser\">https:\/\/www.cnil.fr\/fr\/cookies-les-outils-pour-les-maitriser<\/a>). Nous attirons votre attention sur le fait que la d\u00e9sactivation des cookies peut r\u00e9duire ou emp\u00eacher l&rsquo;accessibilit\u00e9 \u00e0 tout ou partie de certaines fonctions. En ce qui concerne les emails promotionnels : Vous pouvez \u00e0 tout moment retirer votre consentement en cliquant sur le lien de d\u00e9sinscription fourni dans chacune de nos communications ou (ii) en prenant contact avec nous.<\/p>\n<p>Nous collectons les informations que vous nous fournissez notamment quand :<\/p>\n<ul>\n<li>vous naviguez sur notre Site<\/li>\n<li>vous cr\u00e9ez, modifiez et acc\u00e9dez \u00e0 votre compte personnel<\/li>\n<li>vous remplissez un formulaire de contact<\/li>\n<li>vous finalisez une commande<\/li>\n<li>vous contactez notre Service Client<\/li>\n<\/ul>\n<h2>Vos donn\u00e9es sont-elles partag\u00e9es avec des tiers ?<\/h2>\n<p style=\"text-align: justify;\">Les donn\u00e9es personnelles vous concernant collect\u00e9es sur notre plateforme sont destin\u00e9es pour la propre utilisation par Sylvie Monthul\u00e9. Seules les informations pour la bonne livraison de vos commandes sont communiqu\u00e9es aux soci\u00e9t\u00e9s de transport avec lesquelles travaillent Sylvie Monthul\u00e9. Sylvie Monthul\u00e9 ne vend ni ne loue vos donn\u00e9es personnelles \u00e0 des tiers \u00e0 des fins de marketing, en aucun cas.<\/p>\n<h2>Comment sont prot\u00e9g\u00e9es vos donn\u00e9es personnelles ?<\/h2>\n<p style=\"text-align: justify;\">Sylvie Monthul\u00e9 applique les mesures de s\u00e9curit\u00e9 technologiques et organisationnelles\u00a0reconnues afin que les donn\u00e9es \u00e0 caract\u00e8re personnel recueillies ne soient, ni perdues, ni d\u00e9tourn\u00e9es, ni consult\u00e9es, ni modifi\u00e9es ni divulgu\u00e9es par des tiers non autoris\u00e9s sauf si la communication de ces donn\u00e9es est impos\u00e9e par la r\u00e9glementation en vigueur, notamment \u00e0 la requ\u00eate d&rsquo;une autorit\u00e9 judiciaire, de police, de gendarmerie ou de toute autre autorit\u00e9 habilit\u00e9e par la loi. La s\u00e9curit\u00e9 des donn\u00e9es personnelles d\u00e9pend \u00e9galement des Utilisateurs. Les Utilisateurs qui sont membres de Sylvie Monthul\u00e9 s&rsquo;engagent \u00e0 conserver la confidentialit\u00e9 de leur identifiant et de leur mot de passe. Les membres s&rsquo;engagent \u00e9galement \u00e0 ne pas partager leur compte et \u00e0 d\u00e9clarer \u00e0 Sylvie Monthul\u00e9 toute utilisation non autoris\u00e9e dudit compte d\u00e8s lors qu&rsquo;ils en ont connaissance.<\/p>\n<h2>Quelle est la dur\u00e9e de conservation des donn\u00e9es personnelles ?<\/h2>\n<p style=\"text-align: justify;\">Les donn\u00e9es \u00e0 caract\u00e8re personnel communiqu\u00e9es par les Utilisateurs de Sylvie Monthul\u00e9 seront supprim\u00e9s \u00e0 l&rsquo;issue d&rsquo;une certaine p\u00e9riode et selon les donn\u00e9es trait\u00e9es. Afin de permettre aux membres de r\u00e9cup\u00e9rer leur compte en cas d&rsquo;oubli de mot de passe apr\u00e8s une p\u00e9riode prolong\u00e9e sans connexion au Site, votre e-mail est conserv\u00e9 par s\u00e9curit\u00e9. Il est n\u00e9anmoins possible de le supprimer en modifiant les informations de son profil sur la section \u00ab Mon compte \u00bb du Site. Nous conservons vos donn\u00e9es uniquement le temps n\u00e9cessaire pour les finalit\u00e9s poursuivies, conform\u00e9ment aux prescriptions l\u00e9gales.<\/p>\n<h2>Que se passe-t-il en cas d&rsquo;utilisation du Site en relation avec les r\u00e9seaux sociaux ?<\/h2>\n<p style=\"text-align: justify;\">Lorsque vous utilisez des r\u00e9seaux sociaux et des services ou applications de Sylvie Monthul\u00e9 en relation avec des r\u00e9seaux sociaux, cela est susceptible d&rsquo;entra\u00eener une collecte et un \u00e9change de certaines donn\u00e9es entre les r\u00e9seaux sociaux et Sylvie Monthul\u00e9. Nous ne sommes pas responsables de l&rsquo;utilisation qui est faite de vos donn\u00e9es par les r\u00e9seaux sociaux pour leur propre compte. Vous avez la possibilit\u00e9 de param\u00e9trer et contr\u00f4ler directement sur les r\u00e9seaux sociaux l&rsquo;acc\u00e8s et la confidentialit\u00e9 de vos donn\u00e9es.<\/p>\n<h2>Quels sont vos droits ?<\/h2>\n<p>Conform\u00e9ment \u00e0 la r\u00e9glementation en vigueur les Utilisateurs de notre plateforme disposent des droits suivants :<\/p>\n<ul>\n<li>droit d&rsquo;acc\u00e8s et de rectification ;<\/li>\n<li>de mise \u00e0 jour , de compl\u00e9tude des donn\u00e9es Utilisateurs ;<\/li>\n<li>droit de verrouillage ou de suppression des donn\u00e9es des Utilisateurs<br \/>\n\u00e0 caract\u00e8re personnel, lorsqu&rsquo;elles sont inexactes, incompl\u00e8tes, \u00e9quivoques,<br \/>\np\u00e9rim\u00e9es, ou dont la collecte, l&rsquo;utilisation, la communication ou la conservation est interdite ;<\/li>\n<li>droit de retirer \u00e0 tout moment un consentement ;<\/li>\n<li>droit \u00e0 la limitation du traitement des donn\u00e9es des Utilisateurs ;<\/li>\n<li>droit d&rsquo;opposition aux traitement des donn\u00e9es personnelles ;<\/li>\n<li>droit \u00e0 la portabilit\u00e9 des donn\u00e9es que les Utilisateurs auront fournies,<br \/>\nlorsque ces donn\u00e9es font l&rsquo;objet de traitements automatis\u00e9s fond\u00e9s<br \/>\nsur leur consentement ou un contrat.<\/li>\n<\/ul>\n<p style=\"text-align: justify;\">Si vous souhaitez savoir comment Sylvie Monthul\u00e9 utilise ces donn\u00e9es personnelles, demander \u00e0 les rectifier ou s&rsquo;opposer \u00e0 un traitement vous pouvez envoyer un email \u00e0 l&rsquo;adresse contact@sylvie-monthule.fr ou adresser un courrier \u00e0 l&rsquo;adresse suivante : Ose cr\u00e9ations \u2013 Sylvie Monthul\u00e9 &#8211; 269 Avenue du G\u00e9neral de Gaulle 94500 CHAMPIGNY SUR MARNE \u2013 FRANCE. Enfin les Utilisateurs de Sylvie Monthul\u00e9 peuvent d\u00e9poser une r\u00e9clamation aupr\u00e8s des autorit\u00e9s de contr\u00f4le, et notamment de la CNIL (https:\/\/www.cnil.fr:fr\/plaintes) Vos requ\u00eates seront trait\u00e9es sous 30 jours. En compl\u00e9ment de votre demande, nous vous demanderons de joindre une photocopie d&rsquo;un justificatif d&rsquo;identit\u00e9 afin que Sylvie Monthul\u00e9 puisse v\u00e9rifier votre identit\u00e9.<\/p>\n<h2>Comment nous contacter ?<\/h2>\n<p>Si vous avez des questions ou des r\u00e9clamations ou si vous souhaitez faire part \u00e0 Sylvie Monthul\u00e9 de recommandations ou de commentaires visant \u00e0 am\u00e9liorer notre Politique de protection des donn\u00e9es personnelles vous pouvez envoyer un email \u00e0 l&rsquo;adresse contact@sylvie-monthule.fr ou adresser un courrier \u00e0 l&rsquo;adresse suivante :<br \/>\nOse cr\u00e9ations \u2013 Sylvie Monthul\u00e9<br \/>\n269 Avenue du G\u00e9neral de Gaulle<br \/>\n94500 CHAMPIGNY SUR MARNE- FRANCE.<\/p>\n","protected":false},"excerpt":{"rendered":"<p>&nbsp; Suite aux nouvelles r\u00e8glementations concernant la protection des donn\u00e9es personnelles du 25 mai 2018,\u00a0Sylvie Monthul\u00e9 vous rappelle,\u00a0que depuis la naissance de son entreprise en 1995,\u00a0les donn\u00e9es personnelles que vous lui confiez quand vous passez\u00a0une commande (nom, adresse, e-mail, t\u00e9l\u00e9phone&#8230;) restent absolument\u00a0confidentielles et ne sont en aucun cas divulgu\u00e9es \u00e0 des soci\u00e9t\u00e9s tierces.Seules, les soci\u00e9t\u00e9s [&hellip;]<\/p>\n","protected":false},"author":9379,"featured_media":0,"parent":0,"menu_order":0,"comment_status":"closed","ping_status":"closed","template":"","meta":{"_acf_changed":false,"footnotes":""},"class_list":["post-52606","page","type-page","status-publish","hentry"],"acf":[],"_links":{"self":[{"href":"https:\/\/www.sylvie-monthule.com\/fr\/wp-json\/wp\/v2\/pages\/52606","targetHints":{"allow":["GET"]}}],"collection":[{"href":"https:\/\/www.sylvie-monthule.com\/fr\/wp-json\/wp\/v2\/pages"}],"about":[{"href":"https:\/\/www.sylvie-monthule.com\/fr\/wp-json\/wp\/v2\/types\/page"}],"author":[{"embeddable":true,"href":"https:\/\/www.sylvie-monthule.com\/fr\/wp-json\/wp\/v2\/users\/9379"}],"replies":[{"embeddable":true,"href":"https:\/\/www.sylvie-monthule.com\/fr\/wp-json\/wp\/v2\/comments?post=52606"}],"version-history":[{"count":27,"href":"https:\/\/www.sylvie-monthule.com\/fr\/wp-json\/wp\/v2\/pages\/52606\/revisions"}],"predecessor-version":[{"id":109009,"href":"https:\/\/www.sylvie-monthule.com\/fr\/wp-json\/wp\/v2\/pages\/52606\/revisions\/109009"}],"wp:attachment":[{"href":"https:\/\/www.sylvie-monthule.com\/fr\/wp-json\/wp\/v2\/media?parent=52606"}],"curies":[{"name":"wp","href":"https:\/\/api.w.org\/{rel}","templated":true}]}}