{"id":32586,"date":"2016-10-05T13:55:24","date_gmt":"2016-10-05T12:55:24","guid":{"rendered":"https:\/\/www.sylvie-monthule.com\/fr\/?page_id=32586"},"modified":"2025-11-04T16:12:21","modified_gmt":"2025-11-04T15:12:21","slug":"mentions-legales","status":"publish","type":"page","link":"https:\/\/www.sylvie-monthule.com\/fr\/mentions-legales\/","title":{"rendered":"Mentions L\u00e9gales"},"content":{"rendered":"<p>&nbsp;<\/p>\n<h2>EDITEUR<\/h2>\n<p>Le site www.sylvie-monthule.com est \u00e9dit\u00e9 par la soci\u00e9t\u00e9<br \/>\nOse Cr\u00e9ations, 269 avenue du G\u00e9n\u00e9ral de Gaulle<br \/>\n94502 CHAMPIGNY S\/M FRANCE<br \/>\nSARL au capital de 8000\u00a0euros,<br \/>\nimmatricul\u00e9e au registre des entreprises fran\u00e7aises<br \/>\nsous le num\u00e9ro SIRET 433 682 952 00026.<\/p>\n<p>N\u00b0 TVA : FR 90 433 682 952<\/p>\n<p>T\u00e9l\u00e9phone: +33 (0)1 48 82 44 46<\/p>\n<p>Courriel: contact@sylvie-monthule.com<\/p>\n<h2>DIRECTEUR DE LA PUBLICATION<\/h2>\n<p>Le directeur de la publication du site est Ose Cr\u00e9ations<\/p>\n<p>Le responsable \u00e9ditorial du site est\u00a0Ose Cr\u00e9ations<\/p>\n<h2>HEBERGEUR<\/h2>\n<p>Le site est h\u00e9berg\u00e9 par la soci\u00e9t\u00e9 DOCTYPE,<br \/>\ndont le si\u00e8ge social est situ\u00e9<br \/>\n42 Rue de la Lib\u00e9ration \u2013 91680 BRUYERES LE CHATEL<\/p>\n<p>Courriel : contact@doctype.fr<\/p>\n<h2>PROPRIETE INTELLECTUELLE<\/h2>\n<p>La structure g\u00e9n\u00e9rale du site : les produits, les textes, graphiques,<br \/>\nimages, sons et vid\u00e9os la composant, sont la propri\u00e9t\u00e9 de la soci\u00e9t\u00e9 Ose Cr\u00e9ations\/Sylvie Monthul\u00e9.<br \/>\nLes dessins et peintures (originaux ou prints) pr\u00e9sent\u00e9s sur ce site<br \/>\nrestent la propri\u00e9t\u00e9 artistique exclusive de Sylvie Monthul\u00e9.<br \/>\nToute repr\u00e9sentation et\/ou reproduction et\/ou exploitation partielle ou totale de ce site,<br \/>\npar quelque proc\u00e9d\u00e9 que ce soit, sans l\u2019autorisation pr\u00e9alable<br \/>\net par \u00e9crit de la soci\u00e9t\u00e9 Ose Cr\u00e9ations\u00a0est strictement interdite<br \/>\net serait susceptible de constituer une contrefa\u00e7on au sens<br \/>\ndes articles L 335-2 et suivants du Code de la propri\u00e9t\u00e9 intellectuelle.<\/p>\n<h2>LOI INFORMATIQUES ET LIBERTES<\/h2>\n<p>Conform\u00e9ment \u00e0 la loi Informatique et Libert\u00e9 78-17 du 6 janvier 1978 modifi\u00e9e,<br \/>\nvous disposez d\u2019un droit d\u2019opposition (art. 38), d\u2019acc\u00e8s (art. 39),<br \/>\nde rectification ou de suppression (art. 40) des donn\u00e9es qui vous concernent.<br \/>\nVous pouvez exercer ce droit en vous adressant \u00e0 la soci\u00e9t\u00e9 Ose Cr\u00e9ations.<\/p>\n<p>Ce droit s\u2019exerce, en justifiant de son identit\u00e9,<br \/>\npar voie postale \u00e0 l\u2019adresse suivante :<\/p>\n<p>Ose Cr\u00e9ations<br \/>\n269 avenue du G\u00e9n\u00e9ral de Gaulle<br \/>\n94502 CHAMPIGNY S\/M FRANCE<\/p>\n<p>Toutes les donn\u00e9es personnelles qui sont recueillies sont trait\u00e9es<br \/>\navec la plus stricte confidentialit\u00e9. En particulier, Ose Cr\u00e9ations\u00a0s\u2019engage<br \/>\n\u00e0 respecter la confidentialit\u00e9 des messages courriels<br \/>\ntransmis au moyen d\u2019une messagerie \u00e9lectronique.<\/p>\n","protected":false},"excerpt":{"rendered":"<p>&nbsp; EDITEUR Le site www.sylvie-monthule.com est \u00e9dit\u00e9 par la soci\u00e9t\u00e9 Ose Cr\u00e9ations, 269 avenue du G\u00e9n\u00e9ral de Gaulle 94502 CHAMPIGNY S\/M FRANCE SARL au capital de 8000\u00a0euros, immatricul\u00e9e au registre des entreprises fran\u00e7aises sous le num\u00e9ro SIRET 433 682 952 00026. N\u00b0 TVA : FR 90 433 682 952 T\u00e9l\u00e9phone: +33 (0)1 48 82 44 [&hellip;]<\/p>\n","protected":false},"author":9379,"featured_media":0,"parent":0,"menu_order":0,"comment_status":"closed","ping_status":"closed","template":"","meta":{"_acf_changed":false,"footnotes":""},"class_list":["post-32586","page","type-page","status-publish","hentry"],"acf":[],"_links":{"self":[{"href":"https:\/\/www.sylvie-monthule.com\/fr\/wp-json\/wp\/v2\/pages\/32586","targetHints":{"allow":["GET"]}}],"collection":[{"href":"https:\/\/www.sylvie-monthule.com\/fr\/wp-json\/wp\/v2\/pages"}],"about":[{"href":"https:\/\/www.sylvie-monthule.com\/fr\/wp-json\/wp\/v2\/types\/page"}],"author":[{"embeddable":true,"href":"https:\/\/www.sylvie-monthule.com\/fr\/wp-json\/wp\/v2\/users\/9379"}],"replies":[{"embeddable":true,"href":"https:\/\/www.sylvie-monthule.com\/fr\/wp-json\/wp\/v2\/comments?post=32586"}],"version-history":[{"count":13,"href":"https:\/\/www.sylvie-monthule.com\/fr\/wp-json\/wp\/v2\/pages\/32586\/revisions"}],"predecessor-version":[{"id":148479,"href":"https:\/\/www.sylvie-monthule.com\/fr\/wp-json\/wp\/v2\/pages\/32586\/revisions\/148479"}],"wp:attachment":[{"href":"https:\/\/www.sylvie-monthule.com\/fr\/wp-json\/wp\/v2\/media?parent=32586"}],"curies":[{"name":"wp","href":"https:\/\/api.w.org\/{rel}","templated":true}]}}