{"id":26606,"date":"2015-10-02T15:01:12","date_gmt":"2015-10-02T14:01:12","guid":{"rendered":"https:\/\/www.sylvie-monthule.com\/fr\/?page_id=26606"},"modified":"2022-03-23T09:07:45","modified_gmt":"2022-03-23T08:07:45","slug":"temoignages","status":"publish","type":"page","link":"https:\/\/www.sylvie-monthule.com\/fr\/temoignages\/","title":{"rendered":"T\u00e9moignages"},"content":{"rendered":"<h2><\/h2>\n<h2 style=\"text-align: center;\">Vos t\u00e9moignages sexy sur les bijoux intimes<\/h2>\n<p class=\"romantic\" style=\"text-align: justify;\">Vous avez tr\u00e8s envie de nous faire parvenir votre t\u00e9moignage sur votre bijou \u00e9rotique favori? Surtout n&rsquo;h\u00e9sitez pas ! Envoyez-nous vos photos et vos commentaires par e-mail. Nous ne pouvons pas publier tous les t\u00e9moignages que nous recevons, mais nous essayons chaque mois d&rsquo;en pr\u00e9senter quelques uns. Soyez rassur\u00e9s, vos photos et textes, sont publi\u00e9s sur le site de mani\u00e8re totalement anonymes Vous souhaitez une information pr\u00e9cise avant de nous adresser votre t\u00e9moignage ? Contactez-nous par e-mail et nous vous r\u00e9pondrons avec plaisir.<\/p>\n<p style=\"text-align: center;\">\n","protected":false},"excerpt":{"rendered":"<p>Vos t\u00e9moignages sexy sur les bijoux intimes Vous avez tr\u00e8s envie de nous faire parvenir votre t\u00e9moignage sur votre bijou \u00e9rotique favori? Surtout n&rsquo;h\u00e9sitez pas ! Envoyez-nous vos photos et vos commentaires par e-mail. Nous ne pouvons pas publier tous les t\u00e9moignages que nous recevons, mais nous essayons chaque mois d&rsquo;en pr\u00e9senter quelques uns. Soyez [&hellip;]<\/p>\n","protected":false},"author":9379,"featured_media":0,"parent":0,"menu_order":0,"comment_status":"closed","ping_status":"closed","template":"page-templates\/temoignages.php","meta":{"_acf_changed":false,"footnotes":""},"class_list":["post-26606","page","type-page","status-publish","hentry"],"acf":[],"_links":{"self":[{"href":"https:\/\/www.sylvie-monthule.com\/fr\/wp-json\/wp\/v2\/pages\/26606","targetHints":{"allow":["GET"]}}],"collection":[{"href":"https:\/\/www.sylvie-monthule.com\/fr\/wp-json\/wp\/v2\/pages"}],"about":[{"href":"https:\/\/www.sylvie-monthule.com\/fr\/wp-json\/wp\/v2\/types\/page"}],"author":[{"embeddable":true,"href":"https:\/\/www.sylvie-monthule.com\/fr\/wp-json\/wp\/v2\/users\/9379"}],"replies":[{"embeddable":true,"href":"https:\/\/www.sylvie-monthule.com\/fr\/wp-json\/wp\/v2\/comments?post=26606"}],"version-history":[{"count":19,"href":"https:\/\/www.sylvie-monthule.com\/fr\/wp-json\/wp\/v2\/pages\/26606\/revisions"}],"predecessor-version":[{"id":109202,"href":"https:\/\/www.sylvie-monthule.com\/fr\/wp-json\/wp\/v2\/pages\/26606\/revisions\/109202"}],"wp:attachment":[{"href":"https:\/\/www.sylvie-monthule.com\/fr\/wp-json\/wp\/v2\/media?parent=26606"}],"curies":[{"name":"wp","href":"https:\/\/api.w.org\/{rel}","templated":true}]}}