{"id":24036,"date":"2015-05-12T13:10:24","date_gmt":"2015-05-12T12:10:24","guid":{"rendered":"http:\/\/www.sylvie-monthule.com\/?page_id=24036"},"modified":"2024-01-15T10:56:37","modified_gmt":"2024-01-15T09:56:37","slug":"qualite","status":"publish","type":"page","link":"https:\/\/www.sylvie-monthule.com\/fr\/qualite\/","title":{"rendered":"Qualit\u00e9"},"content":{"rendered":"<div class=\"wp-block-image\">\n<figure class=\"aligncenter size-full is-resized\"><img loading=\"lazy\" decoding=\"async\" width=\"960\" height=\"960\" src=\"https:\/\/www.sylvie-monthule.com\/wp-content\/uploads\/2022\/05\/fabrication-france.jpeg\" alt=\"bijou-intime-fabrication-france-designer\" class=\"wp-image-127094\" style=\"width:240px;height:240px\" srcset=\"https:\/\/www.sylvie-monthule.com\/wp-content\/uploads\/2022\/05\/fabrication-france.jpeg 960w, https:\/\/www.sylvie-monthule.com\/wp-content\/uploads\/2022\/05\/fabrication-france-300x300.jpeg 300w, https:\/\/www.sylvie-monthule.com\/wp-content\/uploads\/2022\/05\/fabrication-france-150x150.jpeg 150w, https:\/\/www.sylvie-monthule.com\/wp-content\/uploads\/2022\/05\/fabrication-france-768x768.jpeg 768w, https:\/\/www.sylvie-monthule.com\/wp-content\/uploads\/2022\/05\/fabrication-france-600x600.jpeg 600w, https:\/\/www.sylvie-monthule.com\/wp-content\/uploads\/2022\/05\/fabrication-france-100x100.jpeg 100w\" sizes=\"auto, (max-width: 960px) 100vw, 960px\" \/><\/figure><\/div>\n\n\n<p class=\"has-text-align-center\"><em><strong>Depuis plus de 25 ans, Sylvie Monthul\u00e9, cr\u00e9atrice Fran\u00e7aise,<\/strong><\/em><br><em><strong>imagine, dessine et fabrique pour vous<\/strong><\/em><br><em><strong>des bijoux intimes \u00e9rotiques uniques.<\/strong><\/em><\/p>\n\n\n\n<h2 class=\"wp-block-heading\">QUALITE MADE IN FRANCE<\/h2>\n\n\n\n<p>Tous les bijoux Sylvie Monthul\u00e9 sont<strong> fabriqu\u00e9s en France avec des mat\u00e9riaux d&rsquo;excellence et hypoallerg\u00e9niques<\/strong>. Pour chaque bijou, vous trouverez les informations essentielles ainsi que la description et la mati\u00e8re (plaqu\u00e9 or ou plaqu\u00e9 argent, haute dorure, etc&#8230;). La marque Sylvie Monthul\u00e9 est prot\u00e9g\u00e9e et d\u00e9pos\u00e9e. Vous souhaitez en apprendre davantage sur la cr\u00e9atrice ; consultez <a href=\"https:\/\/www.sylvie-monthule.com\/fr\/la-creatrice\/\">la page la cr\u00e9atrice<\/a>.<\/p>\n\n\n\n<h2 class=\"wp-block-heading\">SERVICE APRES VENTE<\/h2>\n\n\n\n<p><strong>Nos ateliers disposent d&rsquo;un service apr\u00e8s-vente<\/strong>. Nous sommes \u00e0 votre disposition pour effectuer des changements de taille ou des r\u00e9parations \u00e9ventuelles sur votre bijou, quelle que soit sa date d&rsquo;achat. Nous vous demanderons le paiement des frais de transport pour la r\u00e9exp\u00e9dition de votre ou de vos bijoux, et en fonction du type de modification de taille ou de r\u00e9paration \u00e0 effectuer un cout modique peut vous \u00eatre demand\u00e9. Bien sur, si un de nos bijoux vous est livr\u00e9 avec un d\u00e9faut, ou s&rsquo;il vous parvient \u00ab\u00a0endommag\u00e9\u00a0\u00bb, notre atelier proc\u00e9dera \u00e0 sa r\u00e9paration ou \u00e0 son \u00e9change, \u00e0 nos frais et dans les d\u00e9lais les plus brefs.<\/p>\n\n\n\n<h2 class=\"wp-block-heading\">CONSEILS D&rsquo;ENTRETIEN<\/h2>\n\n\n\n<p><strong>Pour entretenir l&rsquo;\u00e9clat et la qualit\u00e9 de vos bijoux voici quelques conseils<\/strong> :<br>&#8211; Lavez-les \u00e0 l&rsquo;eau savonneuse et n&rsquo;utilisez pas d&rsquo;alcool.<br>&#8211; Evitez de vaporiser du parfum sur vos bijoux.<br>&#8211; Evitez les bains de mer ou les bains en piscine<br>(le sel et le chlore peuvent ternir vos bijoux)<br>&#8211; Bijoux clitoris, bijoux p\u00e9n\u00e9trants ;<br>Avant et apr\u00e8s chaque utilisation, nettoyer votre bijou \u00e0 l&rsquo;eau savonneuse<br>et utilisez un gel lubrifiant si besoin avant l&rsquo;insertion d&rsquo;un bijou vaginal ou anal.<br>Ne portez pas votre bijou intime si la zone concern\u00e9e est irrit\u00e9e ou sensible.<br>Ne pr\u00eatez pas vos bijoux sexuels \u00e0 d&rsquo;autres personnes.<br>&#8211; Bijoux plaqu\u00e9 argent ; l&rsquo;argent noircit naturellement. Il vous suffit de frotter<br>votre bijou avec un chiffon doux pour qu&rsquo;il retrouve tout son \u00e9clat.<br>&#8211; Rangez vos bijoux dans leurs \u00e9tuis apr\u00e8s chaque utilisation pour les prot\u00e9ger.<br>&#8211; La soci\u00e9t\u00e9 Sylvie Monthul\u00e9 \/ Ose cr\u00e9ations cr\u00e9\u00e9e et commercialise<br>des bijoux \u00e9rotiques pour des personnes majeures et pour une utilisation pr\u00e9cise.<br>Elle ne pourrait, en aucun cas, \u00eatre tenue pour responsable d&rsquo;une autre utilisation<br>qui serait faite de ses bijoux.<\/p>\n\n\n\n<h2 class=\"wp-block-heading\">RETOURS<\/h2>\n\n\n\n<p>Quel que soit le motif de renvoi de votre bijou,<br>contactez-nous par e-mail <a href=\"mailto:contact@sylvie-monthule.com\">contact@sylvie-monthule.com<\/a>,<br>en nous indiquant le num\u00e9ro de votre commande et la raison du retour.<br>Nous vous informerons tr\u00e8s vite de la proc\u00e9dure \u00e0 suivre.<\/p>\n\n\n\n<p>Dans tous les cas, votre bijou doit nous \u00eatre retourn\u00e9 ;<br>&#8211; propre et\/ou nettoy\u00e9<br>&#8211; dans un emballage avec protection ou dans son emballage d&rsquo;origine<br>accompagn\u00e9 de vos coordonn\u00e9es compl\u00e8tes et\/ou de la copie de la facture.<\/p>\n\n\n\n<p>Attention ; Par mesure \u00ab\u00a0d&rsquo;hygi\u00e8ne\u00a0\u00bb, les bijoux p\u00e9n\u00e9trants, bijoux clitoris,<br>bijoux anals, bijoux sexe, ne sont ni \u00e9chang\u00e9s, ni rembours\u00e9s.<br>Ils peuvent nous \u00eatre retourn\u00e9s pour des modifications de taille ou<br>une \u00e9ventuelle r\u00e9paration, comme tous les autres bijoux.<br>Voir tous les d\u00e9tails dans <a href=\"https:\/\/www.sylvie-monthule.com\/fr\/cgv\/\">nos conditions g\u00e9n\u00e9rales de vente<\/a>.<\/p>\n","protected":false},"excerpt":{"rendered":"<p>Depuis plus de 25 ans, Sylvie Monthul\u00e9, cr\u00e9atrice Fran\u00e7aise,imagine, dessine et fabrique pour vousdes bijoux intimes \u00e9rotiques uniques. QUALITE MADE IN FRANCE Tous les bijoux Sylvie Monthul\u00e9 sont fabriqu\u00e9s en France avec des mat\u00e9riaux d&rsquo;excellence et hypoallerg\u00e9niques. Pour chaque bijou, vous trouverez les informations essentielles ainsi que la description et la mati\u00e8re (plaqu\u00e9 or ou [&hellip;]<\/p>\n","protected":false},"author":9379,"featured_media":0,"parent":0,"menu_order":0,"comment_status":"closed","ping_status":"closed","template":"","meta":{"_acf_changed":false,"footnotes":""},"class_list":["post-24036","page","type-page","status-publish","hentry"],"acf":[],"_links":{"self":[{"href":"https:\/\/www.sylvie-monthule.com\/fr\/wp-json\/wp\/v2\/pages\/24036","targetHints":{"allow":["GET"]}}],"collection":[{"href":"https:\/\/www.sylvie-monthule.com\/fr\/wp-json\/wp\/v2\/pages"}],"about":[{"href":"https:\/\/www.sylvie-monthule.com\/fr\/wp-json\/wp\/v2\/types\/page"}],"author":[{"embeddable":true,"href":"https:\/\/www.sylvie-monthule.com\/fr\/wp-json\/wp\/v2\/users\/9379"}],"replies":[{"embeddable":true,"href":"https:\/\/www.sylvie-monthule.com\/fr\/wp-json\/wp\/v2\/comments?post=24036"}],"version-history":[{"count":41,"href":"https:\/\/www.sylvie-monthule.com\/fr\/wp-json\/wp\/v2\/pages\/24036\/revisions"}],"predecessor-version":[{"id":137873,"href":"https:\/\/www.sylvie-monthule.com\/fr\/wp-json\/wp\/v2\/pages\/24036\/revisions\/137873"}],"wp:attachment":[{"href":"https:\/\/www.sylvie-monthule.com\/fr\/wp-json\/wp\/v2\/media?parent=24036"}],"curies":[{"name":"wp","href":"https:\/\/api.w.org\/{rel}","templated":true}]}}