{"id":23949,"date":"2015-03-16T08:56:21","date_gmt":"2015-03-16T07:56:21","guid":{"rendered":"http:\/\/www.sylvie-monthule.com\/?page_id=23949"},"modified":"2025-01-15T09:50:55","modified_gmt":"2025-01-15T08:50:55","slug":"espace-professionnel","status":"publish","type":"page","link":"https:\/\/www.sylvie-monthule.com\/fr\/espace-professionnel\/","title":{"rendered":"Espace Professionnel"},"content":{"rendered":"<p><strong>Vous souhaitez vendre nos Bijoux ?<\/strong><br \/>\nContactez nous par mail \u00e0 :<br \/>\ncontact@sylvie-monthule.com<\/p>\n<p>Nous vous r\u00e9pondrons dans les plus brefs d\u00e9lais.<\/p>\n<p>Sylvie Monthul\u00e9 et son \u00e9quipe.<\/p>\n\n","protected":false},"excerpt":{"rendered":"<p>Vous souhaitez vendre nos Bijoux ? Contactez nous par mail \u00e0 : contact@sylvie-monthule.com Nous vous r\u00e9pondrons dans les plus brefs d\u00e9lais. Sylvie Monthul\u00e9 et son \u00e9quipe.<\/p>\n","protected":false},"author":9379,"featured_media":0,"parent":0,"menu_order":0,"comment_status":"closed","ping_status":"closed","template":"","meta":{"_acf_changed":false,"footnotes":""},"class_list":["post-23949","page","type-page","status-publish","hentry"],"acf":[],"_links":{"self":[{"href":"https:\/\/www.sylvie-monthule.com\/fr\/wp-json\/wp\/v2\/pages\/23949","targetHints":{"allow":["GET"]}}],"collection":[{"href":"https:\/\/www.sylvie-monthule.com\/fr\/wp-json\/wp\/v2\/pages"}],"about":[{"href":"https:\/\/www.sylvie-monthule.com\/fr\/wp-json\/wp\/v2\/types\/page"}],"author":[{"embeddable":true,"href":"https:\/\/www.sylvie-monthule.com\/fr\/wp-json\/wp\/v2\/users\/9379"}],"replies":[{"embeddable":true,"href":"https:\/\/www.sylvie-monthule.com\/fr\/wp-json\/wp\/v2\/comments?post=23949"}],"version-history":[{"count":7,"href":"https:\/\/www.sylvie-monthule.com\/fr\/wp-json\/wp\/v2\/pages\/23949\/revisions"}],"predecessor-version":[{"id":144734,"href":"https:\/\/www.sylvie-monthule.com\/fr\/wp-json\/wp\/v2\/pages\/23949\/revisions\/144734"}],"wp:attachment":[{"href":"https:\/\/www.sylvie-monthule.com\/fr\/wp-json\/wp\/v2\/media?parent=23949"}],"curies":[{"name":"wp","href":"https:\/\/api.w.org\/{rel}","templated":true}]}}