{"id":15756,"date":"2015-03-06T16:00:58","date_gmt":"2015-03-06T15:00:58","guid":{"rendered":"http:\/\/www.sylvie-monthule.com\/?page_id=15756"},"modified":"2024-08-26T07:35:50","modified_gmt":"2024-08-26T06:35:50","slug":"paiement-securise","status":"publish","type":"page","link":"https:\/\/www.sylvie-monthule.com\/fr\/paiement-securise\/","title":{"rendered":"Paiement S\u00e9curis\u00e9"},"content":{"rendered":"<p><img loading=\"lazy\" decoding=\"async\" class=\" size-full wp-image-15758 alignright\" src=\"http:\/\/www.sylvie-monthule.com\/wp-content\/uploads\/2015\/03\/illustration_paiement.jpg\" alt=\"illustration_paiement\" width=\"200\" height=\"135\" \/><\/p>\n<h2>VOS PAIEMENTS PAR CARTE BANCAIRE SONT ENTIEREMENT SECURISES<\/h2>\n<p><strong>PAR LA SOCIETE GENERALE<\/strong><\/p>\n<p><img loading=\"lazy\" decoding=\"async\" class=\" wp-image-133382 alignright\" src=\"https:\/\/www.sylvie-monthule.com\/wp-content\/uploads\/2023\/06\/logo-visa-mastercar-amex-300x63.png\" alt=\"\" width=\"200\" height=\"42\" srcset=\"https:\/\/www.sylvie-monthule.com\/wp-content\/uploads\/2023\/06\/logo-visa-mastercar-amex-300x63.png 300w, https:\/\/www.sylvie-monthule.com\/wp-content\/uploads\/2023\/06\/logo-visa-mastercar-amex-1024x215.png 1024w, https:\/\/www.sylvie-monthule.com\/wp-content\/uploads\/2023\/06\/logo-visa-mastercar-amex-768x162.png 768w, https:\/\/www.sylvie-monthule.com\/wp-content\/uploads\/2023\/06\/logo-visa-mastercar-amex-600x126.png 600w, https:\/\/www.sylvie-monthule.com\/wp-content\/uploads\/2023\/06\/logo-visa-mastercar-amex.png 1236w\" sizes=\"auto, (max-width: 200px) 100vw, 200px\" \/><\/p>\n<p>Nous avons choisi la banque Soci\u00e9t\u00e9 G\u00e9n\u00e9rale pour la s\u00e9curisation et le cryptage de vos informations bancaires. Vos donn\u00e9es bancaires sont enti\u00e8rement crypt\u00e9es et notre soci\u00e9t\u00e9 n&rsquo;y a pas acc\u00e8s. Le syst\u00e8me d&rsquo;authentification \u00ab\u00a03D Secure\u00a0\u00bb vous assure une s\u00e9curit\u00e9 de paiement maximale, en vous envoyant un code par SMS pour s&rsquo;assurer que c&rsquo;est vous qui effectuez un achat sur notre site. Un e-mail vous est ensuite envoy\u00e9 automatiquement pour vous confirmer l&rsquo;acceptation de votre paiement. Les commandes effectu\u00e9es par carte bancaire, sont trait\u00e9es et exp\u00e9di\u00e9es le jour m\u00eame ou le lendemain de leur arriv\u00e9e.<\/p>\n<h2>PAIEMENTS PAR CHEQUE OU VIREMENT<\/h2>\n<p>Vous pouvez choisir de r\u00e9gler par ch\u00e8que ou virement.<br \/>\nUn e-mail vous est envoy\u00e9 automatiquement apr\u00e8s r\u00e9ception de votre commande<br \/>\npour vous confirmer le montant de votre ch\u00e8que \u00e0 nous exp\u00e9dier<br \/>\nou le montant de votre virement \u00e0 effectuer avec nos informations bancaires.<br \/>\nLes commandes effectu\u00e9es par ch\u00e8que ou virement<br \/>\nsont exp\u00e9di\u00e9es \u00e0 r\u00e9ception de votre paiement.<\/p>\n","protected":false},"excerpt":{"rendered":"<p>VOS PAIEMENTS PAR CARTE BANCAIRE SONT ENTIEREMENT SECURISES PAR LA SOCIETE GENERALE Nous avons choisi la banque Soci\u00e9t\u00e9 G\u00e9n\u00e9rale pour la s\u00e9curisation et le cryptage de vos informations bancaires. Vos donn\u00e9es bancaires sont enti\u00e8rement crypt\u00e9es et notre soci\u00e9t\u00e9 n&rsquo;y a pas acc\u00e8s. Le syst\u00e8me d&rsquo;authentification \u00ab\u00a03D Secure\u00a0\u00bb vous assure une s\u00e9curit\u00e9 de paiement maximale, en [&hellip;]<\/p>\n","protected":false},"author":9379,"featured_media":0,"parent":0,"menu_order":0,"comment_status":"closed","ping_status":"closed","template":"","meta":{"_acf_changed":false,"footnotes":""},"class_list":["post-15756","page","type-page","status-publish","hentry"],"acf":[],"_links":{"self":[{"href":"https:\/\/www.sylvie-monthule.com\/fr\/wp-json\/wp\/v2\/pages\/15756","targetHints":{"allow":["GET"]}}],"collection":[{"href":"https:\/\/www.sylvie-monthule.com\/fr\/wp-json\/wp\/v2\/pages"}],"about":[{"href":"https:\/\/www.sylvie-monthule.com\/fr\/wp-json\/wp\/v2\/types\/page"}],"author":[{"embeddable":true,"href":"https:\/\/www.sylvie-monthule.com\/fr\/wp-json\/wp\/v2\/users\/9379"}],"replies":[{"embeddable":true,"href":"https:\/\/www.sylvie-monthule.com\/fr\/wp-json\/wp\/v2\/comments?post=15756"}],"version-history":[{"count":28,"href":"https:\/\/www.sylvie-monthule.com\/fr\/wp-json\/wp\/v2\/pages\/15756\/revisions"}],"predecessor-version":[{"id":141172,"href":"https:\/\/www.sylvie-monthule.com\/fr\/wp-json\/wp\/v2\/pages\/15756\/revisions\/141172"}],"wp:attachment":[{"href":"https:\/\/www.sylvie-monthule.com\/fr\/wp-json\/wp\/v2\/media?parent=15756"}],"curies":[{"name":"wp","href":"https:\/\/api.w.org\/{rel}","templated":true}]}}