{"id":15753,"date":"2015-03-06T15:59:25","date_gmt":"2015-03-06T14:59:25","guid":{"rendered":"http:\/\/www.sylvie-monthule.com\/?page_id=15753"},"modified":"2025-11-05T09:05:30","modified_gmt":"2025-11-05T08:05:30","slug":"livraison-rapide-et-discrete","status":"publish","type":"page","link":"https:\/\/www.sylvie-monthule.com\/fr\/livraison-rapide-et-discrete\/","title":{"rendered":"Livraison rapide et discr\u00e8te"},"content":{"rendered":"<p><span style=\"color: #ff00ff;\"><b>Except\u00e9 pendant les cong\u00e9s que nous affichons sur le site (vacances d&rsquo;\u00e9t\u00e9 et semaine d&rsquo;hiver), vos commandes sont trait\u00e9es en 24 ou 48h et exp\u00e9di\u00e9es dans le monde entier.<\/b><\/span><\/p>\n<p style=\"text-align: left;\"><strong><br \/>\nEXPEDITION EN TOUTE DISCRETION<\/strong><br \/>\n-Aucune mention \u00e0 caract\u00e8re \u00e9rotique, aucune mention de bijouterie, ne figure sur les envois bijoux.<br \/>\n-Aucune mention \u00e0 caract\u00e8re \u00e9rotique, aucune mention d\u2019\u0153uvre d\u2019art ne figure sur les envois dessins ou peintures (originaux ou prints).<br \/>\nCela afin de s\u00e9curiser les exp\u00e9ditions et de respecter votre vie priv\u00e9e.<\/p>\n<p><strong>EMBALLAGES<\/strong><br \/>\n-A l\u2019int\u00e9rieur du colis, vos bijoux sont soigneusement emball\u00e9s dans de jolies bourses de velours noir.<strong>\u00a0<\/strong>Ces \u00e9tuis sont des emballages cadeaux \u00ab\u00a0pr\u00eats \u00e0 offrir\u00a0\u00bb,\u00a0raffin\u00e9s et \u00e9l\u00e9gants.<br \/>\n-Les dessins et peintures (prints et originaux) sont soigneusement emball\u00e9s et prot\u00e9g\u00e9s et livr\u00e9s dans des colis rigides avec leur certificat d\u2019authenticit\u00e9.<\/p>\n<h2 style=\"text-align: left;\"><span style=\"color: #ff00ff;\"><u>1\/ LIVRAISON EN FRANCE &amp; EN SUISSE<\/u><\/span><\/h2>\n<p style=\"text-align: left;\"><strong>Vous pouvez suivre le num\u00e9ro de votre colis sur internet.<\/strong><br \/>\nColissimo suivi France (J+2)<br \/>\nRelais pick-up France (J+2)<br \/>\nColissimo suivi Suisse (7 jours)<br \/>\nDHL France (24h)<\/p>\n<p style=\"text-align: left;\"><img loading=\"lazy\" decoding=\"async\" class=\"alignnone wp-image-45600\" src=\"https:\/\/www.sylvie-monthule.com\/wp-content\/uploads\/2017\/12\/colissimo-300x77.png\" alt=\"\" width=\"150\" height=\"38\" srcset=\"https:\/\/www.sylvie-monthule.com\/wp-content\/uploads\/2017\/12\/colissimo-300x77.png 300w, https:\/\/www.sylvie-monthule.com\/wp-content\/uploads\/2017\/12\/colissimo.png 430w\" sizes=\"auto, (max-width: 150px) 100vw, 150px\" \/><\/p>\n<p><img loading=\"lazy\" decoding=\"async\" class=\"alignnone wp-image-112169\" src=\"https:\/\/www.sylvie-monthule.com\/wp-content\/uploads\/2021\/06\/logo-dhl.jpg\" alt=\"\" width=\"95\" height=\"55\" srcset=\"https:\/\/www.sylvie-monthule.com\/wp-content\/uploads\/2021\/06\/logo-dhl.jpg 1851w, https:\/\/www.sylvie-monthule.com\/wp-content\/uploads\/2021\/06\/logo-dhl-300x173.jpg 300w, https:\/\/www.sylvie-monthule.com\/wp-content\/uploads\/2021\/06\/logo-dhl-768x442.jpg 768w, https:\/\/www.sylvie-monthule.com\/wp-content\/uploads\/2021\/06\/logo-dhl-1024x590.jpg 1024w\" sizes=\"auto, (max-width: 95px) 100vw, 95px\" \/><\/p>\n<h2 style=\"text-align: left;\"><span style=\"color: #ff00ff;\"><u>2\/ LIVRAISON EN EUROPE<\/u>:<\/span><\/h2>\n<p style=\"text-align: left;\"><strong>Vous pouvez suivre le num\u00e9ro de votre colis sur internet.<\/strong><br \/>\nEnvoi en express ou en economic avec DHL<br \/>\nLe d\u00e9lai de livraison varie suivant le pays et la ville de destination.<br \/>\nEn g\u00e9n\u00e9ral entre 24h et 72h<\/p>\n<p style=\"text-align: left;\">\u00a0<img loading=\"lazy\" decoding=\"async\" class=\"alignnone wp-image-112169\" src=\"https:\/\/www.sylvie-monthule.com\/wp-content\/uploads\/2021\/06\/logo-dhl.jpg\" alt=\"\" width=\"95\" height=\"55\" srcset=\"https:\/\/www.sylvie-monthule.com\/wp-content\/uploads\/2021\/06\/logo-dhl.jpg 1851w, https:\/\/www.sylvie-monthule.com\/wp-content\/uploads\/2021\/06\/logo-dhl-300x173.jpg 300w, https:\/\/www.sylvie-monthule.com\/wp-content\/uploads\/2021\/06\/logo-dhl-768x442.jpg 768w, https:\/\/www.sylvie-monthule.com\/wp-content\/uploads\/2021\/06\/logo-dhl-1024x590.jpg 1024w\" sizes=\"auto, (max-width: 95px) 100vw, 95px\" \/><\/p>\n<h2 style=\"text-align: left;\"><span style=\"color: #ff00ff;\"><span style=\"text-decoration: underline;\">3\/ LIVRAISON HORS EUROPE<\/span> :<\/span><\/h2>\n<p style=\"text-align: left;\"><strong>Vous pouvez suivre le num\u00e9ro de votre colis sur internet.<\/strong><br \/>\nEnvoi en express avec DHL<br \/>\nLe d\u00e9lai de livraison varie suivant le pays et la ville de destination.<br \/>\nEn g\u00e9n\u00e9ral entre 24h et 72h<\/p>\n<p><img loading=\"lazy\" decoding=\"async\" class=\"alignnone wp-image-112169\" src=\"https:\/\/www.sylvie-monthule.com\/wp-content\/uploads\/2021\/06\/logo-dhl.jpg\" alt=\"\" width=\"95\" height=\"55\" srcset=\"https:\/\/www.sylvie-monthule.com\/wp-content\/uploads\/2021\/06\/logo-dhl.jpg 1851w, https:\/\/www.sylvie-monthule.com\/wp-content\/uploads\/2021\/06\/logo-dhl-300x173.jpg 300w, https:\/\/www.sylvie-monthule.com\/wp-content\/uploads\/2021\/06\/logo-dhl-768x442.jpg 768w, https:\/\/www.sylvie-monthule.com\/wp-content\/uploads\/2021\/06\/logo-dhl-1024x590.jpg 1024w\" sizes=\"auto, (max-width: 95px) 100vw, 95px\" \/><\/p>\n<h2 style=\"text-align: justify;\"><span style=\"color: #ff00ff;\"><br \/>\nVos coordonn\u00e9es et informations restent confidentielles.<\/span><\/h2>\n<p style=\"text-align: justify;\">Elles ne sont en aucun cas divulgu\u00e9es \u00e0 d\u2019autres entreprises ou \u00e0 des particuliers. C\u2019est un des engagements de Sylvie Monthul\u00e9. Aucun catalogue papier ou publicit\u00e9 ne vous est adress\u00e9 par courrier postal, except\u00e9 sur votre demande \u00e9crite par courrier ou e-mail.<\/p>\n<p style=\"text-align: justify;\">\n<p><span style=\"color: #000000;\"><strong>\u00a0<\/strong><\/span><\/p>\n","protected":false},"excerpt":{"rendered":"<p>Except\u00e9 pendant les cong\u00e9s que nous affichons sur le site (vacances d&rsquo;\u00e9t\u00e9 et semaine d&rsquo;hiver), vos commandes sont trait\u00e9es en 24 ou 48h et exp\u00e9di\u00e9es dans le monde entier. EXPEDITION EN TOUTE DISCRETION -Aucune mention \u00e0 caract\u00e8re \u00e9rotique, aucune mention de bijouterie, ne figure sur les envois bijoux. -Aucune mention \u00e0 caract\u00e8re \u00e9rotique, aucune mention [&hellip;]<\/p>\n","protected":false},"author":9379,"featured_media":0,"parent":0,"menu_order":0,"comment_status":"closed","ping_status":"closed","template":"","meta":{"_acf_changed":false,"footnotes":""},"class_list":["post-15753","page","type-page","status-publish","hentry"],"acf":[],"_links":{"self":[{"href":"https:\/\/www.sylvie-monthule.com\/fr\/wp-json\/wp\/v2\/pages\/15753","targetHints":{"allow":["GET"]}}],"collection":[{"href":"https:\/\/www.sylvie-monthule.com\/fr\/wp-json\/wp\/v2\/pages"}],"about":[{"href":"https:\/\/www.sylvie-monthule.com\/fr\/wp-json\/wp\/v2\/types\/page"}],"author":[{"embeddable":true,"href":"https:\/\/www.sylvie-monthule.com\/fr\/wp-json\/wp\/v2\/users\/9379"}],"replies":[{"embeddable":true,"href":"https:\/\/www.sylvie-monthule.com\/fr\/wp-json\/wp\/v2\/comments?post=15753"}],"version-history":[{"count":116,"href":"https:\/\/www.sylvie-monthule.com\/fr\/wp-json\/wp\/v2\/pages\/15753\/revisions"}],"predecessor-version":[{"id":148498,"href":"https:\/\/www.sylvie-monthule.com\/fr\/wp-json\/wp\/v2\/pages\/15753\/revisions\/148498"}],"wp:attachment":[{"href":"https:\/\/www.sylvie-monthule.com\/fr\/wp-json\/wp\/v2\/media?parent=15753"}],"curies":[{"name":"wp","href":"https:\/\/api.w.org\/{rel}","templated":true}]}}