{"id":15746,"date":"2015-03-06T10:43:58","date_gmt":"2015-03-06T09:43:58","guid":{"rendered":"http:\/\/www.sylvie-monthule.com\/?page_id=15746"},"modified":"2021-04-06T13:14:11","modified_gmt":"2021-04-06T12:14:11","slug":"contact","status":"publish","type":"page","link":"https:\/\/www.sylvie-monthule.com\/fr\/contact\/","title":{"rendered":"Contact"},"content":{"rendered":"<p class=\"romantic\" style=\"text-align: center;\">Vous souhaitez une information pr\u00e9cise?<br \/>\nNous sommes \u00e0 votre disposition.<\/p>\n<p style=\"text-align: center;\">TEL 00 33 1 48 82 44 46<br \/>\nEmail : <a href=\"mailto:contact@sylvie-monthule.com\" target=\"_blank\" rel=\"noopener noreferrer\">contact@sylvie-monthule.com<\/a><\/p>\n<p style=\"text-align: center;\">Notre adresse postale :<\/p>\n<p style=\"text-align: center;\">Ose cr\u00e9ations &#8211; Sylvie Monthul\u00e9<br \/>\n269 Avenue du G\u00e9neral de Gaulle<br \/>\n94500 CHAMPIGNY SUR MARNE &#8211; FRANCE<\/p>\n<p>&nbsp;<\/p>\n<p style=\"text-align: center;\"><img loading=\"lazy\" decoding=\"async\" class=\"alignnone wp-image-15612 cadre\" src=\"https:\/\/www.sylvie-monthule.com\/wp-content\/uploads\/2015\/02\/st146-0-string-eventail-libertin-pompon-or-300x300.jpg\" alt=\"\" width=\"250\" height=\"250\" srcset=\"https:\/\/www.sylvie-monthule.com\/wp-content\/uploads\/2015\/02\/st146-0-string-eventail-libertin-pompon-or-300x300.jpg 300w, https:\/\/www.sylvie-monthule.com\/wp-content\/uploads\/2015\/02\/st146-0-string-eventail-libertin-pompon-or-1024x1024.jpg 1024w, https:\/\/www.sylvie-monthule.com\/wp-content\/uploads\/2015\/02\/st146-0-string-eventail-libertin-pompon-or-150x150.jpg 150w, https:\/\/www.sylvie-monthule.com\/wp-content\/uploads\/2015\/02\/st146-0-string-eventail-libertin-pompon-or-768x768.jpg 768w, https:\/\/www.sylvie-monthule.com\/wp-content\/uploads\/2015\/02\/st146-0-string-eventail-libertin-pompon-or-600x600.jpg 600w, https:\/\/www.sylvie-monthule.com\/wp-content\/uploads\/2015\/02\/st146-0-string-eventail-libertin-pompon-or-100x100.jpg 100w, https:\/\/www.sylvie-monthule.com\/wp-content\/uploads\/2015\/02\/st146-0-string-eventail-libertin-pompon-or.jpg 1400w\" sizes=\"auto, (max-width: 250px) 100vw, 250px\" \/><\/p>\n<p style=\"text-align: center;\">\n","protected":false},"excerpt":{"rendered":"<p>Vous souhaitez une information pr\u00e9cise? Nous sommes \u00e0 votre disposition. TEL 00 33 1 48 82 44 46 Email : contact@sylvie-monthule.com Notre adresse postale : Ose cr\u00e9ations &#8211; Sylvie Monthul\u00e9 269 Avenue du G\u00e9neral de Gaulle 94500 CHAMPIGNY SUR MARNE &#8211; FRANCE &nbsp;<\/p>\n","protected":false},"author":9379,"featured_media":0,"parent":0,"menu_order":0,"comment_status":"closed","ping_status":"closed","template":"","meta":{"_acf_changed":false,"footnotes":""},"class_list":["post-15746","page","type-page","status-publish","hentry"],"acf":[],"_links":{"self":[{"href":"https:\/\/www.sylvie-monthule.com\/fr\/wp-json\/wp\/v2\/pages\/15746","targetHints":{"allow":["GET"]}}],"collection":[{"href":"https:\/\/www.sylvie-monthule.com\/fr\/wp-json\/wp\/v2\/pages"}],"about":[{"href":"https:\/\/www.sylvie-monthule.com\/fr\/wp-json\/wp\/v2\/types\/page"}],"author":[{"embeddable":true,"href":"https:\/\/www.sylvie-monthule.com\/fr\/wp-json\/wp\/v2\/users\/9379"}],"replies":[{"embeddable":true,"href":"https:\/\/www.sylvie-monthule.com\/fr\/wp-json\/wp\/v2\/comments?post=15746"}],"version-history":[{"count":15,"href":"https:\/\/www.sylvie-monthule.com\/fr\/wp-json\/wp\/v2\/pages\/15746\/revisions"}],"predecessor-version":[{"id":108883,"href":"https:\/\/www.sylvie-monthule.com\/fr\/wp-json\/wp\/v2\/pages\/15746\/revisions\/108883"}],"wp:attachment":[{"href":"https:\/\/www.sylvie-monthule.com\/fr\/wp-json\/wp\/v2\/media?parent=15746"}],"curies":[{"name":"wp","href":"https:\/\/api.w.org\/{rel}","templated":true}]}}