{"id":15694,"date":"2015-03-06T08:57:21","date_gmt":"2015-03-06T07:57:21","guid":{"rendered":"http:\/\/www.sylvie-monthule.com\/?page_id=15694"},"modified":"2025-04-30T09:46:34","modified_gmt":"2025-04-30T08:46:34","slug":"la-creatrice","status":"publish","type":"page","link":"https:\/\/www.sylvie-monthule.com\/fr\/la-creatrice\/","title":{"rendered":"La cr\u00e9atrice"},"content":{"rendered":"<div id=\"sm-banner-block_e329ba6709a2f7d0d66db61a52aecc9c\" class=\"block-banner text-left text-bg\" style=\"padding-top:36%; background-image:url('https:\/\/www.sylvie-monthule.com\/wp-content\/uploads\/2022\/03\/13-banniere-cr\u00e9atrice-bijoux-intimes-made-in-france.jpg');\">\n    <div>\n                    <p class=\"text\">\n                Sylvie Monthul\u00e9 cr\u00e9atrice de bijoux intimes            <\/p>\n            <\/div>\n<\/div>\n\n\n\n\n<p class=\"has-text-align-left\"><strong>Sylvie Monthul\u00e9 f\u00eate en 2025 ses 30 ann\u00e9es de collections \u00e9rotiques<\/strong> : 30 ann\u00e9es d&rsquo;esquisses, d&rsquo;id\u00e9es, de r\u00eaves, d&rsquo;envies, pour des bijoux de plaisir. \u00ab\u00a0<strong>Imaginer un bijou intime du d\u00e9but \u00e0 la fin : la premi\u00e8re esquisse, puis les d\u00e9tails, les courbes<\/strong>. Lui donner vie, le modeler, le sculpter, jusqu&rsquo;\u00e0 ce que le corps devienne l&rsquo;\u00e9crin du plaisir.\u00a0\u00bb<\/p>\n\n\n\n<iframe frameborder=\"0\" loading=\"lazy\" id=\"ausha-xtMV\" height=\"220\" style=\"border: none; width:100%; height:220px\" src=\"https:\/\/player.ausha.co\/index.html?podcastId=B4MWghpg66KA&amp;playlist=false&amp;color=%23000000&amp;v=3&amp;playerId=ausha-xtMV\"><\/iframe><script src=\"https:\/\/player.ausha.co\/ausha-player.js\"><\/script>\n\n\n\n<hr class=\"wp-block-separator has-alpha-channel-opacity\"\/>\n\n\n<div class=\"wp-block-image\">\n<figure class=\"aligncenter size-large is-resized\"><img loading=\"lazy\" decoding=\"async\" width=\"960\" height=\"1024\" src=\"https:\/\/www.sylvie-monthule.com\/wp-content\/uploads\/2024\/12\/dessins-collection-bijou-intime-sylvie-monthule-960x1024.jpg\" alt=\"dessin-designer-bijou-corps-made-in-france\" class=\"wp-image-143714\" style=\"width:700px\" srcset=\"https:\/\/www.sylvie-monthule.com\/wp-content\/uploads\/2024\/12\/dessins-collection-bijou-intime-sylvie-monthule-960x1024.jpg 960w, https:\/\/www.sylvie-monthule.com\/wp-content\/uploads\/2024\/12\/dessins-collection-bijou-intime-sylvie-monthule-281x300.jpg 281w, https:\/\/www.sylvie-monthule.com\/wp-content\/uploads\/2024\/12\/dessins-collection-bijou-intime-sylvie-monthule-768x819.jpg 768w, https:\/\/www.sylvie-monthule.com\/wp-content\/uploads\/2024\/12\/dessins-collection-bijou-intime-sylvie-monthule-1440x1536.jpg 1440w, https:\/\/www.sylvie-monthule.com\/wp-content\/uploads\/2024\/12\/dessins-collection-bijou-intime-sylvie-monthule-600x640.jpg 600w, https:\/\/www.sylvie-monthule.com\/wp-content\/uploads\/2024\/12\/dessins-collection-bijou-intime-sylvie-monthule.jpg 1500w\" sizes=\"auto, (max-width: 960px) 100vw, 960px\" \/><\/figure><\/div>\n\n\n<h2 class=\"wp-block-heading has-text-align-center\">Envie de d\u00e9couvrir quelques esquisses<br>de la nouvelle collection ?<\/h2>\n\n\n\n<p>Rendez-vous sur le blog pour d\u00e9couvrir les <a href=\"https:\/\/www.sylvie-monthule.com\/fr\/quelques-esquisses-de-nouveaux-bijoux-intimes\/\">croquis des pi\u00e8ces les plus sexy de la nouvelle collection<\/a> \u00ab\u00a0Quand les bijoux osent&#8230;\u00a0\u00bb. <\/p>\n\n\n\n<hr class=\"wp-block-separator has-alpha-channel-opacity\"\/>\n\n\n<div class=\"wp-block-image is-resized\">\n<figure class=\"aligncenter size-large\"><img loading=\"lazy\" decoding=\"async\" width=\"786\" height=\"1024\" src=\"https:\/\/www.sylvie-monthule.com\/wp-content\/uploads\/2021\/04\/dessin-bijou-erotique-sylvie-monthule-2-786x1024.jpg\" alt=\"esquisse-bijou-sexe-femme\" class=\"wp-image-109566\" style=\"width:750px\" srcset=\"https:\/\/www.sylvie-monthule.com\/wp-content\/uploads\/2021\/04\/dessin-bijou-erotique-sylvie-monthule-2-786x1024.jpg 786w, https:\/\/www.sylvie-monthule.com\/wp-content\/uploads\/2021\/04\/dessin-bijou-erotique-sylvie-monthule-2-230x300.jpg 230w, https:\/\/www.sylvie-monthule.com\/wp-content\/uploads\/2021\/04\/dessin-bijou-erotique-sylvie-monthule-2-768x1000.jpg 768w, https:\/\/www.sylvie-monthule.com\/wp-content\/uploads\/2021\/04\/dessin-bijou-erotique-sylvie-monthule-2.jpg 1536w\" sizes=\"auto, (max-width: 786px) 100vw, 786px\" \/><figcaption class=\"wp-element-caption\"><em>Premi\u00e8res esquisses de la collection le souffle du plaisir<\/em> <\/figcaption><\/figure><\/div>\n\n<div class=\"wp-block-image is-resized\">\n<figure class=\"aligncenter size-large\"><img loading=\"lazy\" decoding=\"async\" width=\"786\" height=\"1024\" src=\"https:\/\/www.sylvie-monthule.com\/wp-content\/uploads\/2021\/04\/dessin-bijou-erotique-sylvie-monthule-3-786x1024.jpg\" alt=\"designer-france-bijou-corps\" class=\"wp-image-109570\" style=\"width:750px\" srcset=\"https:\/\/www.sylvie-monthule.com\/wp-content\/uploads\/2021\/04\/dessin-bijou-erotique-sylvie-monthule-3-786x1024.jpg 786w, https:\/\/www.sylvie-monthule.com\/wp-content\/uploads\/2021\/04\/dessin-bijou-erotique-sylvie-monthule-3-230x300.jpg 230w, https:\/\/www.sylvie-monthule.com\/wp-content\/uploads\/2021\/04\/dessin-bijou-erotique-sylvie-monthule-3-768x1000.jpg 768w, https:\/\/www.sylvie-monthule.com\/wp-content\/uploads\/2021\/04\/dessin-bijou-erotique-sylvie-monthule-3.jpg 1536w\" sizes=\"auto, (max-width: 786px) 100vw, 786px\" \/><figcaption class=\"wp-element-caption\"><em>la naissance du string le baiser d&rsquo;Isis<\/em><\/figcaption><\/figure><\/div>\n\n<div class=\"wp-block-image is-resized\">\n<figure class=\"aligncenter size-large\"><img loading=\"lazy\" decoding=\"async\" width=\"786\" height=\"1024\" src=\"https:\/\/www.sylvie-monthule.com\/wp-content\/uploads\/2021\/04\/drawing-intimate-gem-4-sylvie-monthule-786x1024.jpg\" alt=\"creation-bijou-penis-sexe\" class=\"wp-image-109574\" style=\"width:750px\" srcset=\"https:\/\/www.sylvie-monthule.com\/wp-content\/uploads\/2021\/04\/drawing-intimate-gem-4-sylvie-monthule-786x1024.jpg 786w, https:\/\/www.sylvie-monthule.com\/wp-content\/uploads\/2021\/04\/drawing-intimate-gem-4-sylvie-monthule-230x300.jpg 230w, https:\/\/www.sylvie-monthule.com\/wp-content\/uploads\/2021\/04\/drawing-intimate-gem-4-sylvie-monthule-768x1000.jpg 768w, https:\/\/www.sylvie-monthule.com\/wp-content\/uploads\/2021\/04\/drawing-intimate-gem-4-sylvie-monthule.jpg 1536w\" sizes=\"auto, (max-width: 786px) 100vw, 786px\" \/><figcaption class=\"wp-element-caption\"><em>les \u00e9tapes de fabrication du bijou sexe cobra<\/em><\/figcaption><\/figure><\/div>\n\n\n<h2 class=\"wp-block-heading\"><strong>Presque 30 ans de cr\u00e9ations \u00e9rotiques !<\/strong><\/h2>\n\n\n\n<p>L&rsquo;\u00e9rotisme, le plaisir, sont comme une philosophie, une mani\u00e8re de penser et de vivre. Un bijou intime doit \u00eatre un peu comme un livre \u00e9rotique : il doit nous transporter ailleurs, raconter une histoire, faire du bien au corps et \u00e0 l&rsquo;\u00e2me. <strong>Quand j&rsquo;imagine un nouveau bijou \u00e9rotique, je veux qu&rsquo;il soit unique, qu&rsquo;il raconte une histoire, qu&rsquo;on ai envie de le toucher, de l&rsquo;admirer, de le porter pour en d\u00e9couvrir toutes les volupt\u00e9s, toutes les nuances du plaisir !<\/strong> <\/p>\n\n\n\n<p>Je me refuse \u00e0 \u00ab\u00a0produire\u00a0\u00bb des pi\u00e8ces sans \u00e2me, dans l&rsquo;unique but de la facilit\u00e9 ou du profit. Cela ne m&rsquo;int\u00e9resse pas ! <strong>Le corps est un outil merveilleux que l&rsquo;on oublie parfois de caresser, d&rsquo;aimer et qui a besoin d&rsquo;\u00eatre \u00e9cout\u00e9, surpris, courtis\u00e9, provoqu\u00e9 !<\/strong> Un bijou de corps ou de sexe subtilement choisi, par celui ou celle qu&rsquo;on aime ou par nous m\u00eames, entrouvrira la porte de notre imagination, enflammera nos d\u00e9sirs, attisera nos fantasmes et nos r\u00eaves \u00e9rotiques et nous invitera \u00e0 nous abandonner \u00e0 ce pourquoi il a \u00e9t\u00e9 cr\u00e9\u00e9 : l&rsquo;ivresse du plaisir !<\/p>\n\n\n<div class=\"wp-block-image is-resized\">\n<figure class=\"aligncenter size-large\"><img loading=\"lazy\" decoding=\"async\" width=\"786\" height=\"1024\" src=\"https:\/\/www.sylvie-monthule.com\/wp-content\/uploads\/2021\/04\/sketch-body-jewelry-5-sylvie-monthule-786x1024.jpg\" alt=\"design-string-sexy-bijou-femme\" class=\"wp-image-109582\" style=\"width:750px\" srcset=\"https:\/\/www.sylvie-monthule.com\/wp-content\/uploads\/2021\/04\/sketch-body-jewelry-5-sylvie-monthule-786x1024.jpg 786w, https:\/\/www.sylvie-monthule.com\/wp-content\/uploads\/2021\/04\/sketch-body-jewelry-5-sylvie-monthule-230x300.jpg 230w, https:\/\/www.sylvie-monthule.com\/wp-content\/uploads\/2021\/04\/sketch-body-jewelry-5-sylvie-monthule-768x1000.jpg 768w, https:\/\/www.sylvie-monthule.com\/wp-content\/uploads\/2021\/04\/sketch-body-jewelry-5-sylvie-monthule.jpg 1536w\" sizes=\"auto, (max-width: 786px) 100vw, 786px\" \/><figcaption class=\"wp-element-caption\"><em>R\u00e9alisation du string papillon vertige des sens<\/em><\/figcaption><\/figure><\/div>\n\n<div class=\"wp-block-image is-resized\">\n<figure class=\"aligncenter size-large\"><img loading=\"lazy\" decoding=\"async\" width=\"786\" height=\"1024\" src=\"https:\/\/www.sylvie-monthule.com\/wp-content\/uploads\/2021\/04\/Zeichnung-Juwel-Sex-6-sylvie-monthule-786x1024.jpg\" alt=\"etape-creation-bijou-sexuel\" class=\"wp-image-109586\" style=\"width:750px\" srcset=\"https:\/\/www.sylvie-monthule.com\/wp-content\/uploads\/2021\/04\/Zeichnung-Juwel-Sex-6-sylvie-monthule-786x1024.jpg 786w, https:\/\/www.sylvie-monthule.com\/wp-content\/uploads\/2021\/04\/Zeichnung-Juwel-Sex-6-sylvie-monthule-230x300.jpg 230w, https:\/\/www.sylvie-monthule.com\/wp-content\/uploads\/2021\/04\/Zeichnung-Juwel-Sex-6-sylvie-monthule-768x1000.jpg 768w, https:\/\/www.sylvie-monthule.com\/wp-content\/uploads\/2021\/04\/Zeichnung-Juwel-Sex-6-sylvie-monthule.jpg 1536w\" sizes=\"auto, (max-width: 786px) 100vw, 786px\" \/><\/figure><\/div>\n\n\n<p><strong><\/strong><\/p>\n\n\n\n<h2 class=\"wp-block-heading\"><strong>La marque Sylvie Monthul\u00e9, un savoir faire Fran\u00e7ais et une passion !&nbsp;<\/strong><\/h2>\n\n\n\n<p>Sylvie Monthul\u00e9 imagine, dessine chaque bijou. Une maquette est ensuite r\u00e9alis\u00e9e par son \u00e9quipe dans ses ateliers. En m\u00e9tal ou en cire perdue, cette pr\u00e9cieuse maquette, qui repr\u00e9sente des heures de travail et de finition, servira ensuite \u00e0 la fabrication du bijou.&nbsp;<strong>Toutes les \u00e9tapes de la fabrication sont r\u00e9alis\u00e9es en France ; maquette, fonte, traitement de surface du bijou avec le placage final de l&rsquo;or ou de l&rsquo;argent&#8230; <\/strong>L&rsquo;\u00e9quipe de Sylvie g\u00e8re le montage, l&rsquo;assemblage, la pr\u00e9paration de la&nbsp;commande que vous avez pass\u00e9 sur son site, du d\u00e9but \u00e0 la fin. <\/p>\n\n\n\n<p>Votre bijou sera soigneusement gliss\u00e9 dans son \u00e9tui de velours avant d&rsquo;\u00eatre enfin exp\u00e9di\u00e9. \u00ab\u00a0Nous ne sommes pas des industriels, ni de simples vendeurs. Bien au contraire, <strong>nous tenons \u00e0&nbsp;conserver ce cot\u00e9 \u00ab\u00a0artisanal et unique\u00a0\u00bb, nous sommes fiers de notre travail et de nos bijoux&nbsp;\u00e9rotiques \u00ab\u00a0Made in France\u00a0\u00bb<\/strong>, parce que nous&nbsp;cr\u00e9ons du plaisir,&nbsp;de la volupt\u00e9 ! Nous pr\u00e9sentons sur notre site nos propres cr\u00e9ations et chaque personne qui ach\u00e8te un de nos bijoux&nbsp;sait qu&rsquo;elle peut nous contacter pour un renseignement, un conseil, \u00e0 tout moment !<\/p>\n\n\n\n<p class=\"has-text-align-center\"><\/p>\n","protected":false},"excerpt":{"rendered":"<p>Sylvie Monthul\u00e9 f\u00eate en 2025 ses 30 ann\u00e9es de collections \u00e9rotiques : 30 ann\u00e9es d&rsquo;esquisses, d&rsquo;id\u00e9es, de r\u00eaves, d&rsquo;envies, pour des bijoux de plaisir. \u00ab\u00a0Imaginer un bijou intime du d\u00e9but \u00e0 la fin : la premi\u00e8re esquisse, puis les d\u00e9tails, les courbes. Lui donner vie, le modeler, le sculpter, jusqu&rsquo;\u00e0 ce que le corps devienne [&hellip;]<\/p>\n","protected":false},"author":9379,"featured_media":0,"parent":0,"menu_order":0,"comment_status":"closed","ping_status":"closed","template":"","meta":{"_acf_changed":false,"footnotes":""},"class_list":["post-15694","page","type-page","status-publish","hentry"],"acf":[],"_links":{"self":[{"href":"https:\/\/www.sylvie-monthule.com\/fr\/wp-json\/wp\/v2\/pages\/15694","targetHints":{"allow":["GET"]}}],"collection":[{"href":"https:\/\/www.sylvie-monthule.com\/fr\/wp-json\/wp\/v2\/pages"}],"about":[{"href":"https:\/\/www.sylvie-monthule.com\/fr\/wp-json\/wp\/v2\/types\/page"}],"author":[{"embeddable":true,"href":"https:\/\/www.sylvie-monthule.com\/fr\/wp-json\/wp\/v2\/users\/9379"}],"replies":[{"embeddable":true,"href":"https:\/\/www.sylvie-monthule.com\/fr\/wp-json\/wp\/v2\/comments?post=15694"}],"version-history":[{"count":188,"href":"https:\/\/www.sylvie-monthule.com\/fr\/wp-json\/wp\/v2\/pages\/15694\/revisions"}],"predecessor-version":[{"id":145983,"href":"https:\/\/www.sylvie-monthule.com\/fr\/wp-json\/wp\/v2\/pages\/15694\/revisions\/145983"}],"wp:attachment":[{"href":"https:\/\/www.sylvie-monthule.com\/fr\/wp-json\/wp\/v2\/media?parent=15694"}],"curies":[{"name":"wp","href":"https:\/\/api.w.org\/{rel}","templated":true}]}}